{"id":19290,"date":"2024-07-16T10:08:05","date_gmt":"2024-07-16T08:08:05","guid":{"rendered":"https:\/\/europower.skilly.me\/pravni-stranky\/zasady-ochrany-osobnich-udaju\/"},"modified":"2024-11-03T20:54:59","modified_gmt":"2024-11-03T19:54:59","slug":"zasady-ochrany-osobnich-udaju","status":"publish","type":"page","link":"https:\/\/europower-parts.cz\/cs\/pravni-stranky\/zasady-ochrany-osobnich-udaju\/","title":{"rendered":"Z\u00e1sady ochrany osobn\u00edch \u00fadaj\u016f"},"content":{"rendered":"\t\t<div data-elementor-type=\"wp-page\" data-elementor-id=\"19290\" class=\"elementor elementor-19290 elementor-3\" data-elementor-post-type=\"page\">\n\t\t\t\t<div class=\"elementor-element elementor-element-1a60bf4d e-flex e-con-boxed e-con e-parent\" data-id=\"1a60bf4d\" data-element_type=\"container\" data-e-type=\"container\">\n\t\t\t\t\t<div class=\"e-con-inner\">\n\t\t\t\t<div class=\"elementor-element elementor-element-dca96e5 elementor-widget elementor-widget-text-editor\" data-id=\"dca96e5\" data-element_type=\"widget\" data-e-type=\"widget\" data-widget_type=\"text-editor.default\">\n\t\t\t\t<div class=\"elementor-widget-container\">\n\t\t\t\t\t\t\t\t\t<h3>Kdo jsme<\/h3>\n<p>Na\u0161e webov\u00e1 adresa je: https: <a href=\"https:\/\/europower-parts.cz\">\/\/europower-parts.cz<\/a><\/p>\n\n<h3>Koment\u00e1\u0159e<\/h3>\n<p>Kdy\u017e n\u00e1v\u0161t\u011bvn\u00edk nap\u00ed\u0161e koment\u00e1\u0159 na t\u011bchto str\u00e1nk\u00e1ch, shroma\u017e\u010fuj\u00ed se informace zobrazen\u00e9 ve formul\u00e1\u0159i koment\u00e1\u0159e, IP adresa n\u00e1v\u0161t\u011bvn\u00edka a \u0159et\u011bzec user agent definuj\u00edc\u00ed prohl\u00ed\u017ee\u010d, co\u017e pom\u00e1h\u00e1 odhalit spam.<\/p>\n<p>Slu\u017eb\u011b Gravatar m\u016f\u017ee b\u00fdt poskytnut anonymn\u00ed \u0159et\u011bzec vytvo\u0159en\u00fd z va\u0161\u00ed e-mailov\u00e9 adresy (naz\u00fdvan\u00fd tak\u00e9 hash), kter\u00fd lze pou\u017e\u00edt k ur\u010den\u00ed, zda slu\u017ebu pou\u017e\u00edv\u00e1te. Z\u00e1sady ochrany osobn\u00edch \u00fadaj\u016f spole\u010dnosti Gravatar jsou k dispozici zde: <a href=\"https:\/\/automattic.com\/privacy\/\">https:\/\/automattic.com\/privacy\/.<\/a> Jakmile je v\u00e1\u0161 koment\u00e1\u0159 schv\u00e1len, je v\u00e1\u0161 profilov\u00fd obr\u00e1zek viditeln\u00fd pro ve\u0159ejnost v kontextu va\u0161eho koment\u00e1\u0159e.  <\/p>\n\n<h3>M\u00e9dia<\/h3>\n<p>Pokud na tento web nahr\u00e1v\u00e1te sn\u00edmky, m\u011bli byste se vyhnout nahr\u00e1v\u00e1n\u00ed sn\u00edmk\u016f s vlo\u017een\u00fdmi \u00fadaji o poloze (EXIF GPS). N\u00e1v\u0161t\u011bvn\u00edci webu si mohou st\u00e1hnout a zobrazit libovoln\u00e9 \u00fadaje o poloze ze sn\u00edmk\u016f na webu. <\/p>\n\n<h3>Soubory cookie<\/h3>\n<p>Pokud na na\u0161ich str\u00e1nk\u00e1ch nap\u00ed\u0161ete koment\u00e1\u0159, m\u016f\u017eete povolit, aby se va\u0161e jm\u00e9no, e-mailov\u00e1 adresa a webov\u00e1 str\u00e1nka ukl\u00e1daly do soubor\u016f cookie. T\u00edmto zp\u016fsobem se sna\u017e\u00edme zv\u00fd\u0161it va\u0161e pohodl\u00ed, p\u0159i vkl\u00e1d\u00e1n\u00ed nov\u00e9ho koment\u00e1\u0159e pak nebudete muset tyto \u00fadaje vypl\u0148ovat znovu. Tyto soubory cookie budou m\u00edt \u017eivotnost jeden rok.  <\/p>\n<p>Pokud nav\u0161t\u00edv\u00edte na\u0161i p\u0159ihla\u0161ovac\u00ed str\u00e1nku, nastav\u00edme do\u010dasn\u00e9 soubory cookie, abychom ov\u011b\u0159ili, zda v\u00e1\u0161 prohl\u00ed\u017ee\u010d soubory cookie p\u0159ij\u00edm\u00e1. Tento soubor cookie neobsahuje \u017e\u00e1dn\u00e9 osobn\u00ed \u00fadaje a po zav\u0159en\u00ed prohl\u00ed\u017ee\u010de bude odstran\u011bn. <\/p>\n<p>P\u0159i p\u0159ihla\u0161ov\u00e1n\u00ed nastav\u00edme tak\u00e9 n\u011bkolik soubor\u016f cookie pro ulo\u017een\u00ed va\u0161ich p\u0159ihla\u0161ovac\u00edch \u00fadaj\u016f a pro nastaven\u00ed zobrazen\u00ed obrazovky. Soubory cookie pro p\u0159ihl\u00e1\u0161en\u00ed maj\u00ed \u017eivotnost dva dny a soubory cookie pro nastaven\u00ed zobrazen\u00ed maj\u00ed \u017eivotnost jeden rok. Pokud potvrd\u00edte mo\u017enost &#8220;Zapamatovat si m\u011b&#8221;, va\u0161e p\u0159ihl\u00e1\u0161en\u00ed bude trvat dva t\u00fddny. Pokud se z \u00fa\u010dtu odhl\u00e1s\u00edte, p\u0159ihla\u0161ovac\u00ed soubory cookie budou odstran\u011bny.   <\/p>\n<p>Pokud \u010dl\u00e1nek uprav\u00edte nebo zve\u0159ejn\u00edte, ulo\u017e\u00ed se do va\u0161eho prohl\u00ed\u017ee\u010de dal\u0161\u00ed soubor cookie. Tento soubor cookie neobsahuje \u017e\u00e1dn\u00e9 osobn\u00ed \u00fadaje a pouze ozna\u010duje ID p\u0159\u00edsp\u011bvku, kter\u00fd jste pr\u00e1v\u011b upravili. Jeho platnost vypr\u0161\u00ed po 1 dni.  <\/p>\n\n<h3>Vlo\u017een\u00fd obsah z jin\u00fdch webov\u00fdch str\u00e1nek<\/h3>\n<p>P\u0159\u00edsp\u011bvky na tomto webu mohou obsahovat vlo\u017een\u00fd obsah (nap\u0159\u00edklad videa, obr\u00e1zky, \u010dl\u00e1nky atd.). Vlo\u017een\u00fd obsah z jin\u00fdch webov\u00fdch str\u00e1nek se chov\u00e1 stejn\u011b, jako kdyby n\u00e1v\u0161t\u011bvn\u00edk nav\u0161t\u00edvil jinou webovou str\u00e1nku. <\/p>\n<p>Tyto webov\u00e9 str\u00e1nky mohou shroma\u017e\u010fovat \u00fadaje o v\u00e1s, pou\u017e\u00edvat soubory cookie, vkl\u00e1dat dal\u0161\u00ed sledov\u00e1n\u00ed od t\u0159et\u00edch stran a sledovat va\u0161i interakci s t\u00edmto vlo\u017een\u00fdm obsahem, v\u010detn\u011b sledov\u00e1n\u00ed va\u0161\u00ed interakce s vlo\u017een\u00fdm obsahem, pokud m\u00e1te \u00fa\u010det a jste p\u0159ihl\u00e1\u0161eni k dan\u00e9 webov\u00e9 str\u00e1nce.<\/p>\n\n<h3>S k\u00fdm sd\u00edl\u00edme va\u0161e informace<\/h3>\n<p>Pokud po\u017e\u00e1d\u00e1te o obnoven\u00ed hesla, bude va\u0161e IP adresa uvedena v e-mailu o obnoven\u00ed hesla.<\/p>\n\n<h3>Jak dlouho uchov\u00e1v\u00e1me va\u0161e \u00fadaje<\/h3>\n<p>Pokud zve\u0159ejn\u00edte koment\u00e1\u0159, koment\u00e1\u0159 a jeho metadata budou uchov\u00e1v\u00e1ny po neomezenou dobu. \u00dadaje se uchov\u00e1vaj\u00ed za \u00fa\u010delem automatick\u00e9ho rozpozn\u00e1n\u00ed a schv\u00e1len\u00ed v\u0161ech n\u00e1sleduj\u00edc\u00edch koment\u00e1\u0159\u016f, m\u00edsto aby byly uchov\u00e1v\u00e1ny ve front\u011b moder\u00e1tor\u016f. <\/p>\n<p>U u\u017eivatel\u016f, kte\u0159\u00ed se na t\u011bchto str\u00e1nk\u00e1ch zaregistruj\u00ed (pokud maj\u00ed tuto mo\u017enost), ukl\u00e1d\u00e1me osobn\u00ed \u00fadaje, kter\u00e9 n\u00e1m poskytnou, tak\u00e9 v jejich u\u017eivatelsk\u00e9m profilu. V\u0161ichni u\u017eivatel\u00e9 mohou sv\u00e9 osobn\u00ed \u00fadaje kdykoli zobrazit, upravit nebo smazat (krom\u011b toho, \u017ee nemohou zm\u011bnit sv\u00e9 u\u017eivatelsk\u00e9 jm\u00e9no). Spr\u00e1vci webu mohou tyto \u00fadaje tak\u00e9 prohl\u00ed\u017eet a upravovat.  <\/p>\n\n<h3>Jak\u00e1 m\u00e1te pr\u00e1va?<\/h3>\n<p>Pokud m\u00e1te na t\u011bchto str\u00e1nk\u00e1ch \u00fa\u010det nebo jste zde zve\u0159ejnili koment\u00e1\u0159e, m\u016f\u017eete po\u017e\u00e1dat o export souboru s osobn\u00edmi \u00fadaji, kter\u00e9 o v\u00e1s uchov\u00e1v\u00e1me, v\u010detn\u011b v\u0161ech informac\u00ed, kter\u00e9 jste n\u00e1m poskytli. M\u016f\u017eete tak\u00e9 po\u017e\u00e1dat o odstran\u011bn\u00ed v\u0161ech osobn\u00edch \u00fadaj\u016f, kter\u00e9 o v\u00e1s uchov\u00e1v\u00e1me. Tato mo\u017enost se net\u00fdk\u00e1 \u00fadaj\u016f, kter\u00e9 jsme povinni uchov\u00e1vat z administrativn\u00edch, pr\u00e1vn\u00edch nebo bezpe\u010dnostn\u00edch d\u016fvod\u016f.  <\/p>\n\n<h3>Kam jsou va\u0161e \u00fadaje odes\u00edl\u00e1ny<\/h3>\n<p>Koment\u00e1\u0159e n\u00e1v\u0161t\u011bvn\u00edk\u016f mohou b\u00fdt kontrolov\u00e1ny prost\u0159ednictv\u00edm automatick\u00e9 slu\u017eby pro detekci spamu, kter\u00e1 m\u016f\u017ee b\u00fdt um\u00edst\u011bna v zahrani\u010d\u00ed.<\/p>\n\t\t\t\t\t\t\t\t<\/div>\n\t\t\t\t<\/div>\n\t\t\t\t\t<\/div>\n\t\t\t\t<\/div>\n\t\t\t\t<\/div>\n\t\t","protected":false},"excerpt":{"rendered":"<p>Kdo jsme Na\u0161e webov\u00e1 adresa je: https: \/\/europower-parts.cz Koment\u00e1\u0159e Kdy\u017e n\u00e1v\u0161t\u011bvn\u00edk nap\u00ed\u0161e koment\u00e1\u0159 na t\u011bchto str\u00e1nk\u00e1ch, shroma\u017e\u010fuj\u00ed se informace zobrazen\u00e9 ve formul\u00e1\u0159i koment\u00e1\u0159e, IP adresa n\u00e1v\u0161t\u011bvn\u00edka a \u0159et\u011bzec user agent definuj\u00edc\u00ed prohl\u00ed\u017ee\u010d, co\u017e pom\u00e1h\u00e1 odhalit spam. Slu\u017eb\u011b Gravatar m\u016f\u017ee b\u00fdt poskytnut anonymn\u00ed \u0159et\u011bzec vytvo\u0159en\u00fd z va\u0161\u00ed e-mailov\u00e9 adresy (naz\u00fdvan\u00fd tak\u00e9 hash), kter\u00fd lze pou\u017e\u00edt k [&hellip;]<\/p>\n","protected":false},"author":1,"featured_media":0,"parent":18979,"menu_order":0,"comment_status":"closed","ping_status":"closed","template":"","meta":{"footnotes":""},"class_list":["post-19290","page","type-page","status-publish","hentry"],"yoast_head":"<!-- This site is optimized with the Yoast SEO plugin v27.5 - https:\/\/yoast.com\/product\/yoast-seo-wordpress\/ -->\n<title>Z\u00e1sady ochrany osobn\u00edch \u00fadaj\u016f - Europower Parts<\/title>\n<meta name=\"robots\" content=\"index, follow, max-snippet:-1, max-image-preview:large, max-video-preview:-1\" \/>\n<link rel=\"canonical\" href=\"https:\/\/europower-parts.cz\/cs\/pravni-stranky\/zasady-ochrany-osobnich-udaju\/\" \/>\n<meta property=\"og:locale\" content=\"cs_CZ\" \/>\n<meta property=\"og:type\" content=\"article\" \/>\n<meta property=\"og:title\" content=\"Z\u00e1sady ochrany osobn\u00edch \u00fadaj\u016f - Europower Parts\" \/>\n<meta property=\"og:description\" content=\"Kdo jsme Na\u0161e webov\u00e1 adresa je: https: \/\/europower-parts.cz Koment\u00e1\u0159e Kdy\u017e n\u00e1v\u0161t\u011bvn\u00edk nap\u00ed\u0161e koment\u00e1\u0159 na t\u011bchto str\u00e1nk\u00e1ch, shroma\u017e\u010fuj\u00ed se informace zobrazen\u00e9 ve formul\u00e1\u0159i koment\u00e1\u0159e, IP adresa n\u00e1v\u0161t\u011bvn\u00edka a \u0159et\u011bzec user agent definuj\u00edc\u00ed prohl\u00ed\u017ee\u010d, co\u017e pom\u00e1h\u00e1 odhalit spam. Slu\u017eb\u011b Gravatar m\u016f\u017ee b\u00fdt poskytnut anonymn\u00ed \u0159et\u011bzec vytvo\u0159en\u00fd z va\u0161\u00ed e-mailov\u00e9 adresy (naz\u00fdvan\u00fd tak\u00e9 hash), kter\u00fd lze pou\u017e\u00edt k [&hellip;]\" \/>\n<meta property=\"og:url\" content=\"https:\/\/europower-parts.cz\/cs\/pravni-stranky\/zasady-ochrany-osobnich-udaju\/\" \/>\n<meta property=\"og:site_name\" content=\"Europower Parts\" \/>\n<meta property=\"article:modified_time\" content=\"2024-11-03T19:54:59+00:00\" \/>\n<meta name=\"twitter:card\" content=\"summary_large_image\" \/>\n<meta name=\"twitter:label1\" content=\"Odhadovan\u00e1 doba \u010dten\u00ed\" \/>\n\t<meta name=\"twitter:data1\" content=\"4 minuty\" \/>\n<script type=\"application\/ld+json\" class=\"yoast-schema-graph\">{\"@context\":\"https:\\\/\\\/schema.org\",\"@graph\":[{\"@type\":\"WebPage\",\"@id\":\"https:\\\/\\\/europower-parts.cz\\\/cs\\\/pravni-stranky\\\/zasady-ochrany-osobnich-udaju\\\/\",\"url\":\"https:\\\/\\\/europower-parts.cz\\\/cs\\\/pravni-stranky\\\/zasady-ochrany-osobnich-udaju\\\/\",\"name\":\"Z\u00e1sady ochrany osobn\u00edch \u00fadaj\u016f - Europower Parts\",\"isPartOf\":{\"@id\":\"https:\\\/\\\/europower-parts.cz\\\/#website\"},\"datePublished\":\"2024-07-16T08:08:05+00:00\",\"dateModified\":\"2024-11-03T19:54:59+00:00\",\"breadcrumb\":{\"@id\":\"https:\\\/\\\/europower-parts.cz\\\/cs\\\/pravni-stranky\\\/zasady-ochrany-osobnich-udaju\\\/#breadcrumb\"},\"inLanguage\":\"cs\",\"potentialAction\":[{\"@type\":\"ReadAction\",\"target\":[\"https:\\\/\\\/europower-parts.cz\\\/cs\\\/pravni-stranky\\\/zasady-ochrany-osobnich-udaju\\\/\"]}]},{\"@type\":\"BreadcrumbList\",\"@id\":\"https:\\\/\\\/europower-parts.cz\\\/cs\\\/pravni-stranky\\\/zasady-ochrany-osobnich-udaju\\\/#breadcrumb\",\"itemListElement\":[{\"@type\":\"ListItem\",\"position\":1,\"name\":\"Home\",\"item\":\"https:\\\/\\\/europower-parts.cz\\\/cs\\\/\"},{\"@type\":\"ListItem\",\"position\":2,\"name\":\"Pr\u00e1vn\u00ed str\u00e1nky\",\"item\":\"https:\\\/\\\/europower-parts.cz\\\/cs\\\/pravni-stranky\\\/\"},{\"@type\":\"ListItem\",\"position\":3,\"name\":\"Z\u00e1sady ochrany osobn\u00edch \u00fadaj\u016f\"}]},{\"@type\":\"WebSite\",\"@id\":\"https:\\\/\\\/europower-parts.cz\\\/#website\",\"url\":\"https:\\\/\\\/europower-parts.cz\\\/\",\"name\":\"Europower Parts\",\"description\":\"\",\"publisher\":{\"@id\":\"https:\\\/\\\/europower-parts.cz\\\/#organization\"},\"potentialAction\":[{\"@type\":\"SearchAction\",\"target\":{\"@type\":\"EntryPoint\",\"urlTemplate\":\"https:\\\/\\\/europower-parts.cz\\\/?s={search_term_string}\"},\"query-input\":{\"@type\":\"PropertyValueSpecification\",\"valueRequired\":true,\"valueName\":\"search_term_string\"}}],\"inLanguage\":\"cs\"},{\"@type\":\"Organization\",\"@id\":\"https:\\\/\\\/europower-parts.cz\\\/#organization\",\"name\":\"Europower Industries s.r.o.\",\"url\":\"https:\\\/\\\/europower-parts.cz\\\/\",\"logo\":{\"@type\":\"ImageObject\",\"inLanguage\":\"cs\",\"@id\":\"https:\\\/\\\/europower-parts.cz\\\/#\\\/schema\\\/logo\\\/image\\\/\",\"url\":\"https:\\\/\\\/europower-parts.cz\\\/wp-content\\\/uploads\\\/2024\\\/09\\\/europower-logo.svg\",\"contentUrl\":\"https:\\\/\\\/europower-parts.cz\\\/wp-content\\\/uploads\\\/2024\\\/09\\\/europower-logo.svg\",\"caption\":\"Europower Industries s.r.o.\"},\"image\":{\"@id\":\"https:\\\/\\\/europower-parts.cz\\\/#\\\/schema\\\/logo\\\/image\\\/\"}}]}<\/script>\n<!-- \/ Yoast SEO plugin. -->","yoast_head_json":{"title":"Z\u00e1sady ochrany osobn\u00edch \u00fadaj\u016f - Europower Parts","robots":{"index":"index","follow":"follow","max-snippet":"max-snippet:-1","max-image-preview":"max-image-preview:large","max-video-preview":"max-video-preview:-1"},"canonical":"https:\/\/europower-parts.cz\/cs\/pravni-stranky\/zasady-ochrany-osobnich-udaju\/","og_locale":"cs_CZ","og_type":"article","og_title":"Z\u00e1sady ochrany osobn\u00edch \u00fadaj\u016f - Europower Parts","og_description":"Kdo jsme Na\u0161e webov\u00e1 adresa je: https: \/\/europower-parts.cz Koment\u00e1\u0159e Kdy\u017e n\u00e1v\u0161t\u011bvn\u00edk nap\u00ed\u0161e koment\u00e1\u0159 na t\u011bchto str\u00e1nk\u00e1ch, shroma\u017e\u010fuj\u00ed se informace zobrazen\u00e9 ve formul\u00e1\u0159i koment\u00e1\u0159e, IP adresa n\u00e1v\u0161t\u011bvn\u00edka a \u0159et\u011bzec user agent definuj\u00edc\u00ed prohl\u00ed\u017ee\u010d, co\u017e pom\u00e1h\u00e1 odhalit spam. Slu\u017eb\u011b Gravatar m\u016f\u017ee b\u00fdt poskytnut anonymn\u00ed \u0159et\u011bzec vytvo\u0159en\u00fd z va\u0161\u00ed e-mailov\u00e9 adresy (naz\u00fdvan\u00fd tak\u00e9 hash), kter\u00fd lze pou\u017e\u00edt k [&hellip;]","og_url":"https:\/\/europower-parts.cz\/cs\/pravni-stranky\/zasady-ochrany-osobnich-udaju\/","og_site_name":"Europower Parts","article_modified_time":"2024-11-03T19:54:59+00:00","twitter_card":"summary_large_image","twitter_misc":{"Odhadovan\u00e1 doba \u010dten\u00ed":"4 minuty"},"schema":{"@context":"https:\/\/schema.org","@graph":[{"@type":"WebPage","@id":"https:\/\/europower-parts.cz\/cs\/pravni-stranky\/zasady-ochrany-osobnich-udaju\/","url":"https:\/\/europower-parts.cz\/cs\/pravni-stranky\/zasady-ochrany-osobnich-udaju\/","name":"Z\u00e1sady ochrany osobn\u00edch \u00fadaj\u016f - Europower Parts","isPartOf":{"@id":"https:\/\/europower-parts.cz\/#website"},"datePublished":"2024-07-16T08:08:05+00:00","dateModified":"2024-11-03T19:54:59+00:00","breadcrumb":{"@id":"https:\/\/europower-parts.cz\/cs\/pravni-stranky\/zasady-ochrany-osobnich-udaju\/#breadcrumb"},"inLanguage":"cs","potentialAction":[{"@type":"ReadAction","target":["https:\/\/europower-parts.cz\/cs\/pravni-stranky\/zasady-ochrany-osobnich-udaju\/"]}]},{"@type":"BreadcrumbList","@id":"https:\/\/europower-parts.cz\/cs\/pravni-stranky\/zasady-ochrany-osobnich-udaju\/#breadcrumb","itemListElement":[{"@type":"ListItem","position":1,"name":"Home","item":"https:\/\/europower-parts.cz\/cs\/"},{"@type":"ListItem","position":2,"name":"Pr\u00e1vn\u00ed str\u00e1nky","item":"https:\/\/europower-parts.cz\/cs\/pravni-stranky\/"},{"@type":"ListItem","position":3,"name":"Z\u00e1sady ochrany osobn\u00edch \u00fadaj\u016f"}]},{"@type":"WebSite","@id":"https:\/\/europower-parts.cz\/#website","url":"https:\/\/europower-parts.cz\/","name":"Europower Parts","description":"","publisher":{"@id":"https:\/\/europower-parts.cz\/#organization"},"potentialAction":[{"@type":"SearchAction","target":{"@type":"EntryPoint","urlTemplate":"https:\/\/europower-parts.cz\/?s={search_term_string}"},"query-input":{"@type":"PropertyValueSpecification","valueRequired":true,"valueName":"search_term_string"}}],"inLanguage":"cs"},{"@type":"Organization","@id":"https:\/\/europower-parts.cz\/#organization","name":"Europower Industries s.r.o.","url":"https:\/\/europower-parts.cz\/","logo":{"@type":"ImageObject","inLanguage":"cs","@id":"https:\/\/europower-parts.cz\/#\/schema\/logo\/image\/","url":"https:\/\/europower-parts.cz\/wp-content\/uploads\/2024\/09\/europower-logo.svg","contentUrl":"https:\/\/europower-parts.cz\/wp-content\/uploads\/2024\/09\/europower-logo.svg","caption":"Europower Industries s.r.o."},"image":{"@id":"https:\/\/europower-parts.cz\/#\/schema\/logo\/image\/"}}]}},"_links":{"self":[{"href":"https:\/\/europower-parts.cz\/cs\/wp-json\/wp\/v2\/pages\/19290","targetHints":{"allow":["GET"]}}],"collection":[{"href":"https:\/\/europower-parts.cz\/cs\/wp-json\/wp\/v2\/pages"}],"about":[{"href":"https:\/\/europower-parts.cz\/cs\/wp-json\/wp\/v2\/types\/page"}],"author":[{"embeddable":true,"href":"https:\/\/europower-parts.cz\/cs\/wp-json\/wp\/v2\/users\/1"}],"replies":[{"embeddable":true,"href":"https:\/\/europower-parts.cz\/cs\/wp-json\/wp\/v2\/comments?post=19290"}],"version-history":[{"count":2,"href":"https:\/\/europower-parts.cz\/cs\/wp-json\/wp\/v2\/pages\/19290\/revisions"}],"predecessor-version":[{"id":19607,"href":"https:\/\/europower-parts.cz\/cs\/wp-json\/wp\/v2\/pages\/19290\/revisions\/19607"}],"up":[{"embeddable":true,"href":"https:\/\/europower-parts.cz\/cs\/wp-json\/wp\/v2\/pages\/18979"}],"wp:attachment":[{"href":"https:\/\/europower-parts.cz\/cs\/wp-json\/wp\/v2\/media?parent=19290"}],"curies":[{"name":"wp","href":"https:\/\/api.w.org\/{rel}","templated":true}]}}