{"id":19566,"date":"2021-01-18T14:54:53","date_gmt":"2021-01-18T13:54:53","guid":{"rendered":"https:\/\/europower-parts.cz\/kontaktujte-nas\/"},"modified":"2025-06-20T17:11:53","modified_gmt":"2025-06-20T15:11:53","slug":"kontaktujte-nas","status":"publish","type":"page","link":"https:\/\/europower-parts.cz\/cs\/kontaktujte-nas\/","title":{"rendered":"Kontaktujte n\u00e1s"},"content":{"rendered":"\t\t<div data-elementor-type=\"wp-page\" data-elementor-id=\"19566\" class=\"elementor elementor-19566 elementor-5089\" data-elementor-post-type=\"page\">\n\t\t\t\t<div class=\"elementor-element elementor-element-4a81c32 e-flex e-con-boxed e-con e-parent\" data-id=\"4a81c32\" data-element_type=\"container\" data-e-type=\"container\">\n\t\t\t\t\t<div class=\"e-con-inner\">\n\t\t<div class=\"elementor-element elementor-element-7903d33 e-con-full e-flex e-con e-child\" data-id=\"7903d33\" data-element_type=\"container\" data-e-type=\"container\">\n\t\t\t\t<div class=\"elementor-element elementor-element-ba740ac elementor-widget elementor-widget-text-editor\" data-id=\"ba740ac\" data-element_type=\"widget\" data-e-type=\"widget\" data-widget_type=\"text-editor.default\">\n\t\t\t\t<div class=\"elementor-widget-container\">\n\t\t\t\t\t\t\t\t\t<h4><img decoding=\"async\" class=\"alignnone\" src=\"https:\/\/europower-parts.cz\/wp-content\/uploads\/2022\/07\/location.png\" alt=\"\">S\u00eddlo spole\u010dnosti:<\/h4>\t\t\t\t\t\t\t\t<\/div>\n\t\t\t\t<\/div>\n\t\t\t\t<div class=\"elementor-element elementor-element-604e7bd elementor-widget elementor-widget-text-editor\" data-id=\"604e7bd\" data-element_type=\"widget\" data-e-type=\"widget\" data-widget_type=\"text-editor.default\">\n\t\t\t\t<div class=\"elementor-widget-container\">\n\t\t\t\t\t\t\t\t\t<p>Be\u010dovsk\u00e1 1511<br>104 00 Praha 22<br>Praha, \u010cesk\u00e1 republika<\/p><p><a href=\"https:\/\/maps.app.goo.gl\/wVaTKhNVggeaAY6S7\" target=\"_blank\" rel=\"noopener\">Odkaz na mapu<\/a><\/p>\t\t\t\t\t\t\t\t<\/div>\n\t\t\t\t<\/div>\n\t\t\t\t<\/div>\n\t\t<div class=\"elementor-element elementor-element-b3f575a e-con-full e-flex e-con e-child\" data-id=\"b3f575a\" data-element_type=\"container\" data-e-type=\"container\">\n\t\t\t\t<div class=\"elementor-element elementor-element-c0fd1e8 elementor-widget elementor-widget-text-editor\" data-id=\"c0fd1e8\" data-element_type=\"widget\" data-e-type=\"widget\" data-widget_type=\"text-editor.default\">\n\t\t\t\t<div class=\"elementor-widget-container\">\n\t\t\t\t\t\t\t\t\t<h4><img decoding=\"async\" class=\"alignnone\" src=\"https:\/\/europower-parts.cz\/wp-content\/uploads\/2022\/07\/mail.png\" alt=\"\">Napi\u0161te n\u00e1m:<\/h4>\t\t\t\t\t\t\t\t<\/div>\n\t\t\t\t<\/div>\n\t\t\t\t<div class=\"elementor-element elementor-element-eb5272f elementor-widget elementor-widget-text-editor\" data-id=\"eb5272f\" data-element_type=\"widget\" data-e-type=\"widget\" data-widget_type=\"text-editor.default\">\n\t\t\t\t<div class=\"elementor-widget-container\">\n\t\t\t\t\t\t\t\t\tVypl\u0148te n\u00e1\u0161 formul\u00e1\u0159 a my v\u00e1s budeme kontaktovat do &nbsp;24&nbsp;hodin.\t\t\t\t\t\t\t\t<\/div>\n\t\t\t\t<\/div>\n\t\t\t\t<div class=\"elementor-element elementor-element-54ac30d elementor-widget elementor-widget-text-editor\" data-id=\"54ac30d\" data-element_type=\"widget\" data-e-type=\"widget\" data-widget_type=\"text-editor.default\">\n\t\t\t\t<div class=\"elementor-widget-container\">\n\t\t\t\t\t\t\t\t\t<p>E-mail: <a href=\"mailto:sales@europower-parts.cz\">sales@europower-parts.cz<\/a><br>Fax: +420 272 700 692<\/p>\t\t\t\t\t\t\t\t<\/div>\n\t\t\t\t<\/div>\n\t\t\t\t<\/div>\n\t\t<div class=\"elementor-element elementor-element-5a8fa55 e-con-full e-flex e-con e-child\" data-id=\"5a8fa55\" data-element_type=\"container\" data-e-type=\"container\">\n\t\t\t\t<div class=\"elementor-element elementor-element-cbc7188 elementor-widget elementor-widget-text-editor\" data-id=\"cbc7188\" data-element_type=\"widget\" data-e-type=\"widget\" data-widget_type=\"text-editor.default\">\n\t\t\t\t<div class=\"elementor-widget-container\">\n\t\t\t\t\t\t\t\t\t<h4><img decoding=\"async\" class=\"alignnone\" src=\"https:\/\/europower-parts.cz\/wp-content\/uploads\/2022\/07\/phone.png\" alt=\"\">Obra\u0165te se na n\u00e1s:<\/h4>\t\t\t\t\t\t\t\t<\/div>\n\t\t\t\t<\/div>\n\t\t\t\t<div class=\"elementor-element elementor-element-f1d7e81 elementor-widget elementor-widget-text-editor\" data-id=\"f1d7e81\" data-element_type=\"widget\" data-e-type=\"widget\" data-widget_type=\"text-editor.default\">\n\t\t\t\t<div class=\"elementor-widget-container\">\n\t\t\t\t\t\t\t\t\t<p>Jsme k dispozici 24 hodin denn\u011b, 7 dn\u00ed v t\u00fddnu.<\/p>\t\t\t\t\t\t\t\t<\/div>\n\t\t\t\t<\/div>\n\t\t\t\t<div class=\"elementor-element elementor-element-72b17e8 elementor-widget elementor-widget-text-editor\" data-id=\"72b17e8\" data-element_type=\"widget\" data-e-type=\"widget\" data-widget_type=\"text-editor.default\">\n\t\t\t\t<div class=\"elementor-widget-container\">\n\t\t\t\t\t\t\t\t\t<p><a href=\"tel:+420272700690\">+420 272 700 690<\/a><\/p>\t\t\t\t\t\t\t\t<\/div>\n\t\t\t\t<\/div>\n\t\t\t\t<\/div>\n\t\t\t\t\t<\/div>\n\t\t\t\t<\/div>\n\t\t\t\t<section class=\"elementor-section elementor-top-section elementor-element elementor-element-42a3316 elementor-section-boxed elementor-section-height-default elementor-section-height-default\" data-id=\"42a3316\" data-element_type=\"section\" data-e-type=\"section\">\n\t\t\t\t\t\t<div class=\"elementor-container elementor-column-gap-default\">\n\t\t\t\t\t<div class=\"elementor-column elementor-col-50 elementor-top-column elementor-element elementor-element-539e1e9\" data-id=\"539e1e9\" data-element_type=\"column\" data-e-type=\"column\">\n\t\t\t<div class=\"elementor-widget-wrap elementor-element-populated\">\n\t\t\t\t\t\t<div class=\"elementor-element elementor-element-6d8fd5e headquarters-table elementor-widget elementor-widget-text-editor\" data-id=\"6d8fd5e\" data-element_type=\"widget\" data-e-type=\"widget\" data-widget_type=\"text-editor.default\">\n\t\t\t\t<div class=\"elementor-widget-container\">\n\t\t\t\t\t\t\t\t\t<table><tbody><tr><th>Den<\/th><th>Otev\u00edrac\u00ed doba<\/th><\/tr><tr><td>Po &#8211; P\u00e1<\/td><td>08:30 &#8211; 17:00<\/td><\/tr><tr><td>So a Ne <\/td><td>Uzav\u0159eno<\/td><\/tr><tr><td> <\/td><td> <\/td><\/tr><\/tbody><\/table><table><tbody><tr><td>I\u010c<\/td><td>05283736<\/td><\/tr><tr><td>DI\u010c \/ VAT<\/td><td>CZ05283736<\/td><\/tr><\/tbody><\/table>\t\t\t\t\t\t\t\t<\/div>\n\t\t\t\t<\/div>\n\t\t\t\t\t<\/div>\n\t\t<\/div>\n\t\t\t\t<div class=\"elementor-column elementor-col-50 elementor-top-column elementor-element elementor-element-8e24c8e\" data-id=\"8e24c8e\" data-element_type=\"column\" data-e-type=\"column\">\n\t\t\t<div class=\"elementor-widget-wrap elementor-element-populated\">\n\t\t\t\t\t\t<div class=\"elementor-element elementor-element-7c08b25 elementor-widget elementor-widget-image\" data-id=\"7c08b25\" data-element_type=\"widget\" data-e-type=\"widget\" data-widget_type=\"image.default\">\n\t\t\t\t<div class=\"elementor-widget-container\">\n\t\t\t\t\t\t\t\t\t\t\t\t\t\t\t<img fetchpriority=\"high\" decoding=\"async\" width=\"1024\" height=\"576\" src=\"https:\/\/europower-parts.cz\/wp-content\/uploads\/2024\/10\/europower-contact-us-1024x576.jpeg\" class=\"attachment-large size-large wp-image-19390\" alt=\"\" srcset=\"https:\/\/europower-parts.cz\/wp-content\/uploads\/2024\/10\/europower-contact-us-1024x576.jpeg 1024w, https:\/\/europower-parts.cz\/wp-content\/uploads\/2024\/10\/europower-contact-us-300x169.jpeg 300w, https:\/\/europower-parts.cz\/wp-content\/uploads\/2024\/10\/europower-contact-us-768x432.jpeg 768w, https:\/\/europower-parts.cz\/wp-content\/uploads\/2024\/10\/europower-contact-us-1536x864.jpeg 1536w, https:\/\/europower-parts.cz\/wp-content\/uploads\/2024\/10\/europower-contact-us-2048x1152.jpeg 2048w, https:\/\/europower-parts.cz\/wp-content\/uploads\/2024\/10\/europower-contact-us-630x354.jpeg 630w\" sizes=\"(max-width: 1024px) 100vw, 1024px\" \/>\t\t\t\t\t\t\t\t\t\t\t\t\t\t\t<\/div>\n\t\t\t\t<\/div>\n\t\t\t\t\t<\/div>\n\t\t<\/div>\n\t\t\t\t\t<\/div>\n\t\t<\/section>\n\t\t\t\t<section class=\"elementor-section elementor-top-section elementor-element elementor-element-092c798 elementor-section-boxed elementor-section-height-default elementor-section-height-default\" data-id=\"092c798\" data-element_type=\"section\" data-e-type=\"section\">\n\t\t\t\t\t\t<div class=\"elementor-container elementor-column-gap-default\">\n\t\t\t\t\t<div class=\"elementor-column elementor-col-100 elementor-top-column elementor-element elementor-element-35ece0b\" data-id=\"35ece0b\" data-element_type=\"column\" data-e-type=\"column\">\n\t\t\t<div class=\"elementor-widget-wrap elementor-element-populated\">\n\t\t\t\t\t\t<div class=\"elementor-element elementor-element-cee11e4 elementor-widget elementor-widget-google_maps\" data-id=\"cee11e4\" data-element_type=\"widget\" data-e-type=\"widget\" data-widget_type=\"google_maps.default\">\n\t\t\t\t<div class=\"elementor-widget-container\">\n\t\t\t\t\t\t\t<div class=\"elementor-custom-embed\">\n\t\t\t<iframe loading=\"lazy\"\n\t\t\t\t\tsrc=\"https:\/\/maps.google.com\/maps?q=Be%C4%8Dovsk%C3%A1%201511%20104%2000%20Praha%2022&#038;t=m&#038;z=15&#038;output=embed&#038;iwloc=near\"\n\t\t\t\t\ttitle=\"Be\u010dovsk\u00e1 1511 104 00 Praha 22\"\n\t\t\t\t\taria-label=\"Be\u010dovsk\u00e1 1511 104 00 Praha 22\"\n\t\t\t><\/iframe>\n\t\t<\/div>\n\t\t\t\t\t\t<\/div>\n\t\t\t\t<\/div>\n\t\t\t\t\t<\/div>\n\t\t<\/div>\n\t\t\t\t\t<\/div>\n\t\t<\/section>\n\t\t\t\t<\/div>\n\t\t","protected":false},"excerpt":{"rendered":"<p>S\u00eddlo spole\u010dnosti: Be\u010dovsk\u00e1 1511104 00 Praha 22Praha, \u010cesk\u00e1 republika Odkaz na mapu Napi\u0161te n\u00e1m: Vypl\u0148te n\u00e1\u0161 formul\u00e1\u0159 a my v\u00e1s budeme kontaktovat do &nbsp;24&nbsp;hodin. E-mail: sales@europower-parts.czFax: +420 272 700 692 Obra\u0165te se na n\u00e1s: Jsme k dispozici 24 hodin denn\u011b, 7 dn\u00ed v t\u00fddnu. +420 272 700 690 Den Otev\u00edrac\u00ed doba Po &#8211; P\u00e1 08:30 [&hellip;]<\/p>\n","protected":false},"author":1,"featured_media":0,"parent":0,"menu_order":0,"comment_status":"closed","ping_status":"closed","template":"redux-templates_full_width","meta":{"footnotes":""},"class_list":["post-19566","page","type-page","status-publish","hentry"],"yoast_head":"<!-- This site is optimized with the Yoast SEO plugin v27.5 - https:\/\/yoast.com\/product\/yoast-seo-wordpress\/ -->\n<title>Kontaktujte n\u00e1s - Europower Parts<\/title>\n<meta name=\"robots\" content=\"index, follow, max-snippet:-1, max-image-preview:large, max-video-preview:-1\" \/>\n<link rel=\"canonical\" href=\"https:\/\/europower-parts.cz\/cs\/kontaktujte-nas\/\" \/>\n<meta property=\"og:locale\" content=\"cs_CZ\" \/>\n<meta property=\"og:type\" content=\"article\" \/>\n<meta property=\"og:title\" content=\"Kontaktujte n\u00e1s - Europower Parts\" \/>\n<meta property=\"og:description\" content=\"S\u00eddlo spole\u010dnosti: Be\u010dovsk\u00e1 1511104 00 Praha 22Praha, \u010cesk\u00e1 republika Odkaz na mapu Napi\u0161te n\u00e1m: Vypl\u0148te n\u00e1\u0161 formul\u00e1\u0159 a my v\u00e1s budeme kontaktovat do &nbsp;24&nbsp;hodin. E-mail: sales@europower-parts.czFax: +420 272 700 692 Obra\u0165te se na n\u00e1s: Jsme k dispozici 24 hodin denn\u011b, 7 dn\u00ed v t\u00fddnu. +420 272 700 690 Den Otev\u00edrac\u00ed doba Po &#8211; P\u00e1 08:30 [&hellip;]\" \/>\n<meta property=\"og:url\" content=\"https:\/\/europower-parts.cz\/cs\/kontaktujte-nas\/\" \/>\n<meta property=\"og:site_name\" content=\"Europower Parts\" \/>\n<meta property=\"article:modified_time\" content=\"2025-06-20T15:11:53+00:00\" \/>\n<meta property=\"og:image\" content=\"https:\/\/europower-parts.cz\/wp-content\/uploads\/2022\/07\/location.png\" \/>\n<meta name=\"twitter:card\" content=\"summary_large_image\" \/>\n<meta name=\"twitter:label1\" content=\"Odhadovan\u00e1 doba \u010dten\u00ed\" \/>\n\t<meta name=\"twitter:data1\" content=\"2 minuty\" \/>\n<script type=\"application\/ld+json\" class=\"yoast-schema-graph\">{\"@context\":\"https:\\\/\\\/schema.org\",\"@graph\":[{\"@type\":\"WebPage\",\"@id\":\"https:\\\/\\\/europower-parts.cz\\\/cs\\\/kontaktujte-nas\\\/\",\"url\":\"https:\\\/\\\/europower-parts.cz\\\/cs\\\/kontaktujte-nas\\\/\",\"name\":\"Kontaktujte n\u00e1s - Europower Parts\",\"isPartOf\":{\"@id\":\"https:\\\/\\\/europower-parts.cz\\\/#website\"},\"primaryImageOfPage\":{\"@id\":\"https:\\\/\\\/europower-parts.cz\\\/cs\\\/kontaktujte-nas\\\/#primaryimage\"},\"image\":{\"@id\":\"https:\\\/\\\/europower-parts.cz\\\/cs\\\/kontaktujte-nas\\\/#primaryimage\"},\"thumbnailUrl\":\"https:\\\/\\\/europower-parts.cz\\\/wp-content\\\/uploads\\\/2022\\\/07\\\/location.png\",\"datePublished\":\"2021-01-18T13:54:53+00:00\",\"dateModified\":\"2025-06-20T15:11:53+00:00\",\"breadcrumb\":{\"@id\":\"https:\\\/\\\/europower-parts.cz\\\/cs\\\/kontaktujte-nas\\\/#breadcrumb\"},\"inLanguage\":\"cs\",\"potentialAction\":[{\"@type\":\"ReadAction\",\"target\":[\"https:\\\/\\\/europower-parts.cz\\\/cs\\\/kontaktujte-nas\\\/\"]}]},{\"@type\":\"ImageObject\",\"inLanguage\":\"cs\",\"@id\":\"https:\\\/\\\/europower-parts.cz\\\/cs\\\/kontaktujte-nas\\\/#primaryimage\",\"url\":\"https:\\\/\\\/europower-parts.cz\\\/wp-content\\\/uploads\\\/2022\\\/07\\\/location.png\",\"contentUrl\":\"https:\\\/\\\/europower-parts.cz\\\/wp-content\\\/uploads\\\/2022\\\/07\\\/location.png\"},{\"@type\":\"BreadcrumbList\",\"@id\":\"https:\\\/\\\/europower-parts.cz\\\/cs\\\/kontaktujte-nas\\\/#breadcrumb\",\"itemListElement\":[{\"@type\":\"ListItem\",\"position\":1,\"name\":\"Home\",\"item\":\"https:\\\/\\\/europower-parts.cz\\\/cs\\\/\"},{\"@type\":\"ListItem\",\"position\":2,\"name\":\"Kontaktujte n\u00e1s\"}]},{\"@type\":\"WebSite\",\"@id\":\"https:\\\/\\\/europower-parts.cz\\\/#website\",\"url\":\"https:\\\/\\\/europower-parts.cz\\\/\",\"name\":\"Europower Parts\",\"description\":\"\",\"publisher\":{\"@id\":\"https:\\\/\\\/europower-parts.cz\\\/#organization\"},\"potentialAction\":[{\"@type\":\"SearchAction\",\"target\":{\"@type\":\"EntryPoint\",\"urlTemplate\":\"https:\\\/\\\/europower-parts.cz\\\/?s={search_term_string}\"},\"query-input\":{\"@type\":\"PropertyValueSpecification\",\"valueRequired\":true,\"valueName\":\"search_term_string\"}}],\"inLanguage\":\"cs\"},{\"@type\":\"Organization\",\"@id\":\"https:\\\/\\\/europower-parts.cz\\\/#organization\",\"name\":\"Europower Industries s.r.o.\",\"url\":\"https:\\\/\\\/europower-parts.cz\\\/\",\"logo\":{\"@type\":\"ImageObject\",\"inLanguage\":\"cs\",\"@id\":\"https:\\\/\\\/europower-parts.cz\\\/#\\\/schema\\\/logo\\\/image\\\/\",\"url\":\"https:\\\/\\\/europower-parts.cz\\\/wp-content\\\/uploads\\\/2024\\\/09\\\/europower-logo.svg\",\"contentUrl\":\"https:\\\/\\\/europower-parts.cz\\\/wp-content\\\/uploads\\\/2024\\\/09\\\/europower-logo.svg\",\"caption\":\"Europower Industries s.r.o.\"},\"image\":{\"@id\":\"https:\\\/\\\/europower-parts.cz\\\/#\\\/schema\\\/logo\\\/image\\\/\"}}]}<\/script>\n<!-- \/ Yoast SEO plugin. -->","yoast_head_json":{"title":"Kontaktujte n\u00e1s - Europower Parts","robots":{"index":"index","follow":"follow","max-snippet":"max-snippet:-1","max-image-preview":"max-image-preview:large","max-video-preview":"max-video-preview:-1"},"canonical":"https:\/\/europower-parts.cz\/cs\/kontaktujte-nas\/","og_locale":"cs_CZ","og_type":"article","og_title":"Kontaktujte n\u00e1s - Europower Parts","og_description":"S\u00eddlo spole\u010dnosti: Be\u010dovsk\u00e1 1511104 00 Praha 22Praha, \u010cesk\u00e1 republika Odkaz na mapu Napi\u0161te n\u00e1m: Vypl\u0148te n\u00e1\u0161 formul\u00e1\u0159 a my v\u00e1s budeme kontaktovat do &nbsp;24&nbsp;hodin. E-mail: sales@europower-parts.czFax: +420 272 700 692 Obra\u0165te se na n\u00e1s: Jsme k dispozici 24 hodin denn\u011b, 7 dn\u00ed v t\u00fddnu. +420 272 700 690 Den Otev\u00edrac\u00ed doba Po &#8211; P\u00e1 08:30 [&hellip;]","og_url":"https:\/\/europower-parts.cz\/cs\/kontaktujte-nas\/","og_site_name":"Europower Parts","article_modified_time":"2025-06-20T15:11:53+00:00","og_image":[{"url":"https:\/\/europower-parts.cz\/wp-content\/uploads\/2022\/07\/location.png","type":"","width":"","height":""}],"twitter_card":"summary_large_image","twitter_misc":{"Odhadovan\u00e1 doba \u010dten\u00ed":"2 minuty"},"schema":{"@context":"https:\/\/schema.org","@graph":[{"@type":"WebPage","@id":"https:\/\/europower-parts.cz\/cs\/kontaktujte-nas\/","url":"https:\/\/europower-parts.cz\/cs\/kontaktujte-nas\/","name":"Kontaktujte n\u00e1s - Europower Parts","isPartOf":{"@id":"https:\/\/europower-parts.cz\/#website"},"primaryImageOfPage":{"@id":"https:\/\/europower-parts.cz\/cs\/kontaktujte-nas\/#primaryimage"},"image":{"@id":"https:\/\/europower-parts.cz\/cs\/kontaktujte-nas\/#primaryimage"},"thumbnailUrl":"https:\/\/europower-parts.cz\/wp-content\/uploads\/2022\/07\/location.png","datePublished":"2021-01-18T13:54:53+00:00","dateModified":"2025-06-20T15:11:53+00:00","breadcrumb":{"@id":"https:\/\/europower-parts.cz\/cs\/kontaktujte-nas\/#breadcrumb"},"inLanguage":"cs","potentialAction":[{"@type":"ReadAction","target":["https:\/\/europower-parts.cz\/cs\/kontaktujte-nas\/"]}]},{"@type":"ImageObject","inLanguage":"cs","@id":"https:\/\/europower-parts.cz\/cs\/kontaktujte-nas\/#primaryimage","url":"https:\/\/europower-parts.cz\/wp-content\/uploads\/2022\/07\/location.png","contentUrl":"https:\/\/europower-parts.cz\/wp-content\/uploads\/2022\/07\/location.png"},{"@type":"BreadcrumbList","@id":"https:\/\/europower-parts.cz\/cs\/kontaktujte-nas\/#breadcrumb","itemListElement":[{"@type":"ListItem","position":1,"name":"Home","item":"https:\/\/europower-parts.cz\/cs\/"},{"@type":"ListItem","position":2,"name":"Kontaktujte n\u00e1s"}]},{"@type":"WebSite","@id":"https:\/\/europower-parts.cz\/#website","url":"https:\/\/europower-parts.cz\/","name":"Europower Parts","description":"","publisher":{"@id":"https:\/\/europower-parts.cz\/#organization"},"potentialAction":[{"@type":"SearchAction","target":{"@type":"EntryPoint","urlTemplate":"https:\/\/europower-parts.cz\/?s={search_term_string}"},"query-input":{"@type":"PropertyValueSpecification","valueRequired":true,"valueName":"search_term_string"}}],"inLanguage":"cs"},{"@type":"Organization","@id":"https:\/\/europower-parts.cz\/#organization","name":"Europower Industries s.r.o.","url":"https:\/\/europower-parts.cz\/","logo":{"@type":"ImageObject","inLanguage":"cs","@id":"https:\/\/europower-parts.cz\/#\/schema\/logo\/image\/","url":"https:\/\/europower-parts.cz\/wp-content\/uploads\/2024\/09\/europower-logo.svg","contentUrl":"https:\/\/europower-parts.cz\/wp-content\/uploads\/2024\/09\/europower-logo.svg","caption":"Europower Industries s.r.o."},"image":{"@id":"https:\/\/europower-parts.cz\/#\/schema\/logo\/image\/"}}]}},"_links":{"self":[{"href":"https:\/\/europower-parts.cz\/cs\/wp-json\/wp\/v2\/pages\/19566","targetHints":{"allow":["GET"]}}],"collection":[{"href":"https:\/\/europower-parts.cz\/cs\/wp-json\/wp\/v2\/pages"}],"about":[{"href":"https:\/\/europower-parts.cz\/cs\/wp-json\/wp\/v2\/types\/page"}],"author":[{"embeddable":true,"href":"https:\/\/europower-parts.cz\/cs\/wp-json\/wp\/v2\/users\/1"}],"replies":[{"embeddable":true,"href":"https:\/\/europower-parts.cz\/cs\/wp-json\/wp\/v2\/comments?post=19566"}],"version-history":[{"count":6,"href":"https:\/\/europower-parts.cz\/cs\/wp-json\/wp\/v2\/pages\/19566\/revisions"}],"predecessor-version":[{"id":20870,"href":"https:\/\/europower-parts.cz\/cs\/wp-json\/wp\/v2\/pages\/19566\/revisions\/20870"}],"wp:attachment":[{"href":"https:\/\/europower-parts.cz\/cs\/wp-json\/wp\/v2\/media?parent=19566"}],"curies":[{"name":"wp","href":"https:\/\/api.w.org\/{rel}","templated":true}]}}