{"id":5303,"date":"2024-07-16T11:15:36","date_gmt":"2024-07-16T09:15:36","guid":{"rendered":"https:\/\/europower.skilly.me\/product\/gearcase-assembly-2\/"},"modified":"2026-01-21T10:19:28","modified_gmt":"2026-01-21T09:19:28","slug":"gearcase-assembly-2","status":"publish","type":"product","link":"https:\/\/europower-parts.cz\/cs\/product\/gearcase-assembly-2\/","title":{"rendered":"Gearcase Assembly"},"content":{"rendered":"<p>Komponent \u00dahlov\u00e1 P\u0159evodovka<\/p>\n","protected":false},"excerpt":{"rendered":"<p>P\u0159evodovka kompletn\u00ed, vhodn\u00e1 pro modely ZENOAH, v balen\u00ed tak\u00e9 podlo\u017eka, \u010depel o pr\u016fm. 25.4 mm, M10 x 1.25 G, h\u0159\u00eddele o pr\u016fm. 24 mm, 7 zub\u016f, tak\u00e9 vhodn\u00e9 pro CASTEL GARDEN, HONDA, HUSQVARNA&#8230;apod <\/p>\n","protected":false},"featured_media":16921,"comment_status":"open","ping_status":"closed","template":"","meta":[],"product_brand":[],"product_cat":[2893],"product_tag":[],"class_list":{"0":"post-5303","1":"product","2":"type-product","3":"status-publish","4":"has-post-thumbnail","6":"product_cat-201-gearcase-assembly","8":"first","9":"instock","10":"taxable","11":"shipping-taxable","12":"purchasable","13":"product-type-simple"},"yoast_head":"<!-- This site is optimized with the Yoast SEO plugin v27.4 - https:\/\/yoast.com\/product\/yoast-seo-wordpress\/ -->\n<title>Gearcase Assembly - Europower Parts<\/title>\n<meta name=\"robots\" content=\"index, follow, max-snippet:-1, max-image-preview:large, max-video-preview:-1\" \/>\n<link rel=\"canonical\" href=\"https:\/\/europower-parts.cz\/product\/gearcase-assembly-2\/\" \/>\n<meta property=\"og:locale\" content=\"cs_CZ\" \/>\n<meta property=\"og:type\" content=\"article\" \/>\n<meta property=\"og:title\" content=\"Gearcase Assembly - Europower Parts\" \/>\n<meta property=\"og:description\" content=\"P\u0159evodovka kompletn\u00ed, vhodn\u00e1 pro modely ZENOAH, v balen\u00ed tak\u00e9 podlo\u017eka, \u010depel o pr\u016fm. 25.4 mm, M10 x 1.25 G, h\u0159\u00eddele o pr\u016fm. 24 mm, 7 zub\u016f, tak\u00e9 vhodn\u00e9 pro CASTEL GARDEN, HONDA, HUSQVARNA...apod\" \/>\n<meta property=\"og:url\" content=\"https:\/\/europower-parts.cz\/product\/gearcase-assembly-2\/\" \/>\n<meta property=\"og:site_name\" content=\"Europower Parts\" \/>\n<meta property=\"article:modified_time\" content=\"2026-01-21T09:19:28+00:00\" \/>\n<meta property=\"og:image\" content=\"https:\/\/europower-parts.cz\/wp-content\/uploads\/2024\/09\/201019-2.jpg\" \/>\n\t<meta property=\"og:image:width\" content=\"999\" \/>\n\t<meta property=\"og:image:height\" content=\"999\" \/>\n\t<meta property=\"og:image:type\" content=\"image\/jpeg\" \/>\n<meta name=\"twitter:card\" content=\"summary_large_image\" \/>\n<script type=\"application\/ld+json\" class=\"yoast-schema-graph\">{\"@context\":\"https:\\\/\\\/schema.org\",\"@graph\":[{\"@type\":\"WebPage\",\"@id\":\"https:\\\/\\\/europower-parts.cz\\\/product\\\/gearcase-assembly-2\\\/\",\"url\":\"https:\\\/\\\/europower-parts.cz\\\/product\\\/gearcase-assembly-2\\\/\",\"name\":\"Gearcase Assembly - Europower Parts\",\"isPartOf\":{\"@id\":\"https:\\\/\\\/europower-parts.cz\\\/#website\"},\"primaryImageOfPage\":{\"@id\":\"https:\\\/\\\/europower-parts.cz\\\/product\\\/gearcase-assembly-2\\\/#primaryimage\"},\"image\":{\"@id\":\"https:\\\/\\\/europower-parts.cz\\\/product\\\/gearcase-assembly-2\\\/#primaryimage\"},\"thumbnailUrl\":\"https:\\\/\\\/europower-parts.cz\\\/wp-content\\\/uploads\\\/2024\\\/09\\\/201019-2.jpg\",\"datePublished\":\"2024-07-16T09:15:36+00:00\",\"dateModified\":\"2026-01-21T09:19:28+00:00\",\"breadcrumb\":{\"@id\":\"https:\\\/\\\/europower-parts.cz\\\/product\\\/gearcase-assembly-2\\\/#breadcrumb\"},\"inLanguage\":\"cs\",\"potentialAction\":[{\"@type\":\"ReadAction\",\"target\":[\"https:\\\/\\\/europower-parts.cz\\\/product\\\/gearcase-assembly-2\\\/\"]}]},{\"@type\":\"ImageObject\",\"inLanguage\":\"cs\",\"@id\":\"https:\\\/\\\/europower-parts.cz\\\/product\\\/gearcase-assembly-2\\\/#primaryimage\",\"url\":\"https:\\\/\\\/europower-parts.cz\\\/wp-content\\\/uploads\\\/2024\\\/09\\\/201019-2.jpg\",\"contentUrl\":\"https:\\\/\\\/europower-parts.cz\\\/wp-content\\\/uploads\\\/2024\\\/09\\\/201019-2.jpg\",\"width\":999,\"height\":999,\"caption\":\"201019-2\"},{\"@type\":\"BreadcrumbList\",\"@id\":\"https:\\\/\\\/europower-parts.cz\\\/product\\\/gearcase-assembly-2\\\/#breadcrumb\",\"itemListElement\":[{\"@type\":\"ListItem\",\"position\":1,\"name\":\"Home\",\"item\":\"https:\\\/\\\/europower-parts.cz\\\/cs\\\/\"},{\"@type\":\"ListItem\",\"position\":2,\"name\":\"Obchod\",\"item\":\"https:\\\/\\\/europower-parts.cz\\\/cs\\\/obchod\\\/\"},{\"@type\":\"ListItem\",\"position\":3,\"name\":\"Gearcase Assembly\"}]},{\"@type\":\"WebSite\",\"@id\":\"https:\\\/\\\/europower-parts.cz\\\/#website\",\"url\":\"https:\\\/\\\/europower-parts.cz\\\/\",\"name\":\"Europower Parts\",\"description\":\"\",\"publisher\":{\"@id\":\"https:\\\/\\\/europower-parts.cz\\\/#organization\"},\"potentialAction\":[{\"@type\":\"SearchAction\",\"target\":{\"@type\":\"EntryPoint\",\"urlTemplate\":\"https:\\\/\\\/europower-parts.cz\\\/?s={search_term_string}\"},\"query-input\":{\"@type\":\"PropertyValueSpecification\",\"valueRequired\":true,\"valueName\":\"search_term_string\"}}],\"inLanguage\":\"cs\"},{\"@type\":\"Organization\",\"@id\":\"https:\\\/\\\/europower-parts.cz\\\/#organization\",\"name\":\"Europower Industries s.r.o.\",\"url\":\"https:\\\/\\\/europower-parts.cz\\\/\",\"logo\":{\"@type\":\"ImageObject\",\"inLanguage\":\"cs\",\"@id\":\"https:\\\/\\\/europower-parts.cz\\\/#\\\/schema\\\/logo\\\/image\\\/\",\"url\":\"https:\\\/\\\/europower-parts.cz\\\/wp-content\\\/uploads\\\/2024\\\/09\\\/europower-logo.svg\",\"contentUrl\":\"https:\\\/\\\/europower-parts.cz\\\/wp-content\\\/uploads\\\/2024\\\/09\\\/europower-logo.svg\",\"caption\":\"Europower Industries s.r.o.\"},\"image\":{\"@id\":\"https:\\\/\\\/europower-parts.cz\\\/#\\\/schema\\\/logo\\\/image\\\/\"}}]}<\/script>\n<!-- \/ Yoast SEO plugin. -->","yoast_head_json":{"title":"Gearcase Assembly - Europower Parts","robots":{"index":"index","follow":"follow","max-snippet":"max-snippet:-1","max-image-preview":"max-image-preview:large","max-video-preview":"max-video-preview:-1"},"canonical":"https:\/\/europower-parts.cz\/product\/gearcase-assembly-2\/","og_locale":"cs_CZ","og_type":"article","og_title":"Gearcase Assembly - Europower Parts","og_description":"P\u0159evodovka kompletn\u00ed, vhodn\u00e1 pro modely ZENOAH, v balen\u00ed tak\u00e9 podlo\u017eka, \u010depel o pr\u016fm. 25.4 mm, M10 x 1.25 G, h\u0159\u00eddele o pr\u016fm. 24 mm, 7 zub\u016f, tak\u00e9 vhodn\u00e9 pro CASTEL GARDEN, HONDA, HUSQVARNA...apod","og_url":"https:\/\/europower-parts.cz\/product\/gearcase-assembly-2\/","og_site_name":"Europower Parts","article_modified_time":"2026-01-21T09:19:28+00:00","og_image":[{"width":999,"height":999,"url":"https:\/\/europower-parts.cz\/wp-content\/uploads\/2024\/09\/201019-2.jpg","type":"image\/jpeg"}],"twitter_card":"summary_large_image","schema":{"@context":"https:\/\/schema.org","@graph":[{"@type":"WebPage","@id":"https:\/\/europower-parts.cz\/product\/gearcase-assembly-2\/","url":"https:\/\/europower-parts.cz\/product\/gearcase-assembly-2\/","name":"Gearcase Assembly - Europower Parts","isPartOf":{"@id":"https:\/\/europower-parts.cz\/#website"},"primaryImageOfPage":{"@id":"https:\/\/europower-parts.cz\/product\/gearcase-assembly-2\/#primaryimage"},"image":{"@id":"https:\/\/europower-parts.cz\/product\/gearcase-assembly-2\/#primaryimage"},"thumbnailUrl":"https:\/\/europower-parts.cz\/wp-content\/uploads\/2024\/09\/201019-2.jpg","datePublished":"2024-07-16T09:15:36+00:00","dateModified":"2026-01-21T09:19:28+00:00","breadcrumb":{"@id":"https:\/\/europower-parts.cz\/product\/gearcase-assembly-2\/#breadcrumb"},"inLanguage":"cs","potentialAction":[{"@type":"ReadAction","target":["https:\/\/europower-parts.cz\/product\/gearcase-assembly-2\/"]}]},{"@type":"ImageObject","inLanguage":"cs","@id":"https:\/\/europower-parts.cz\/product\/gearcase-assembly-2\/#primaryimage","url":"https:\/\/europower-parts.cz\/wp-content\/uploads\/2024\/09\/201019-2.jpg","contentUrl":"https:\/\/europower-parts.cz\/wp-content\/uploads\/2024\/09\/201019-2.jpg","width":999,"height":999,"caption":"201019-2"},{"@type":"BreadcrumbList","@id":"https:\/\/europower-parts.cz\/product\/gearcase-assembly-2\/#breadcrumb","itemListElement":[{"@type":"ListItem","position":1,"name":"Home","item":"https:\/\/europower-parts.cz\/cs\/"},{"@type":"ListItem","position":2,"name":"Obchod","item":"https:\/\/europower-parts.cz\/cs\/obchod\/"},{"@type":"ListItem","position":3,"name":"Gearcase Assembly"}]},{"@type":"WebSite","@id":"https:\/\/europower-parts.cz\/#website","url":"https:\/\/europower-parts.cz\/","name":"Europower Parts","description":"","publisher":{"@id":"https:\/\/europower-parts.cz\/#organization"},"potentialAction":[{"@type":"SearchAction","target":{"@type":"EntryPoint","urlTemplate":"https:\/\/europower-parts.cz\/?s={search_term_string}"},"query-input":{"@type":"PropertyValueSpecification","valueRequired":true,"valueName":"search_term_string"}}],"inLanguage":"cs"},{"@type":"Organization","@id":"https:\/\/europower-parts.cz\/#organization","name":"Europower Industries s.r.o.","url":"https:\/\/europower-parts.cz\/","logo":{"@type":"ImageObject","inLanguage":"cs","@id":"https:\/\/europower-parts.cz\/#\/schema\/logo\/image\/","url":"https:\/\/europower-parts.cz\/wp-content\/uploads\/2024\/09\/europower-logo.svg","contentUrl":"https:\/\/europower-parts.cz\/wp-content\/uploads\/2024\/09\/europower-logo.svg","caption":"Europower Industries s.r.o."},"image":{"@id":"https:\/\/europower-parts.cz\/#\/schema\/logo\/image\/"}}]}},"_links":{"self":[{"href":"https:\/\/europower-parts.cz\/cs\/wp-json\/wp\/v2\/product\/5303","targetHints":{"allow":["GET"]}}],"collection":[{"href":"https:\/\/europower-parts.cz\/cs\/wp-json\/wp\/v2\/product"}],"about":[{"href":"https:\/\/europower-parts.cz\/cs\/wp-json\/wp\/v2\/types\/product"}],"replies":[{"embeddable":true,"href":"https:\/\/europower-parts.cz\/cs\/wp-json\/wp\/v2\/comments?post=5303"}],"wp:featuredmedia":[{"embeddable":true,"href":"https:\/\/europower-parts.cz\/cs\/wp-json\/wp\/v2\/media\/16921"}],"wp:attachment":[{"href":"https:\/\/europower-parts.cz\/cs\/wp-json\/wp\/v2\/media?parent=5303"}],"wp:term":[{"taxonomy":"product_brand","embeddable":true,"href":"https:\/\/europower-parts.cz\/cs\/wp-json\/wp\/v2\/product_brand?post=5303"},{"taxonomy":"product_cat","embeddable":true,"href":"https:\/\/europower-parts.cz\/cs\/wp-json\/wp\/v2\/product_cat?post=5303"},{"taxonomy":"product_tag","embeddable":true,"href":"https:\/\/europower-parts.cz\/cs\/wp-json\/wp\/v2\/product_tag?post=5303"}],"curies":[{"name":"wp","href":"https:\/\/api.w.org\/{rel}","templated":true}]}}