{"id":5931,"date":"2024-07-16T11:16:31","date_gmt":"2024-07-16T09:16:31","guid":{"rendered":"https:\/\/europower.skilly.me\/product\/adaptor-bolt-assortment-box\/"},"modified":"2026-01-21T10:19:38","modified_gmt":"2026-01-21T09:19:38","slug":"adaptor-bolt-assortment-box","status":"publish","type":"product","link":"https:\/\/europower-parts.cz\/cs\/product\/adaptor-bolt-assortment-box\/","title":{"rendered":"Adaptor Bolt Assortment Box"},"content":{"rendered":"","protected":false},"excerpt":{"rendered":"<p>Organiz\u00e9r\/Sk\u0159\u00ed\u0148ka na \u0161rouby adapt\u00e9ru: \u0160ROUBY ADAPT\u00c9RU JSOU VHODN\u00c9 PRO V\u0160ECHNY HLAVY O PLO\u0160E 19mm, SK\u0158\u00cd\u0147KA OBSAHUJE: 2X12MM X 1,75 vnit\u0159n\u00ed levoto\u010div\u00fd, 2X12MM X 1,50 \u0161roub se z\u00e1pustnou hlavou, vnit\u0159n\u00ed, levoto\u010div\u00fd, 1X10 MMX1.50 vnit\u0159n\u00ed levoto\u010div\u00fd, 1X10MMX1,25 vnit\u0159n\u00ed levoto\u010div\u00fd, 2X10MMX1.25 vnit\u0159n\u00ed pravoto\u010div\u00fd 1X10, vn\u011bj\u0161\u00ed levoto\u010div\u00fd, 1X 10MMX1.00 vnit\u0159n\u00ed pravoto\u010div\u00fd, 2X10MMX1.00 vnit\u0159n\u00ed levoto\u010div\u00fd, MMX1.25 vnit\u0159n\u00ed pravoto\u010div\u00fd, MMX1,25 vnit\u0159n\u00ed levoto\u010div\u00fd, 2X8MMX1,25 vn\u011bj\u0161\u00ed levoto\u010div\u00fd, 1X8MMX1.25 vnit\u0159n\u00ed pravoto\u010div\u00fd, 2X8MMX1.25 vnit\u0159n\u00ed pravoto\u010div\u00fd, MMX1.00 vnit\u0159n\u00ed pravoto\u010div\u00fd, MMX1,00 vnit\u0159n\u00ed levoto\u010div\u00fd, 1X6MMX1,00 vn\u011bj\u0161\u00ed levoto\u010div\u00fd, 1X6MMX1.00 vnit\u0159n\u00ed pravoto\u010div\u00fd, 1X3 \/ 8 &#8220;X24 UNH vnit\u0159n\u00ed pravoto\u010div\u00fd, 1X3 \/ 8&#8221; X24 UNH vnit\u0159n\u00ed levoto\u010div\u00fd<\/p>\n","protected":false},"featured_media":17399,"comment_status":"open","ping_status":"closed","template":"","meta":[],"product_brand":[],"product_cat":[2903],"product_tag":[],"class_list":{"0":"post-5931","1":"product","2":"type-product","3":"status-publish","4":"has-post-thumbnail","6":"product_cat-231-bolt-screw","8":"first","9":"instock","10":"taxable","11":"shipping-taxable","12":"purchasable","13":"product-type-simple"},"yoast_head":"<!-- This site is optimized with the Yoast SEO plugin v27.5 - https:\/\/yoast.com\/product\/yoast-seo-wordpress\/ -->\n<title>Adaptor Bolt Assortment Box - Europower Parts<\/title>\n<meta name=\"robots\" content=\"index, follow, max-snippet:-1, max-image-preview:large, max-video-preview:-1\" \/>\n<link rel=\"canonical\" href=\"https:\/\/europower-parts.cz\/product\/adaptor-bolt-assortment-box\/\" \/>\n<meta property=\"og:locale\" content=\"cs_CZ\" \/>\n<meta property=\"og:type\" content=\"article\" \/>\n<meta property=\"og:title\" content=\"Adaptor Bolt Assortment Box - Europower Parts\" \/>\n<meta property=\"og:description\" content=\"Organiz\u00e9r\/Sk\u0159\u00ed\u0148ka na \u0161rouby adapt\u00e9ru: \u0160ROUBY ADAPT\u00c9RU JSOU VHODN\u00c9 PRO V\u0160ECHNY HLAVY O PLO\u0160E 19mm, SK\u0158\u00cd\u0147KA OBSAHUJE: 2X12MM X 1,75 vnit\u0159n\u00ed levoto\u010div\u00fd, 2X12MM X 1,50 \u0161roub se z\u00e1pustnou hlavou, vnit\u0159n\u00ed, levoto\u010div\u00fd, 1X10 MMX1.50 vnit\u0159n\u00ed levoto\u010div\u00fd, 1X10MMX1,25 vnit\u0159n\u00ed levoto\u010div\u00fd, 2X10MMX1.25 vnit\u0159n\u00ed pravoto\u010div\u00fd 1X10, vn\u011bj\u0161\u00ed levoto\u010div\u00fd, 1X 10MMX1.00 vnit\u0159n\u00ed pravoto\u010div\u00fd, 2X10MMX1.00 vnit\u0159n\u00ed levoto\u010div\u00fd, MMX1.25 vnit\u0159n\u00ed pravoto\u010div\u00fd, MMX1,25 vnit\u0159n\u00ed levoto\u010div\u00fd, 2X8MMX1,25 vn\u011bj\u0161\u00ed levoto\u010div\u00fd, 1X8MMX1.25 vnit\u0159n\u00ed pravoto\u010div\u00fd, 2X8MMX1.25 vnit\u0159n\u00ed pravoto\u010div\u00fd, MMX1.00 vnit\u0159n\u00ed pravoto\u010div\u00fd, MMX1,00 vnit\u0159n\u00ed levoto\u010div\u00fd, 1X6MMX1,00 vn\u011bj\u0161\u00ed levoto\u010div\u00fd, 1X6MMX1.00 vnit\u0159n\u00ed pravoto\u010div\u00fd, 1X3 \/ 8 &quot;X24 UNH vnit\u0159n\u00ed pravoto\u010div\u00fd, 1X3 \/ 8&quot; X24 UNH vnit\u0159n\u00ed levoto\u010div\u00fd\" \/>\n<meta property=\"og:url\" content=\"https:\/\/europower-parts.cz\/product\/adaptor-bolt-assortment-box\/\" \/>\n<meta property=\"og:site_name\" content=\"Europower Parts\" \/>\n<meta property=\"article:modified_time\" content=\"2026-01-21T09:19:38+00:00\" \/>\n<meta property=\"og:image\" content=\"https:\/\/europower-parts.cz\/wp-content\/uploads\/2024\/09\/231024.jpg\" \/>\n\t<meta property=\"og:image:width\" content=\"1000\" \/>\n\t<meta property=\"og:image:height\" content=\"1000\" \/>\n\t<meta property=\"og:image:type\" content=\"image\/jpeg\" \/>\n<meta name=\"twitter:card\" content=\"summary_large_image\" \/>\n<script type=\"application\/ld+json\" class=\"yoast-schema-graph\">{\"@context\":\"https:\\\/\\\/schema.org\",\"@graph\":[{\"@type\":\"WebPage\",\"@id\":\"https:\\\/\\\/europower-parts.cz\\\/product\\\/adaptor-bolt-assortment-box\\\/\",\"url\":\"https:\\\/\\\/europower-parts.cz\\\/product\\\/adaptor-bolt-assortment-box\\\/\",\"name\":\"Adaptor Bolt Assortment Box - Europower Parts\",\"isPartOf\":{\"@id\":\"https:\\\/\\\/europower-parts.cz\\\/#website\"},\"primaryImageOfPage\":{\"@id\":\"https:\\\/\\\/europower-parts.cz\\\/product\\\/adaptor-bolt-assortment-box\\\/#primaryimage\"},\"image\":{\"@id\":\"https:\\\/\\\/europower-parts.cz\\\/product\\\/adaptor-bolt-assortment-box\\\/#primaryimage\"},\"thumbnailUrl\":\"https:\\\/\\\/europower-parts.cz\\\/wp-content\\\/uploads\\\/2024\\\/09\\\/231024.jpg\",\"datePublished\":\"2024-07-16T09:16:31+00:00\",\"dateModified\":\"2026-01-21T09:19:38+00:00\",\"breadcrumb\":{\"@id\":\"https:\\\/\\\/europower-parts.cz\\\/product\\\/adaptor-bolt-assortment-box\\\/#breadcrumb\"},\"inLanguage\":\"cs\",\"potentialAction\":[{\"@type\":\"ReadAction\",\"target\":[\"https:\\\/\\\/europower-parts.cz\\\/product\\\/adaptor-bolt-assortment-box\\\/\"]}]},{\"@type\":\"ImageObject\",\"inLanguage\":\"cs\",\"@id\":\"https:\\\/\\\/europower-parts.cz\\\/product\\\/adaptor-bolt-assortment-box\\\/#primaryimage\",\"url\":\"https:\\\/\\\/europower-parts.cz\\\/wp-content\\\/uploads\\\/2024\\\/09\\\/231024.jpg\",\"contentUrl\":\"https:\\\/\\\/europower-parts.cz\\\/wp-content\\\/uploads\\\/2024\\\/09\\\/231024.jpg\",\"width\":1000,\"height\":1000,\"caption\":\"231024\"},{\"@type\":\"BreadcrumbList\",\"@id\":\"https:\\\/\\\/europower-parts.cz\\\/product\\\/adaptor-bolt-assortment-box\\\/#breadcrumb\",\"itemListElement\":[{\"@type\":\"ListItem\",\"position\":1,\"name\":\"Home\",\"item\":\"https:\\\/\\\/europower-parts.cz\\\/cs\\\/\"},{\"@type\":\"ListItem\",\"position\":2,\"name\":\"Obchod\",\"item\":\"https:\\\/\\\/europower-parts.cz\\\/cs\\\/obchod\\\/\"},{\"@type\":\"ListItem\",\"position\":3,\"name\":\"Adaptor Bolt Assortment Box\"}]},{\"@type\":\"WebSite\",\"@id\":\"https:\\\/\\\/europower-parts.cz\\\/#website\",\"url\":\"https:\\\/\\\/europower-parts.cz\\\/\",\"name\":\"Europower Parts\",\"description\":\"\",\"publisher\":{\"@id\":\"https:\\\/\\\/europower-parts.cz\\\/#organization\"},\"potentialAction\":[{\"@type\":\"SearchAction\",\"target\":{\"@type\":\"EntryPoint\",\"urlTemplate\":\"https:\\\/\\\/europower-parts.cz\\\/?s={search_term_string}\"},\"query-input\":{\"@type\":\"PropertyValueSpecification\",\"valueRequired\":true,\"valueName\":\"search_term_string\"}}],\"inLanguage\":\"cs\"},{\"@type\":\"Organization\",\"@id\":\"https:\\\/\\\/europower-parts.cz\\\/#organization\",\"name\":\"Europower Industries s.r.o.\",\"url\":\"https:\\\/\\\/europower-parts.cz\\\/\",\"logo\":{\"@type\":\"ImageObject\",\"inLanguage\":\"cs\",\"@id\":\"https:\\\/\\\/europower-parts.cz\\\/#\\\/schema\\\/logo\\\/image\\\/\",\"url\":\"https:\\\/\\\/europower-parts.cz\\\/wp-content\\\/uploads\\\/2024\\\/09\\\/europower-logo.svg\",\"contentUrl\":\"https:\\\/\\\/europower-parts.cz\\\/wp-content\\\/uploads\\\/2024\\\/09\\\/europower-logo.svg\",\"caption\":\"Europower Industries s.r.o.\"},\"image\":{\"@id\":\"https:\\\/\\\/europower-parts.cz\\\/#\\\/schema\\\/logo\\\/image\\\/\"}}]}<\/script>\n<!-- \/ Yoast SEO plugin. -->","yoast_head_json":{"title":"Adaptor Bolt Assortment Box - Europower Parts","robots":{"index":"index","follow":"follow","max-snippet":"max-snippet:-1","max-image-preview":"max-image-preview:large","max-video-preview":"max-video-preview:-1"},"canonical":"https:\/\/europower-parts.cz\/product\/adaptor-bolt-assortment-box\/","og_locale":"cs_CZ","og_type":"article","og_title":"Adaptor Bolt Assortment Box - Europower Parts","og_description":"Organiz\u00e9r\/Sk\u0159\u00ed\u0148ka na \u0161rouby adapt\u00e9ru: \u0160ROUBY ADAPT\u00c9RU JSOU VHODN\u00c9 PRO V\u0160ECHNY HLAVY O PLO\u0160E 19mm, SK\u0158\u00cd\u0147KA OBSAHUJE: 2X12MM X 1,75 vnit\u0159n\u00ed levoto\u010div\u00fd, 2X12MM X 1,50 \u0161roub se z\u00e1pustnou hlavou, vnit\u0159n\u00ed, levoto\u010div\u00fd, 1X10 MMX1.50 vnit\u0159n\u00ed levoto\u010div\u00fd, 1X10MMX1,25 vnit\u0159n\u00ed levoto\u010div\u00fd, 2X10MMX1.25 vnit\u0159n\u00ed pravoto\u010div\u00fd 1X10, vn\u011bj\u0161\u00ed levoto\u010div\u00fd, 1X 10MMX1.00 vnit\u0159n\u00ed pravoto\u010div\u00fd, 2X10MMX1.00 vnit\u0159n\u00ed levoto\u010div\u00fd, MMX1.25 vnit\u0159n\u00ed pravoto\u010div\u00fd, MMX1,25 vnit\u0159n\u00ed levoto\u010div\u00fd, 2X8MMX1,25 vn\u011bj\u0161\u00ed levoto\u010div\u00fd, 1X8MMX1.25 vnit\u0159n\u00ed pravoto\u010div\u00fd, 2X8MMX1.25 vnit\u0159n\u00ed pravoto\u010div\u00fd, MMX1.00 vnit\u0159n\u00ed pravoto\u010div\u00fd, MMX1,00 vnit\u0159n\u00ed levoto\u010div\u00fd, 1X6MMX1,00 vn\u011bj\u0161\u00ed levoto\u010div\u00fd, 1X6MMX1.00 vnit\u0159n\u00ed pravoto\u010div\u00fd, 1X3 \/ 8 \"X24 UNH vnit\u0159n\u00ed pravoto\u010div\u00fd, 1X3 \/ 8\" X24 UNH vnit\u0159n\u00ed levoto\u010div\u00fd","og_url":"https:\/\/europower-parts.cz\/product\/adaptor-bolt-assortment-box\/","og_site_name":"Europower Parts","article_modified_time":"2026-01-21T09:19:38+00:00","og_image":[{"width":1000,"height":1000,"url":"https:\/\/europower-parts.cz\/wp-content\/uploads\/2024\/09\/231024.jpg","type":"image\/jpeg"}],"twitter_card":"summary_large_image","schema":{"@context":"https:\/\/schema.org","@graph":[{"@type":"WebPage","@id":"https:\/\/europower-parts.cz\/product\/adaptor-bolt-assortment-box\/","url":"https:\/\/europower-parts.cz\/product\/adaptor-bolt-assortment-box\/","name":"Adaptor Bolt Assortment Box - Europower Parts","isPartOf":{"@id":"https:\/\/europower-parts.cz\/#website"},"primaryImageOfPage":{"@id":"https:\/\/europower-parts.cz\/product\/adaptor-bolt-assortment-box\/#primaryimage"},"image":{"@id":"https:\/\/europower-parts.cz\/product\/adaptor-bolt-assortment-box\/#primaryimage"},"thumbnailUrl":"https:\/\/europower-parts.cz\/wp-content\/uploads\/2024\/09\/231024.jpg","datePublished":"2024-07-16T09:16:31+00:00","dateModified":"2026-01-21T09:19:38+00:00","breadcrumb":{"@id":"https:\/\/europower-parts.cz\/product\/adaptor-bolt-assortment-box\/#breadcrumb"},"inLanguage":"cs","potentialAction":[{"@type":"ReadAction","target":["https:\/\/europower-parts.cz\/product\/adaptor-bolt-assortment-box\/"]}]},{"@type":"ImageObject","inLanguage":"cs","@id":"https:\/\/europower-parts.cz\/product\/adaptor-bolt-assortment-box\/#primaryimage","url":"https:\/\/europower-parts.cz\/wp-content\/uploads\/2024\/09\/231024.jpg","contentUrl":"https:\/\/europower-parts.cz\/wp-content\/uploads\/2024\/09\/231024.jpg","width":1000,"height":1000,"caption":"231024"},{"@type":"BreadcrumbList","@id":"https:\/\/europower-parts.cz\/product\/adaptor-bolt-assortment-box\/#breadcrumb","itemListElement":[{"@type":"ListItem","position":1,"name":"Home","item":"https:\/\/europower-parts.cz\/cs\/"},{"@type":"ListItem","position":2,"name":"Obchod","item":"https:\/\/europower-parts.cz\/cs\/obchod\/"},{"@type":"ListItem","position":3,"name":"Adaptor Bolt Assortment Box"}]},{"@type":"WebSite","@id":"https:\/\/europower-parts.cz\/#website","url":"https:\/\/europower-parts.cz\/","name":"Europower Parts","description":"","publisher":{"@id":"https:\/\/europower-parts.cz\/#organization"},"potentialAction":[{"@type":"SearchAction","target":{"@type":"EntryPoint","urlTemplate":"https:\/\/europower-parts.cz\/?s={search_term_string}"},"query-input":{"@type":"PropertyValueSpecification","valueRequired":true,"valueName":"search_term_string"}}],"inLanguage":"cs"},{"@type":"Organization","@id":"https:\/\/europower-parts.cz\/#organization","name":"Europower Industries s.r.o.","url":"https:\/\/europower-parts.cz\/","logo":{"@type":"ImageObject","inLanguage":"cs","@id":"https:\/\/europower-parts.cz\/#\/schema\/logo\/image\/","url":"https:\/\/europower-parts.cz\/wp-content\/uploads\/2024\/09\/europower-logo.svg","contentUrl":"https:\/\/europower-parts.cz\/wp-content\/uploads\/2024\/09\/europower-logo.svg","caption":"Europower Industries s.r.o."},"image":{"@id":"https:\/\/europower-parts.cz\/#\/schema\/logo\/image\/"}}]}},"_links":{"self":[{"href":"https:\/\/europower-parts.cz\/cs\/wp-json\/wp\/v2\/product\/5931","targetHints":{"allow":["GET"]}}],"collection":[{"href":"https:\/\/europower-parts.cz\/cs\/wp-json\/wp\/v2\/product"}],"about":[{"href":"https:\/\/europower-parts.cz\/cs\/wp-json\/wp\/v2\/types\/product"}],"replies":[{"embeddable":true,"href":"https:\/\/europower-parts.cz\/cs\/wp-json\/wp\/v2\/comments?post=5931"}],"wp:featuredmedia":[{"embeddable":true,"href":"https:\/\/europower-parts.cz\/cs\/wp-json\/wp\/v2\/media\/17399"}],"wp:attachment":[{"href":"https:\/\/europower-parts.cz\/cs\/wp-json\/wp\/v2\/media?parent=5931"}],"wp:term":[{"taxonomy":"product_brand","embeddable":true,"href":"https:\/\/europower-parts.cz\/cs\/wp-json\/wp\/v2\/product_brand?post=5931"},{"taxonomy":"product_cat","embeddable":true,"href":"https:\/\/europower-parts.cz\/cs\/wp-json\/wp\/v2\/product_cat?post=5931"},{"taxonomy":"product_tag","embeddable":true,"href":"https:\/\/europower-parts.cz\/cs\/wp-json\/wp\/v2\/product_tag?post=5931"}],"curies":[{"name":"wp","href":"https:\/\/api.w.org\/{rel}","templated":true}]}}