{"id":6384,"date":"2024-07-16T11:17:14","date_gmt":"2024-07-16T09:17:14","guid":{"rendered":"https:\/\/europower.skilly.me\/product\/blade-bolt-set\/"},"modified":"2026-01-22T15:18:55","modified_gmt":"2026-01-22T14:18:55","slug":"blade-bolt-set","status":"publish","type":"product","link":"https:\/\/europower-parts.cz\/cs\/product\/blade-bolt-set\/","title":{"rendered":"Blade Bolt Set"},"content":{"rendered":"<p>All VICTA&#8217;s Models from 1974 on. Models including VICTA Autodrive, Bronco Charger, Commando, Commodore, Compact, Corvette, Corsair, Cortina, Craftsman, Electric, Jogger, Lancer, Lightweight, Mayfair, Mustang, Pace, Pacer, Pro-Deluxe, Quadra, Quantum, Rapier, Sabre, Silver Streak, Sports, Standard, Storebrand, Sunbeam Models, Vortex, Tiger, Marque, Wildcat, Super 24, Super 600, Professional 550<\/p>\n","protected":false},"excerpt":{"rendered":"<p>Sada \u0161roub\u016f no\u017ee pro VICTA CAO 9277S, v\u0161echny modely VICTA&#8217;S od roku 1974, modely v\u010detn\u011b AUTODRIVE, BRONCO CHARGER, COMMANDO, COMMODORE, COMPACT, CORVETTE, CORSAIR, CORTINA, CRAFTSMAN, ELECTRIC, JOGGER, LANCER, LIGHTWEIGHT, MAYFAIR, MUSTANG, PACE, PACER, PRO-DELUXE, QUADRA, QUANTUM, RAPIER, SABRE, SILVER STREAK, SPORTS, STANDARD, STOREBRAND, SUNBEAM MODELS, VORTEX, TIGER, MARQUE, WILDCAT, SUPER 24, SUPER 600, PROFESSIONAL 550<\/p>\n","protected":false},"featured_media":17425,"comment_status":"open","ping_status":"closed","template":"","meta":[],"product_brand":[],"product_cat":[2903],"product_tag":[],"class_list":{"0":"post-6384","1":"product","2":"type-product","3":"status-publish","4":"has-post-thumbnail","6":"product_cat-231-bolt-screw","8":"first","9":"instock","10":"taxable","11":"shipping-taxable","12":"purchasable","13":"product-type-simple"},"yoast_head":"<!-- This site is optimized with the Yoast SEO plugin v27.5 - https:\/\/yoast.com\/product\/yoast-seo-wordpress\/ -->\n<title>Blade Bolt Set - Europower Parts<\/title>\n<meta name=\"robots\" content=\"index, follow, max-snippet:-1, max-image-preview:large, max-video-preview:-1\" \/>\n<link rel=\"canonical\" href=\"https:\/\/europower-parts.cz\/product\/blade-bolt-set\/\" \/>\n<meta property=\"og:locale\" content=\"cs_CZ\" \/>\n<meta property=\"og:type\" content=\"article\" \/>\n<meta property=\"og:title\" content=\"Blade Bolt Set - Europower Parts\" \/>\n<meta property=\"og:description\" content=\"Sada \u0161roub\u016f no\u017ee pro VICTA CAO 9277S, v\u0161echny modely VICTA&#039;S od roku 1974, modely v\u010detn\u011b AUTODRIVE, BRONCO CHARGER, COMMANDO, COMMODORE, COMPACT, CORVETTE, CORSAIR, CORTINA, CRAFTSMAN, ELECTRIC, JOGGER, LANCER, LIGHTWEIGHT, MAYFAIR, MUSTANG, PACE, PACER, PRO-DELUXE, QUADRA, QUANTUM, RAPIER, SABRE, SILVER STREAK, SPORTS, STANDARD, STOREBRAND, SUNBEAM MODELS, VORTEX, TIGER, MARQUE, WILDCAT, SUPER 24, SUPER 600, PROFESSIONAL 550\" \/>\n<meta property=\"og:url\" content=\"https:\/\/europower-parts.cz\/product\/blade-bolt-set\/\" \/>\n<meta property=\"og:site_name\" content=\"Europower Parts\" \/>\n<meta property=\"article:modified_time\" content=\"2026-01-22T14:18:55+00:00\" \/>\n<meta property=\"og:image\" content=\"https:\/\/europower-parts.cz\/wp-content\/uploads\/2024\/09\/231025.jpg\" \/>\n\t<meta property=\"og:image:width\" content=\"1000\" \/>\n\t<meta property=\"og:image:height\" content=\"1000\" \/>\n\t<meta property=\"og:image:type\" content=\"image\/jpeg\" \/>\n<meta name=\"twitter:card\" content=\"summary_large_image\" \/>\n<script type=\"application\/ld+json\" class=\"yoast-schema-graph\">{\"@context\":\"https:\\\/\\\/schema.org\",\"@graph\":[{\"@type\":\"WebPage\",\"@id\":\"https:\\\/\\\/europower-parts.cz\\\/product\\\/blade-bolt-set\\\/\",\"url\":\"https:\\\/\\\/europower-parts.cz\\\/product\\\/blade-bolt-set\\\/\",\"name\":\"Blade Bolt Set - Europower Parts\",\"isPartOf\":{\"@id\":\"https:\\\/\\\/europower-parts.cz\\\/#website\"},\"primaryImageOfPage\":{\"@id\":\"https:\\\/\\\/europower-parts.cz\\\/product\\\/blade-bolt-set\\\/#primaryimage\"},\"image\":{\"@id\":\"https:\\\/\\\/europower-parts.cz\\\/product\\\/blade-bolt-set\\\/#primaryimage\"},\"thumbnailUrl\":\"https:\\\/\\\/europower-parts.cz\\\/wp-content\\\/uploads\\\/2024\\\/09\\\/231025.jpg\",\"datePublished\":\"2024-07-16T09:17:14+00:00\",\"dateModified\":\"2026-01-22T14:18:55+00:00\",\"breadcrumb\":{\"@id\":\"https:\\\/\\\/europower-parts.cz\\\/product\\\/blade-bolt-set\\\/#breadcrumb\"},\"inLanguage\":\"cs\",\"potentialAction\":[{\"@type\":\"ReadAction\",\"target\":[\"https:\\\/\\\/europower-parts.cz\\\/product\\\/blade-bolt-set\\\/\"]}]},{\"@type\":\"ImageObject\",\"inLanguage\":\"cs\",\"@id\":\"https:\\\/\\\/europower-parts.cz\\\/product\\\/blade-bolt-set\\\/#primaryimage\",\"url\":\"https:\\\/\\\/europower-parts.cz\\\/wp-content\\\/uploads\\\/2024\\\/09\\\/231025.jpg\",\"contentUrl\":\"https:\\\/\\\/europower-parts.cz\\\/wp-content\\\/uploads\\\/2024\\\/09\\\/231025.jpg\",\"width\":1000,\"height\":1000,\"caption\":\"231025\"},{\"@type\":\"BreadcrumbList\",\"@id\":\"https:\\\/\\\/europower-parts.cz\\\/product\\\/blade-bolt-set\\\/#breadcrumb\",\"itemListElement\":[{\"@type\":\"ListItem\",\"position\":1,\"name\":\"Home\",\"item\":\"https:\\\/\\\/europower-parts.cz\\\/cs\\\/\"},{\"@type\":\"ListItem\",\"position\":2,\"name\":\"Obchod\",\"item\":\"https:\\\/\\\/europower-parts.cz\\\/cs\\\/obchod\\\/\"},{\"@type\":\"ListItem\",\"position\":3,\"name\":\"Blade Bolt Set\"}]},{\"@type\":\"WebSite\",\"@id\":\"https:\\\/\\\/europower-parts.cz\\\/#website\",\"url\":\"https:\\\/\\\/europower-parts.cz\\\/\",\"name\":\"Europower Parts\",\"description\":\"\",\"publisher\":{\"@id\":\"https:\\\/\\\/europower-parts.cz\\\/#organization\"},\"potentialAction\":[{\"@type\":\"SearchAction\",\"target\":{\"@type\":\"EntryPoint\",\"urlTemplate\":\"https:\\\/\\\/europower-parts.cz\\\/?s={search_term_string}\"},\"query-input\":{\"@type\":\"PropertyValueSpecification\",\"valueRequired\":true,\"valueName\":\"search_term_string\"}}],\"inLanguage\":\"cs\"},{\"@type\":\"Organization\",\"@id\":\"https:\\\/\\\/europower-parts.cz\\\/#organization\",\"name\":\"Europower Industries s.r.o.\",\"url\":\"https:\\\/\\\/europower-parts.cz\\\/\",\"logo\":{\"@type\":\"ImageObject\",\"inLanguage\":\"cs\",\"@id\":\"https:\\\/\\\/europower-parts.cz\\\/#\\\/schema\\\/logo\\\/image\\\/\",\"url\":\"https:\\\/\\\/europower-parts.cz\\\/wp-content\\\/uploads\\\/2024\\\/09\\\/europower-logo.svg\",\"contentUrl\":\"https:\\\/\\\/europower-parts.cz\\\/wp-content\\\/uploads\\\/2024\\\/09\\\/europower-logo.svg\",\"caption\":\"Europower Industries s.r.o.\"},\"image\":{\"@id\":\"https:\\\/\\\/europower-parts.cz\\\/#\\\/schema\\\/logo\\\/image\\\/\"}}]}<\/script>\n<!-- \/ Yoast SEO plugin. -->","yoast_head_json":{"title":"Blade Bolt Set - Europower Parts","robots":{"index":"index","follow":"follow","max-snippet":"max-snippet:-1","max-image-preview":"max-image-preview:large","max-video-preview":"max-video-preview:-1"},"canonical":"https:\/\/europower-parts.cz\/product\/blade-bolt-set\/","og_locale":"cs_CZ","og_type":"article","og_title":"Blade Bolt Set - Europower Parts","og_description":"Sada \u0161roub\u016f no\u017ee pro VICTA CAO 9277S, v\u0161echny modely VICTA'S od roku 1974, modely v\u010detn\u011b AUTODRIVE, BRONCO CHARGER, COMMANDO, COMMODORE, COMPACT, CORVETTE, CORSAIR, CORTINA, CRAFTSMAN, ELECTRIC, JOGGER, LANCER, LIGHTWEIGHT, MAYFAIR, MUSTANG, PACE, PACER, PRO-DELUXE, QUADRA, QUANTUM, RAPIER, SABRE, SILVER STREAK, SPORTS, STANDARD, STOREBRAND, SUNBEAM MODELS, VORTEX, TIGER, MARQUE, WILDCAT, SUPER 24, SUPER 600, PROFESSIONAL 550","og_url":"https:\/\/europower-parts.cz\/product\/blade-bolt-set\/","og_site_name":"Europower Parts","article_modified_time":"2026-01-22T14:18:55+00:00","og_image":[{"width":1000,"height":1000,"url":"https:\/\/europower-parts.cz\/wp-content\/uploads\/2024\/09\/231025.jpg","type":"image\/jpeg"}],"twitter_card":"summary_large_image","schema":{"@context":"https:\/\/schema.org","@graph":[{"@type":"WebPage","@id":"https:\/\/europower-parts.cz\/product\/blade-bolt-set\/","url":"https:\/\/europower-parts.cz\/product\/blade-bolt-set\/","name":"Blade Bolt Set - Europower Parts","isPartOf":{"@id":"https:\/\/europower-parts.cz\/#website"},"primaryImageOfPage":{"@id":"https:\/\/europower-parts.cz\/product\/blade-bolt-set\/#primaryimage"},"image":{"@id":"https:\/\/europower-parts.cz\/product\/blade-bolt-set\/#primaryimage"},"thumbnailUrl":"https:\/\/europower-parts.cz\/wp-content\/uploads\/2024\/09\/231025.jpg","datePublished":"2024-07-16T09:17:14+00:00","dateModified":"2026-01-22T14:18:55+00:00","breadcrumb":{"@id":"https:\/\/europower-parts.cz\/product\/blade-bolt-set\/#breadcrumb"},"inLanguage":"cs","potentialAction":[{"@type":"ReadAction","target":["https:\/\/europower-parts.cz\/product\/blade-bolt-set\/"]}]},{"@type":"ImageObject","inLanguage":"cs","@id":"https:\/\/europower-parts.cz\/product\/blade-bolt-set\/#primaryimage","url":"https:\/\/europower-parts.cz\/wp-content\/uploads\/2024\/09\/231025.jpg","contentUrl":"https:\/\/europower-parts.cz\/wp-content\/uploads\/2024\/09\/231025.jpg","width":1000,"height":1000,"caption":"231025"},{"@type":"BreadcrumbList","@id":"https:\/\/europower-parts.cz\/product\/blade-bolt-set\/#breadcrumb","itemListElement":[{"@type":"ListItem","position":1,"name":"Home","item":"https:\/\/europower-parts.cz\/cs\/"},{"@type":"ListItem","position":2,"name":"Obchod","item":"https:\/\/europower-parts.cz\/cs\/obchod\/"},{"@type":"ListItem","position":3,"name":"Blade Bolt Set"}]},{"@type":"WebSite","@id":"https:\/\/europower-parts.cz\/#website","url":"https:\/\/europower-parts.cz\/","name":"Europower Parts","description":"","publisher":{"@id":"https:\/\/europower-parts.cz\/#organization"},"potentialAction":[{"@type":"SearchAction","target":{"@type":"EntryPoint","urlTemplate":"https:\/\/europower-parts.cz\/?s={search_term_string}"},"query-input":{"@type":"PropertyValueSpecification","valueRequired":true,"valueName":"search_term_string"}}],"inLanguage":"cs"},{"@type":"Organization","@id":"https:\/\/europower-parts.cz\/#organization","name":"Europower Industries s.r.o.","url":"https:\/\/europower-parts.cz\/","logo":{"@type":"ImageObject","inLanguage":"cs","@id":"https:\/\/europower-parts.cz\/#\/schema\/logo\/image\/","url":"https:\/\/europower-parts.cz\/wp-content\/uploads\/2024\/09\/europower-logo.svg","contentUrl":"https:\/\/europower-parts.cz\/wp-content\/uploads\/2024\/09\/europower-logo.svg","caption":"Europower Industries s.r.o."},"image":{"@id":"https:\/\/europower-parts.cz\/#\/schema\/logo\/image\/"}}]}},"_links":{"self":[{"href":"https:\/\/europower-parts.cz\/cs\/wp-json\/wp\/v2\/product\/6384","targetHints":{"allow":["GET"]}}],"collection":[{"href":"https:\/\/europower-parts.cz\/cs\/wp-json\/wp\/v2\/product"}],"about":[{"href":"https:\/\/europower-parts.cz\/cs\/wp-json\/wp\/v2\/types\/product"}],"replies":[{"embeddable":true,"href":"https:\/\/europower-parts.cz\/cs\/wp-json\/wp\/v2\/comments?post=6384"}],"wp:featuredmedia":[{"embeddable":true,"href":"https:\/\/europower-parts.cz\/cs\/wp-json\/wp\/v2\/media\/17425"}],"wp:attachment":[{"href":"https:\/\/europower-parts.cz\/cs\/wp-json\/wp\/v2\/media?parent=6384"}],"wp:term":[{"taxonomy":"product_brand","embeddable":true,"href":"https:\/\/europower-parts.cz\/cs\/wp-json\/wp\/v2\/product_brand?post=6384"},{"taxonomy":"product_cat","embeddable":true,"href":"https:\/\/europower-parts.cz\/cs\/wp-json\/wp\/v2\/product_cat?post=6384"},{"taxonomy":"product_tag","embeddable":true,"href":"https:\/\/europower-parts.cz\/cs\/wp-json\/wp\/v2\/product_tag?post=6384"}],"curies":[{"name":"wp","href":"https:\/\/api.w.org\/{rel}","templated":true}]}}