{"id":6434,"date":"2024-07-16T11:17:19","date_gmt":"2024-07-16T09:17:19","guid":{"rendered":"https:\/\/europower.skilly.me\/product\/switch-assembly-kit\/"},"modified":"2026-01-16T16:03:56","modified_gmt":"2026-01-16T15:03:56","slug":"switch-assembly-kit","status":"publish","type":"product","link":"https:\/\/europower-parts.cz\/cs\/product\/switch-assembly-kit\/","title":{"rendered":"Switch Assembly Kit"},"content":{"rendered":"<p>Castelgarden TWINCUT F72, TC92<\/p>\n","protected":false},"excerpt":{"rendered":"<p>Sada sp\u00edna\u010d\u016f pro CASTEL GARDEN 19410607, vhodn\u00e9 pro modely F72, TC92 TWIST LOCK SEAT SWITCH ASSEMBLY KIT, CASTEL GARDEN 19410607, hod\u00ed se pro modely F72, TC92, SINGLE POST, TWIST LOCK MOUNT, NORMALLY OPEN, USES OUR 12-1195 KEY     <\/p>\n","protected":false},"featured_media":15033,"comment_status":"open","ping_status":"closed","template":"","meta":[],"product_brand":[],"product_cat":[2857],"product_tag":[],"class_list":{"0":"post-6434","1":"product","2":"type-product","3":"status-publish","4":"has-post-thumbnail","6":"product_cat-108-other-switch","8":"first","9":"instock","10":"taxable","11":"shipping-taxable","12":"purchasable","13":"product-type-simple"},"yoast_head":"<!-- This site is optimized with the Yoast SEO plugin v27.5 - https:\/\/yoast.com\/product\/yoast-seo-wordpress\/ -->\n<title>Switch Assembly Kit - Europower Parts<\/title>\n<meta name=\"robots\" content=\"index, follow, max-snippet:-1, max-image-preview:large, max-video-preview:-1\" \/>\n<link rel=\"canonical\" href=\"https:\/\/europower-parts.cz\/product\/switch-assembly-kit\/\" \/>\n<meta property=\"og:locale\" content=\"cs_CZ\" \/>\n<meta property=\"og:type\" content=\"article\" \/>\n<meta property=\"og:title\" content=\"Switch Assembly Kit - Europower Parts\" \/>\n<meta property=\"og:description\" content=\"Sada sp\u00edna\u010d\u016f pro CASTEL GARDEN 19410607, vhodn\u00e9 pro modely F72, TC92 TWIST LOCK SEAT SWITCH ASSEMBLY KIT, CASTEL GARDEN 19410607, hod\u00ed se pro modely F72, TC92, SINGLE POST, TWIST LOCK MOUNT, NORMALLY OPEN, USES OUR 12-1195 KEY\" \/>\n<meta property=\"og:url\" content=\"https:\/\/europower-parts.cz\/product\/switch-assembly-kit\/\" \/>\n<meta property=\"og:site_name\" content=\"Europower Parts\" \/>\n<meta property=\"article:modified_time\" content=\"2026-01-16T15:03:56+00:00\" \/>\n<meta property=\"og:image\" content=\"https:\/\/europower-parts.cz\/wp-content\/uploads\/2024\/09\/108003-21.jpg\" \/>\n\t<meta property=\"og:image:width\" content=\"1000\" \/>\n\t<meta property=\"og:image:height\" content=\"1000\" \/>\n\t<meta property=\"og:image:type\" content=\"image\/jpeg\" \/>\n<meta name=\"twitter:card\" content=\"summary_large_image\" \/>\n<script type=\"application\/ld+json\" class=\"yoast-schema-graph\">{\"@context\":\"https:\\\/\\\/schema.org\",\"@graph\":[{\"@type\":\"WebPage\",\"@id\":\"https:\\\/\\\/europower-parts.cz\\\/product\\\/switch-assembly-kit\\\/\",\"url\":\"https:\\\/\\\/europower-parts.cz\\\/product\\\/switch-assembly-kit\\\/\",\"name\":\"Switch Assembly Kit - Europower Parts\",\"isPartOf\":{\"@id\":\"https:\\\/\\\/europower-parts.cz\\\/#website\"},\"primaryImageOfPage\":{\"@id\":\"https:\\\/\\\/europower-parts.cz\\\/product\\\/switch-assembly-kit\\\/#primaryimage\"},\"image\":{\"@id\":\"https:\\\/\\\/europower-parts.cz\\\/product\\\/switch-assembly-kit\\\/#primaryimage\"},\"thumbnailUrl\":\"https:\\\/\\\/europower-parts.cz\\\/wp-content\\\/uploads\\\/2024\\\/09\\\/108003-21.jpg\",\"datePublished\":\"2024-07-16T09:17:19+00:00\",\"dateModified\":\"2026-01-16T15:03:56+00:00\",\"breadcrumb\":{\"@id\":\"https:\\\/\\\/europower-parts.cz\\\/product\\\/switch-assembly-kit\\\/#breadcrumb\"},\"inLanguage\":\"cs\",\"potentialAction\":[{\"@type\":\"ReadAction\",\"target\":[\"https:\\\/\\\/europower-parts.cz\\\/product\\\/switch-assembly-kit\\\/\"]}]},{\"@type\":\"ImageObject\",\"inLanguage\":\"cs\",\"@id\":\"https:\\\/\\\/europower-parts.cz\\\/product\\\/switch-assembly-kit\\\/#primaryimage\",\"url\":\"https:\\\/\\\/europower-parts.cz\\\/wp-content\\\/uploads\\\/2024\\\/09\\\/108003-21.jpg\",\"contentUrl\":\"https:\\\/\\\/europower-parts.cz\\\/wp-content\\\/uploads\\\/2024\\\/09\\\/108003-21.jpg\",\"width\":1000,\"height\":1000,\"caption\":\"108003-21\"},{\"@type\":\"BreadcrumbList\",\"@id\":\"https:\\\/\\\/europower-parts.cz\\\/product\\\/switch-assembly-kit\\\/#breadcrumb\",\"itemListElement\":[{\"@type\":\"ListItem\",\"position\":1,\"name\":\"Home\",\"item\":\"https:\\\/\\\/europower-parts.cz\\\/cs\\\/\"},{\"@type\":\"ListItem\",\"position\":2,\"name\":\"Obchod\",\"item\":\"https:\\\/\\\/europower-parts.cz\\\/cs\\\/obchod\\\/\"},{\"@type\":\"ListItem\",\"position\":3,\"name\":\"Switch Assembly Kit\"}]},{\"@type\":\"WebSite\",\"@id\":\"https:\\\/\\\/europower-parts.cz\\\/#website\",\"url\":\"https:\\\/\\\/europower-parts.cz\\\/\",\"name\":\"Europower Parts\",\"description\":\"\",\"publisher\":{\"@id\":\"https:\\\/\\\/europower-parts.cz\\\/#organization\"},\"potentialAction\":[{\"@type\":\"SearchAction\",\"target\":{\"@type\":\"EntryPoint\",\"urlTemplate\":\"https:\\\/\\\/europower-parts.cz\\\/?s={search_term_string}\"},\"query-input\":{\"@type\":\"PropertyValueSpecification\",\"valueRequired\":true,\"valueName\":\"search_term_string\"}}],\"inLanguage\":\"cs\"},{\"@type\":\"Organization\",\"@id\":\"https:\\\/\\\/europower-parts.cz\\\/#organization\",\"name\":\"Europower Industries s.r.o.\",\"url\":\"https:\\\/\\\/europower-parts.cz\\\/\",\"logo\":{\"@type\":\"ImageObject\",\"inLanguage\":\"cs\",\"@id\":\"https:\\\/\\\/europower-parts.cz\\\/#\\\/schema\\\/logo\\\/image\\\/\",\"url\":\"https:\\\/\\\/europower-parts.cz\\\/wp-content\\\/uploads\\\/2024\\\/09\\\/europower-logo.svg\",\"contentUrl\":\"https:\\\/\\\/europower-parts.cz\\\/wp-content\\\/uploads\\\/2024\\\/09\\\/europower-logo.svg\",\"caption\":\"Europower Industries s.r.o.\"},\"image\":{\"@id\":\"https:\\\/\\\/europower-parts.cz\\\/#\\\/schema\\\/logo\\\/image\\\/\"}}]}<\/script>\n<!-- \/ Yoast SEO plugin. -->","yoast_head_json":{"title":"Switch Assembly Kit - Europower Parts","robots":{"index":"index","follow":"follow","max-snippet":"max-snippet:-1","max-image-preview":"max-image-preview:large","max-video-preview":"max-video-preview:-1"},"canonical":"https:\/\/europower-parts.cz\/product\/switch-assembly-kit\/","og_locale":"cs_CZ","og_type":"article","og_title":"Switch Assembly Kit - Europower Parts","og_description":"Sada sp\u00edna\u010d\u016f pro CASTEL GARDEN 19410607, vhodn\u00e9 pro modely F72, TC92 TWIST LOCK SEAT SWITCH ASSEMBLY KIT, CASTEL GARDEN 19410607, hod\u00ed se pro modely F72, TC92, SINGLE POST, TWIST LOCK MOUNT, NORMALLY OPEN, USES OUR 12-1195 KEY","og_url":"https:\/\/europower-parts.cz\/product\/switch-assembly-kit\/","og_site_name":"Europower Parts","article_modified_time":"2026-01-16T15:03:56+00:00","og_image":[{"width":1000,"height":1000,"url":"https:\/\/europower-parts.cz\/wp-content\/uploads\/2024\/09\/108003-21.jpg","type":"image\/jpeg"}],"twitter_card":"summary_large_image","schema":{"@context":"https:\/\/schema.org","@graph":[{"@type":"WebPage","@id":"https:\/\/europower-parts.cz\/product\/switch-assembly-kit\/","url":"https:\/\/europower-parts.cz\/product\/switch-assembly-kit\/","name":"Switch Assembly Kit - Europower Parts","isPartOf":{"@id":"https:\/\/europower-parts.cz\/#website"},"primaryImageOfPage":{"@id":"https:\/\/europower-parts.cz\/product\/switch-assembly-kit\/#primaryimage"},"image":{"@id":"https:\/\/europower-parts.cz\/product\/switch-assembly-kit\/#primaryimage"},"thumbnailUrl":"https:\/\/europower-parts.cz\/wp-content\/uploads\/2024\/09\/108003-21.jpg","datePublished":"2024-07-16T09:17:19+00:00","dateModified":"2026-01-16T15:03:56+00:00","breadcrumb":{"@id":"https:\/\/europower-parts.cz\/product\/switch-assembly-kit\/#breadcrumb"},"inLanguage":"cs","potentialAction":[{"@type":"ReadAction","target":["https:\/\/europower-parts.cz\/product\/switch-assembly-kit\/"]}]},{"@type":"ImageObject","inLanguage":"cs","@id":"https:\/\/europower-parts.cz\/product\/switch-assembly-kit\/#primaryimage","url":"https:\/\/europower-parts.cz\/wp-content\/uploads\/2024\/09\/108003-21.jpg","contentUrl":"https:\/\/europower-parts.cz\/wp-content\/uploads\/2024\/09\/108003-21.jpg","width":1000,"height":1000,"caption":"108003-21"},{"@type":"BreadcrumbList","@id":"https:\/\/europower-parts.cz\/product\/switch-assembly-kit\/#breadcrumb","itemListElement":[{"@type":"ListItem","position":1,"name":"Home","item":"https:\/\/europower-parts.cz\/cs\/"},{"@type":"ListItem","position":2,"name":"Obchod","item":"https:\/\/europower-parts.cz\/cs\/obchod\/"},{"@type":"ListItem","position":3,"name":"Switch Assembly Kit"}]},{"@type":"WebSite","@id":"https:\/\/europower-parts.cz\/#website","url":"https:\/\/europower-parts.cz\/","name":"Europower Parts","description":"","publisher":{"@id":"https:\/\/europower-parts.cz\/#organization"},"potentialAction":[{"@type":"SearchAction","target":{"@type":"EntryPoint","urlTemplate":"https:\/\/europower-parts.cz\/?s={search_term_string}"},"query-input":{"@type":"PropertyValueSpecification","valueRequired":true,"valueName":"search_term_string"}}],"inLanguage":"cs"},{"@type":"Organization","@id":"https:\/\/europower-parts.cz\/#organization","name":"Europower Industries s.r.o.","url":"https:\/\/europower-parts.cz\/","logo":{"@type":"ImageObject","inLanguage":"cs","@id":"https:\/\/europower-parts.cz\/#\/schema\/logo\/image\/","url":"https:\/\/europower-parts.cz\/wp-content\/uploads\/2024\/09\/europower-logo.svg","contentUrl":"https:\/\/europower-parts.cz\/wp-content\/uploads\/2024\/09\/europower-logo.svg","caption":"Europower Industries s.r.o."},"image":{"@id":"https:\/\/europower-parts.cz\/#\/schema\/logo\/image\/"}}]}},"_links":{"self":[{"href":"https:\/\/europower-parts.cz\/cs\/wp-json\/wp\/v2\/product\/6434","targetHints":{"allow":["GET"]}}],"collection":[{"href":"https:\/\/europower-parts.cz\/cs\/wp-json\/wp\/v2\/product"}],"about":[{"href":"https:\/\/europower-parts.cz\/cs\/wp-json\/wp\/v2\/types\/product"}],"replies":[{"embeddable":true,"href":"https:\/\/europower-parts.cz\/cs\/wp-json\/wp\/v2\/comments?post=6434"}],"wp:featuredmedia":[{"embeddable":true,"href":"https:\/\/europower-parts.cz\/cs\/wp-json\/wp\/v2\/media\/15033"}],"wp:attachment":[{"href":"https:\/\/europower-parts.cz\/cs\/wp-json\/wp\/v2\/media?parent=6434"}],"wp:term":[{"taxonomy":"product_brand","embeddable":true,"href":"https:\/\/europower-parts.cz\/cs\/wp-json\/wp\/v2\/product_brand?post=6434"},{"taxonomy":"product_cat","embeddable":true,"href":"https:\/\/europower-parts.cz\/cs\/wp-json\/wp\/v2\/product_cat?post=6434"},{"taxonomy":"product_tag","embeddable":true,"href":"https:\/\/europower-parts.cz\/cs\/wp-json\/wp\/v2\/product_tag?post=6434"}],"curies":[{"name":"wp","href":"https:\/\/api.w.org\/{rel}","templated":true}]}}