{"id":6896,"date":"2024-07-16T11:18:06","date_gmt":"2024-07-16T09:18:06","guid":{"rendered":"https:\/\/europower.skilly.me\/product\/carburetor-pressure-gauge\/"},"modified":"2025-10-30T00:11:02","modified_gmt":"2025-10-29T23:11:02","slug":"carburetor-pressure-gauge","status":"publish","type":"product","link":"https:\/\/europower-parts.cz\/cs\/product\/carburetor-pressure-gauge\/","title":{"rendered":"Carburetor Pressure Gauge"},"content":{"rendered":"","protected":false},"excerpt":{"rendered":"<p>WALBRO 57-21, TILLOTSON 243-504 \/ 243504, ZAMA ZPG-2, 15 PSI Manometr, vyu\u017e\u00edvan\u00fd na testov\u00e1n\u00ed prosakov\u00e1n\u00ed 2-Cyklov\u00fdch Karbur\u00e1tor\u016f <\/p>\n","protected":false},"featured_media":16126,"comment_status":"open","ping_status":"closed","template":"","meta":[],"product_brand":[],"product_cat":[2939],"product_tag":[],"class_list":{"0":"post-6896","1":"product","2":"type-product","3":"status-publish","4":"has-post-thumbnail","6":"product_cat-139-carburetor-related","8":"first","9":"instock","10":"taxable","11":"shipping-taxable","12":"purchasable","13":"product-type-simple"},"yoast_head":"<!-- This site is optimized with the Yoast SEO plugin v27.5 - https:\/\/yoast.com\/product\/yoast-seo-wordpress\/ -->\n<title>Carburetor Pressure Gauge - Europower Parts<\/title>\n<meta name=\"robots\" content=\"index, follow, max-snippet:-1, max-image-preview:large, max-video-preview:-1\" \/>\n<link rel=\"canonical\" href=\"https:\/\/europower-parts.cz\/product\/carburetor-pressure-gauge\/\" \/>\n<meta property=\"og:locale\" content=\"cs_CZ\" \/>\n<meta property=\"og:type\" content=\"article\" \/>\n<meta property=\"og:title\" content=\"Carburetor Pressure Gauge - Europower Parts\" \/>\n<meta property=\"og:description\" content=\"WALBRO 57-21, TILLOTSON 243-504 \/ 243504, ZAMA ZPG-2, 15 PSI Manometr, vyu\u017e\u00edvan\u00fd na testov\u00e1n\u00ed prosakov\u00e1n\u00ed 2-Cyklov\u00fdch Karbur\u00e1tor\u016f\" \/>\n<meta property=\"og:url\" content=\"https:\/\/europower-parts.cz\/product\/carburetor-pressure-gauge\/\" \/>\n<meta property=\"og:site_name\" content=\"Europower Parts\" \/>\n<meta property=\"article:modified_time\" content=\"2025-10-29T23:11:02+00:00\" \/>\n<meta property=\"og:image\" content=\"https:\/\/europower-parts.cz\/wp-content\/uploads\/2024\/09\/139015.jpg\" \/>\n\t<meta property=\"og:image:width\" content=\"1000\" \/>\n\t<meta property=\"og:image:height\" content=\"1000\" \/>\n\t<meta property=\"og:image:type\" content=\"image\/jpeg\" \/>\n<meta name=\"twitter:card\" content=\"summary_large_image\" \/>\n<script type=\"application\/ld+json\" class=\"yoast-schema-graph\">{\"@context\":\"https:\\\/\\\/schema.org\",\"@graph\":[{\"@type\":\"WebPage\",\"@id\":\"https:\\\/\\\/europower-parts.cz\\\/product\\\/carburetor-pressure-gauge\\\/\",\"url\":\"https:\\\/\\\/europower-parts.cz\\\/product\\\/carburetor-pressure-gauge\\\/\",\"name\":\"Carburetor Pressure Gauge - Europower Parts\",\"isPartOf\":{\"@id\":\"https:\\\/\\\/europower-parts.cz\\\/#website\"},\"primaryImageOfPage\":{\"@id\":\"https:\\\/\\\/europower-parts.cz\\\/product\\\/carburetor-pressure-gauge\\\/#primaryimage\"},\"image\":{\"@id\":\"https:\\\/\\\/europower-parts.cz\\\/product\\\/carburetor-pressure-gauge\\\/#primaryimage\"},\"thumbnailUrl\":\"https:\\\/\\\/europower-parts.cz\\\/wp-content\\\/uploads\\\/2024\\\/09\\\/139015.jpg\",\"datePublished\":\"2024-07-16T09:18:06+00:00\",\"dateModified\":\"2025-10-29T23:11:02+00:00\",\"breadcrumb\":{\"@id\":\"https:\\\/\\\/europower-parts.cz\\\/product\\\/carburetor-pressure-gauge\\\/#breadcrumb\"},\"inLanguage\":\"cs\",\"potentialAction\":[{\"@type\":\"ReadAction\",\"target\":[\"https:\\\/\\\/europower-parts.cz\\\/product\\\/carburetor-pressure-gauge\\\/\"]}]},{\"@type\":\"ImageObject\",\"inLanguage\":\"cs\",\"@id\":\"https:\\\/\\\/europower-parts.cz\\\/product\\\/carburetor-pressure-gauge\\\/#primaryimage\",\"url\":\"https:\\\/\\\/europower-parts.cz\\\/wp-content\\\/uploads\\\/2024\\\/09\\\/139015.jpg\",\"contentUrl\":\"https:\\\/\\\/europower-parts.cz\\\/wp-content\\\/uploads\\\/2024\\\/09\\\/139015.jpg\",\"width\":1000,\"height\":1000,\"caption\":\"139015\"},{\"@type\":\"BreadcrumbList\",\"@id\":\"https:\\\/\\\/europower-parts.cz\\\/product\\\/carburetor-pressure-gauge\\\/#breadcrumb\",\"itemListElement\":[{\"@type\":\"ListItem\",\"position\":1,\"name\":\"Home\",\"item\":\"https:\\\/\\\/europower-parts.cz\\\/cs\\\/\"},{\"@type\":\"ListItem\",\"position\":2,\"name\":\"Obchod\",\"item\":\"https:\\\/\\\/europower-parts.cz\\\/cs\\\/obchod\\\/\"},{\"@type\":\"ListItem\",\"position\":3,\"name\":\"Carburetor Pressure Gauge\"}]},{\"@type\":\"WebSite\",\"@id\":\"https:\\\/\\\/europower-parts.cz\\\/#website\",\"url\":\"https:\\\/\\\/europower-parts.cz\\\/\",\"name\":\"Europower Parts\",\"description\":\"\",\"publisher\":{\"@id\":\"https:\\\/\\\/europower-parts.cz\\\/#organization\"},\"potentialAction\":[{\"@type\":\"SearchAction\",\"target\":{\"@type\":\"EntryPoint\",\"urlTemplate\":\"https:\\\/\\\/europower-parts.cz\\\/?s={search_term_string}\"},\"query-input\":{\"@type\":\"PropertyValueSpecification\",\"valueRequired\":true,\"valueName\":\"search_term_string\"}}],\"inLanguage\":\"cs\"},{\"@type\":\"Organization\",\"@id\":\"https:\\\/\\\/europower-parts.cz\\\/#organization\",\"name\":\"Europower Industries s.r.o.\",\"url\":\"https:\\\/\\\/europower-parts.cz\\\/\",\"logo\":{\"@type\":\"ImageObject\",\"inLanguage\":\"cs\",\"@id\":\"https:\\\/\\\/europower-parts.cz\\\/#\\\/schema\\\/logo\\\/image\\\/\",\"url\":\"https:\\\/\\\/europower-parts.cz\\\/wp-content\\\/uploads\\\/2024\\\/09\\\/europower-logo.svg\",\"contentUrl\":\"https:\\\/\\\/europower-parts.cz\\\/wp-content\\\/uploads\\\/2024\\\/09\\\/europower-logo.svg\",\"caption\":\"Europower Industries s.r.o.\"},\"image\":{\"@id\":\"https:\\\/\\\/europower-parts.cz\\\/#\\\/schema\\\/logo\\\/image\\\/\"}}]}<\/script>\n<!-- \/ Yoast SEO plugin. -->","yoast_head_json":{"title":"Carburetor Pressure Gauge - Europower Parts","robots":{"index":"index","follow":"follow","max-snippet":"max-snippet:-1","max-image-preview":"max-image-preview:large","max-video-preview":"max-video-preview:-1"},"canonical":"https:\/\/europower-parts.cz\/product\/carburetor-pressure-gauge\/","og_locale":"cs_CZ","og_type":"article","og_title":"Carburetor Pressure Gauge - Europower Parts","og_description":"WALBRO 57-21, TILLOTSON 243-504 \/ 243504, ZAMA ZPG-2, 15 PSI Manometr, vyu\u017e\u00edvan\u00fd na testov\u00e1n\u00ed prosakov\u00e1n\u00ed 2-Cyklov\u00fdch Karbur\u00e1tor\u016f","og_url":"https:\/\/europower-parts.cz\/product\/carburetor-pressure-gauge\/","og_site_name":"Europower Parts","article_modified_time":"2025-10-29T23:11:02+00:00","og_image":[{"width":1000,"height":1000,"url":"https:\/\/europower-parts.cz\/wp-content\/uploads\/2024\/09\/139015.jpg","type":"image\/jpeg"}],"twitter_card":"summary_large_image","schema":{"@context":"https:\/\/schema.org","@graph":[{"@type":"WebPage","@id":"https:\/\/europower-parts.cz\/product\/carburetor-pressure-gauge\/","url":"https:\/\/europower-parts.cz\/product\/carburetor-pressure-gauge\/","name":"Carburetor Pressure Gauge - Europower Parts","isPartOf":{"@id":"https:\/\/europower-parts.cz\/#website"},"primaryImageOfPage":{"@id":"https:\/\/europower-parts.cz\/product\/carburetor-pressure-gauge\/#primaryimage"},"image":{"@id":"https:\/\/europower-parts.cz\/product\/carburetor-pressure-gauge\/#primaryimage"},"thumbnailUrl":"https:\/\/europower-parts.cz\/wp-content\/uploads\/2024\/09\/139015.jpg","datePublished":"2024-07-16T09:18:06+00:00","dateModified":"2025-10-29T23:11:02+00:00","breadcrumb":{"@id":"https:\/\/europower-parts.cz\/product\/carburetor-pressure-gauge\/#breadcrumb"},"inLanguage":"cs","potentialAction":[{"@type":"ReadAction","target":["https:\/\/europower-parts.cz\/product\/carburetor-pressure-gauge\/"]}]},{"@type":"ImageObject","inLanguage":"cs","@id":"https:\/\/europower-parts.cz\/product\/carburetor-pressure-gauge\/#primaryimage","url":"https:\/\/europower-parts.cz\/wp-content\/uploads\/2024\/09\/139015.jpg","contentUrl":"https:\/\/europower-parts.cz\/wp-content\/uploads\/2024\/09\/139015.jpg","width":1000,"height":1000,"caption":"139015"},{"@type":"BreadcrumbList","@id":"https:\/\/europower-parts.cz\/product\/carburetor-pressure-gauge\/#breadcrumb","itemListElement":[{"@type":"ListItem","position":1,"name":"Home","item":"https:\/\/europower-parts.cz\/cs\/"},{"@type":"ListItem","position":2,"name":"Obchod","item":"https:\/\/europower-parts.cz\/cs\/obchod\/"},{"@type":"ListItem","position":3,"name":"Carburetor Pressure Gauge"}]},{"@type":"WebSite","@id":"https:\/\/europower-parts.cz\/#website","url":"https:\/\/europower-parts.cz\/","name":"Europower Parts","description":"","publisher":{"@id":"https:\/\/europower-parts.cz\/#organization"},"potentialAction":[{"@type":"SearchAction","target":{"@type":"EntryPoint","urlTemplate":"https:\/\/europower-parts.cz\/?s={search_term_string}"},"query-input":{"@type":"PropertyValueSpecification","valueRequired":true,"valueName":"search_term_string"}}],"inLanguage":"cs"},{"@type":"Organization","@id":"https:\/\/europower-parts.cz\/#organization","name":"Europower Industries s.r.o.","url":"https:\/\/europower-parts.cz\/","logo":{"@type":"ImageObject","inLanguage":"cs","@id":"https:\/\/europower-parts.cz\/#\/schema\/logo\/image\/","url":"https:\/\/europower-parts.cz\/wp-content\/uploads\/2024\/09\/europower-logo.svg","contentUrl":"https:\/\/europower-parts.cz\/wp-content\/uploads\/2024\/09\/europower-logo.svg","caption":"Europower Industries s.r.o."},"image":{"@id":"https:\/\/europower-parts.cz\/#\/schema\/logo\/image\/"}}]}},"_links":{"self":[{"href":"https:\/\/europower-parts.cz\/cs\/wp-json\/wp\/v2\/product\/6896","targetHints":{"allow":["GET"]}}],"collection":[{"href":"https:\/\/europower-parts.cz\/cs\/wp-json\/wp\/v2\/product"}],"about":[{"href":"https:\/\/europower-parts.cz\/cs\/wp-json\/wp\/v2\/types\/product"}],"replies":[{"embeddable":true,"href":"https:\/\/europower-parts.cz\/cs\/wp-json\/wp\/v2\/comments?post=6896"}],"wp:featuredmedia":[{"embeddable":true,"href":"https:\/\/europower-parts.cz\/cs\/wp-json\/wp\/v2\/media\/16126"}],"wp:attachment":[{"href":"https:\/\/europower-parts.cz\/cs\/wp-json\/wp\/v2\/media?parent=6896"}],"wp:term":[{"taxonomy":"product_brand","embeddable":true,"href":"https:\/\/europower-parts.cz\/cs\/wp-json\/wp\/v2\/product_brand?post=6896"},{"taxonomy":"product_cat","embeddable":true,"href":"https:\/\/europower-parts.cz\/cs\/wp-json\/wp\/v2\/product_cat?post=6896"},{"taxonomy":"product_tag","embeddable":true,"href":"https:\/\/europower-parts.cz\/cs\/wp-json\/wp\/v2\/product_tag?post=6896"}],"curies":[{"name":"wp","href":"https:\/\/api.w.org\/{rel}","templated":true}]}}