{"id":6972,"date":"2024-07-16T11:18:14","date_gmt":"2024-07-16T09:18:14","guid":{"rendered":"https:\/\/europower.skilly.me\/product\/chainsaw-gutter-collecting-tray\/"},"modified":"2026-04-03T16:05:39","modified_gmt":"2026-04-03T14:05:39","slug":"chainsaw-gutter-collecting-tray","status":"publish","type":"product","link":"https:\/\/europower-parts.cz\/cs\/product\/chainsaw-gutter-collecting-tray\/","title":{"rendered":"Chainsaw Gutter \/ Collecting Tray"},"content":{"rendered":"<p>Mal\u00e9 a\u017e St\u0159edn\u011b Velk\u00e9 \u0158\u011bt\u011bzov\u00e9 Pily, do hodny 45CC.<\/p>\n","protected":false},"excerpt":{"rendered":"<p>S Elastick\u00fdm Popruhem na Uchycen\u00ed T\u00e1cku pod pilou. B\u011bhem P\u0159esunu a Skladov\u00e1n\u00ed rovn\u011b\u017e Sb\u011br oleje, Ne\u010distot Paliva &amp; D\u0159ev\u011bn\u00fdch \u0160t\u011bpek. Ide\u00e1ln\u00ed pomocn\u00edk na \u010distotu a pro uchov\u00e1n\u00ed v\u011bc\u00ed v dobr\u00e9 kvalit\u011b. Jednoduch\u00e1 a pohodln\u00e1 sestava.<\/p>\n","protected":false},"featured_media":18529,"comment_status":"open","ping_status":"closed","template":"","meta":[],"product_brand":[],"product_cat":[2928],"product_tag":[],"class_list":{"0":"post-6972","1":"product","2":"type-product","3":"status-publish","4":"has-post-thumbnail","6":"product_cat-292-tray","8":"first","9":"instock","10":"taxable","11":"shipping-taxable","12":"purchasable","13":"product-type-simple"},"yoast_head":"<!-- This site is optimized with the Yoast SEO plugin v27.3 - https:\/\/yoast.com\/product\/yoast-seo-wordpress\/ -->\n<title>Chainsaw Gutter \/ Collecting Tray - Europower Parts<\/title>\n<meta name=\"robots\" content=\"index, follow, max-snippet:-1, max-image-preview:large, max-video-preview:-1\" \/>\n<link rel=\"canonical\" href=\"https:\/\/europower-parts.cz\/product\/chainsaw-gutter-collecting-tray\/\" \/>\n<meta property=\"og:locale\" content=\"cs_CZ\" \/>\n<meta property=\"og:type\" content=\"article\" \/>\n<meta property=\"og:title\" content=\"Chainsaw Gutter \/ Collecting Tray - Europower Parts\" \/>\n<meta property=\"og:description\" content=\"S Elastick\u00fdm Popruhem na Uchycen\u00ed T\u00e1cku pod pilou. B\u011bhem P\u0159esunu a Skladov\u00e1n\u00ed rovn\u011b\u017e Sb\u011br oleje, Ne\u010distot Paliva &amp; D\u0159ev\u011bn\u00fdch \u0160t\u011bpek. Ide\u00e1ln\u00ed pomocn\u00edk na \u010distotu a pro uchov\u00e1n\u00ed v\u011bc\u00ed v dobr\u00e9 kvalit\u011b. Jednoduch\u00e1 a pohodln\u00e1 sestava.\" \/>\n<meta property=\"og:url\" content=\"https:\/\/europower-parts.cz\/product\/chainsaw-gutter-collecting-tray\/\" \/>\n<meta property=\"og:site_name\" content=\"Europower Parts\" \/>\n<meta property=\"article:modified_time\" content=\"2026-04-03T14:05:39+00:00\" \/>\n<meta property=\"og:image\" content=\"https:\/\/europower-parts.cz\/wp-content\/uploads\/2024\/09\/292002.jpg\" \/>\n\t<meta property=\"og:image:width\" content=\"999\" \/>\n\t<meta property=\"og:image:height\" content=\"999\" \/>\n\t<meta property=\"og:image:type\" content=\"image\/jpeg\" \/>\n<meta name=\"twitter:card\" content=\"summary_large_image\" \/>\n<script type=\"application\/ld+json\" class=\"yoast-schema-graph\">{\"@context\":\"https:\\\/\\\/schema.org\",\"@graph\":[{\"@type\":\"WebPage\",\"@id\":\"https:\\\/\\\/europower-parts.cz\\\/product\\\/chainsaw-gutter-collecting-tray\\\/\",\"url\":\"https:\\\/\\\/europower-parts.cz\\\/product\\\/chainsaw-gutter-collecting-tray\\\/\",\"name\":\"Chainsaw Gutter \\\/ Collecting Tray - Europower Parts\",\"isPartOf\":{\"@id\":\"https:\\\/\\\/europower-parts.cz\\\/#website\"},\"primaryImageOfPage\":{\"@id\":\"https:\\\/\\\/europower-parts.cz\\\/product\\\/chainsaw-gutter-collecting-tray\\\/#primaryimage\"},\"image\":{\"@id\":\"https:\\\/\\\/europower-parts.cz\\\/product\\\/chainsaw-gutter-collecting-tray\\\/#primaryimage\"},\"thumbnailUrl\":\"https:\\\/\\\/europower-parts.cz\\\/wp-content\\\/uploads\\\/2024\\\/09\\\/292002.jpg\",\"datePublished\":\"2024-07-16T09:18:14+00:00\",\"dateModified\":\"2026-04-03T14:05:39+00:00\",\"breadcrumb\":{\"@id\":\"https:\\\/\\\/europower-parts.cz\\\/product\\\/chainsaw-gutter-collecting-tray\\\/#breadcrumb\"},\"inLanguage\":\"cs\",\"potentialAction\":[{\"@type\":\"ReadAction\",\"target\":[\"https:\\\/\\\/europower-parts.cz\\\/product\\\/chainsaw-gutter-collecting-tray\\\/\"]}]},{\"@type\":\"ImageObject\",\"inLanguage\":\"cs\",\"@id\":\"https:\\\/\\\/europower-parts.cz\\\/product\\\/chainsaw-gutter-collecting-tray\\\/#primaryimage\",\"url\":\"https:\\\/\\\/europower-parts.cz\\\/wp-content\\\/uploads\\\/2024\\\/09\\\/292002.jpg\",\"contentUrl\":\"https:\\\/\\\/europower-parts.cz\\\/wp-content\\\/uploads\\\/2024\\\/09\\\/292002.jpg\",\"width\":999,\"height\":999,\"caption\":\"292002\"},{\"@type\":\"BreadcrumbList\",\"@id\":\"https:\\\/\\\/europower-parts.cz\\\/product\\\/chainsaw-gutter-collecting-tray\\\/#breadcrumb\",\"itemListElement\":[{\"@type\":\"ListItem\",\"position\":1,\"name\":\"Home\",\"item\":\"https:\\\/\\\/europower-parts.cz\\\/cs\\\/\"},{\"@type\":\"ListItem\",\"position\":2,\"name\":\"Obchod\",\"item\":\"https:\\\/\\\/europower-parts.cz\\\/cs\\\/obchod\\\/\"},{\"@type\":\"ListItem\",\"position\":3,\"name\":\"Chainsaw Gutter \\\/ Collecting Tray\"}]},{\"@type\":\"WebSite\",\"@id\":\"https:\\\/\\\/europower-parts.cz\\\/#website\",\"url\":\"https:\\\/\\\/europower-parts.cz\\\/\",\"name\":\"Europower Parts\",\"description\":\"\",\"publisher\":{\"@id\":\"https:\\\/\\\/europower-parts.cz\\\/#organization\"},\"potentialAction\":[{\"@type\":\"SearchAction\",\"target\":{\"@type\":\"EntryPoint\",\"urlTemplate\":\"https:\\\/\\\/europower-parts.cz\\\/?s={search_term_string}\"},\"query-input\":{\"@type\":\"PropertyValueSpecification\",\"valueRequired\":true,\"valueName\":\"search_term_string\"}}],\"inLanguage\":\"cs\"},{\"@type\":\"Organization\",\"@id\":\"https:\\\/\\\/europower-parts.cz\\\/#organization\",\"name\":\"Europower Industries s.r.o.\",\"url\":\"https:\\\/\\\/europower-parts.cz\\\/\",\"logo\":{\"@type\":\"ImageObject\",\"inLanguage\":\"cs\",\"@id\":\"https:\\\/\\\/europower-parts.cz\\\/#\\\/schema\\\/logo\\\/image\\\/\",\"url\":\"https:\\\/\\\/europower-parts.cz\\\/wp-content\\\/uploads\\\/2024\\\/09\\\/europower-logo.svg\",\"contentUrl\":\"https:\\\/\\\/europower-parts.cz\\\/wp-content\\\/uploads\\\/2024\\\/09\\\/europower-logo.svg\",\"caption\":\"Europower Industries s.r.o.\"},\"image\":{\"@id\":\"https:\\\/\\\/europower-parts.cz\\\/#\\\/schema\\\/logo\\\/image\\\/\"}}]}<\/script>\n<!-- \/ Yoast SEO plugin. -->","yoast_head_json":{"title":"Chainsaw Gutter \/ Collecting Tray - Europower Parts","robots":{"index":"index","follow":"follow","max-snippet":"max-snippet:-1","max-image-preview":"max-image-preview:large","max-video-preview":"max-video-preview:-1"},"canonical":"https:\/\/europower-parts.cz\/product\/chainsaw-gutter-collecting-tray\/","og_locale":"cs_CZ","og_type":"article","og_title":"Chainsaw Gutter \/ Collecting Tray - Europower Parts","og_description":"S Elastick\u00fdm Popruhem na Uchycen\u00ed T\u00e1cku pod pilou. B\u011bhem P\u0159esunu a Skladov\u00e1n\u00ed rovn\u011b\u017e Sb\u011br oleje, Ne\u010distot Paliva &amp; D\u0159ev\u011bn\u00fdch \u0160t\u011bpek. Ide\u00e1ln\u00ed pomocn\u00edk na \u010distotu a pro uchov\u00e1n\u00ed v\u011bc\u00ed v dobr\u00e9 kvalit\u011b. Jednoduch\u00e1 a pohodln\u00e1 sestava.","og_url":"https:\/\/europower-parts.cz\/product\/chainsaw-gutter-collecting-tray\/","og_site_name":"Europower Parts","article_modified_time":"2026-04-03T14:05:39+00:00","og_image":[{"width":999,"height":999,"url":"https:\/\/europower-parts.cz\/wp-content\/uploads\/2024\/09\/292002.jpg","type":"image\/jpeg"}],"twitter_card":"summary_large_image","schema":{"@context":"https:\/\/schema.org","@graph":[{"@type":"WebPage","@id":"https:\/\/europower-parts.cz\/product\/chainsaw-gutter-collecting-tray\/","url":"https:\/\/europower-parts.cz\/product\/chainsaw-gutter-collecting-tray\/","name":"Chainsaw Gutter \/ Collecting Tray - Europower Parts","isPartOf":{"@id":"https:\/\/europower-parts.cz\/#website"},"primaryImageOfPage":{"@id":"https:\/\/europower-parts.cz\/product\/chainsaw-gutter-collecting-tray\/#primaryimage"},"image":{"@id":"https:\/\/europower-parts.cz\/product\/chainsaw-gutter-collecting-tray\/#primaryimage"},"thumbnailUrl":"https:\/\/europower-parts.cz\/wp-content\/uploads\/2024\/09\/292002.jpg","datePublished":"2024-07-16T09:18:14+00:00","dateModified":"2026-04-03T14:05:39+00:00","breadcrumb":{"@id":"https:\/\/europower-parts.cz\/product\/chainsaw-gutter-collecting-tray\/#breadcrumb"},"inLanguage":"cs","potentialAction":[{"@type":"ReadAction","target":["https:\/\/europower-parts.cz\/product\/chainsaw-gutter-collecting-tray\/"]}]},{"@type":"ImageObject","inLanguage":"cs","@id":"https:\/\/europower-parts.cz\/product\/chainsaw-gutter-collecting-tray\/#primaryimage","url":"https:\/\/europower-parts.cz\/wp-content\/uploads\/2024\/09\/292002.jpg","contentUrl":"https:\/\/europower-parts.cz\/wp-content\/uploads\/2024\/09\/292002.jpg","width":999,"height":999,"caption":"292002"},{"@type":"BreadcrumbList","@id":"https:\/\/europower-parts.cz\/product\/chainsaw-gutter-collecting-tray\/#breadcrumb","itemListElement":[{"@type":"ListItem","position":1,"name":"Home","item":"https:\/\/europower-parts.cz\/cs\/"},{"@type":"ListItem","position":2,"name":"Obchod","item":"https:\/\/europower-parts.cz\/cs\/obchod\/"},{"@type":"ListItem","position":3,"name":"Chainsaw Gutter \/ Collecting Tray"}]},{"@type":"WebSite","@id":"https:\/\/europower-parts.cz\/#website","url":"https:\/\/europower-parts.cz\/","name":"Europower Parts","description":"","publisher":{"@id":"https:\/\/europower-parts.cz\/#organization"},"potentialAction":[{"@type":"SearchAction","target":{"@type":"EntryPoint","urlTemplate":"https:\/\/europower-parts.cz\/?s={search_term_string}"},"query-input":{"@type":"PropertyValueSpecification","valueRequired":true,"valueName":"search_term_string"}}],"inLanguage":"cs"},{"@type":"Organization","@id":"https:\/\/europower-parts.cz\/#organization","name":"Europower Industries s.r.o.","url":"https:\/\/europower-parts.cz\/","logo":{"@type":"ImageObject","inLanguage":"cs","@id":"https:\/\/europower-parts.cz\/#\/schema\/logo\/image\/","url":"https:\/\/europower-parts.cz\/wp-content\/uploads\/2024\/09\/europower-logo.svg","contentUrl":"https:\/\/europower-parts.cz\/wp-content\/uploads\/2024\/09\/europower-logo.svg","caption":"Europower Industries s.r.o."},"image":{"@id":"https:\/\/europower-parts.cz\/#\/schema\/logo\/image\/"}}]}},"_links":{"self":[{"href":"https:\/\/europower-parts.cz\/cs\/wp-json\/wp\/v2\/product\/6972","targetHints":{"allow":["GET"]}}],"collection":[{"href":"https:\/\/europower-parts.cz\/cs\/wp-json\/wp\/v2\/product"}],"about":[{"href":"https:\/\/europower-parts.cz\/cs\/wp-json\/wp\/v2\/types\/product"}],"replies":[{"embeddable":true,"href":"https:\/\/europower-parts.cz\/cs\/wp-json\/wp\/v2\/comments?post=6972"}],"wp:featuredmedia":[{"embeddable":true,"href":"https:\/\/europower-parts.cz\/cs\/wp-json\/wp\/v2\/media\/18529"}],"wp:attachment":[{"href":"https:\/\/europower-parts.cz\/cs\/wp-json\/wp\/v2\/media?parent=6972"}],"wp:term":[{"taxonomy":"product_brand","embeddable":true,"href":"https:\/\/europower-parts.cz\/cs\/wp-json\/wp\/v2\/product_brand?post=6972"},{"taxonomy":"product_cat","embeddable":true,"href":"https:\/\/europower-parts.cz\/cs\/wp-json\/wp\/v2\/product_cat?post=6972"},{"taxonomy":"product_tag","embeddable":true,"href":"https:\/\/europower-parts.cz\/cs\/wp-json\/wp\/v2\/product_tag?post=6972"}],"curies":[{"name":"wp","href":"https:\/\/api.w.org\/{rel}","templated":true}]}}