{"id":7401,"date":"2024-07-16T11:18:57","date_gmt":"2024-07-16T09:18:57","guid":{"rendered":"https:\/\/europower.skilly.me\/product\/manual-vaccum-oil-extractor-65l\/"},"modified":"2026-04-17T16:50:32","modified_gmt":"2026-04-17T14:50:32","slug":"manual-vaccum-oil-extractor-65l","status":"publish","type":"product","link":"https:\/\/europower-parts.cz\/cs\/product\/manual-vaccum-oil-extractor-65l\/","title":{"rendered":"Manual Vaccum Oil Extractor 6,5L"},"content":{"rendered":"","protected":false},"excerpt":{"rendered":"<p>Pou\u017eit\u00ed jak pro Jednotlivce &amp; Zku\u0161en\u00e9 odborn\u00edky. Vyrobeno pro aspiraci motor\u016f zne\u010di\u0161t\u011bn\u00fdch olejem \/ Mazivem u Zahradn\u00edch Traktor\u016f, Seka\u010dek, Motocykl\u016f, V\u0161ech Stroj\u016f Poh\u00e1n\u011bn\u00e9 Motorem, u lo\u010fstva a mnoho dal\u0161\u00edch instrui\u00e1ln\u00edch odv\u011btv\u00ed. Tak\u00e9 lze pou\u017e\u00edt p\u0159i v\u00fdm\u011bn\u011b vody v Akv\u00e1ri\u00edch. KRAMP FGP000099.<\/p>\n","protected":false},"featured_media":18129,"comment_status":"open","ping_status":"closed","template":"","meta":[],"product_brand":[],"product_cat":[2991],"product_tag":[],"class_list":{"0":"post-7401","1":"product","2":"type-product","3":"status-publish","4":"has-post-thumbnail","6":"product_cat-336-repair-assisting-tool","8":"first","9":"instock","10":"taxable","11":"shipping-taxable","12":"purchasable","13":"product-type-simple"},"yoast_head":"<!-- This site is optimized with the Yoast SEO plugin v27.6 - https:\/\/yoast.com\/product\/yoast-seo-wordpress\/ -->\n<title>Manual Vaccum Oil Extractor 6,5L - Europower Parts<\/title>\n<meta name=\"robots\" content=\"index, follow, max-snippet:-1, max-image-preview:large, max-video-preview:-1\" \/>\n<link rel=\"canonical\" href=\"https:\/\/europower-parts.cz\/product\/manual-vaccum-oil-extractor-65l\/\" \/>\n<meta property=\"og:locale\" content=\"cs_CZ\" \/>\n<meta property=\"og:type\" content=\"article\" \/>\n<meta property=\"og:title\" content=\"Manual Vaccum Oil Extractor 6,5L - Europower Parts\" \/>\n<meta property=\"og:description\" content=\"Pou\u017eit\u00ed jak pro Jednotlivce &amp; Zku\u0161en\u00e9 odborn\u00edky. Vyrobeno pro aspiraci motor\u016f zne\u010di\u0161t\u011bn\u00fdch olejem \/ Mazivem u Zahradn\u00edch Traktor\u016f, Seka\u010dek, Motocykl\u016f, V\u0161ech Stroj\u016f Poh\u00e1n\u011bn\u00e9 Motorem, u lo\u010fstva a mnoho dal\u0161\u00edch instrui\u00e1ln\u00edch odv\u011btv\u00ed. Tak\u00e9 lze pou\u017e\u00edt p\u0159i v\u00fdm\u011bn\u011b vody v Akv\u00e1ri\u00edch. KRAMP FGP000099.\" \/>\n<meta property=\"og:url\" content=\"https:\/\/europower-parts.cz\/product\/manual-vaccum-oil-extractor-65l\/\" \/>\n<meta property=\"og:site_name\" content=\"Europower Parts\" \/>\n<meta property=\"article:modified_time\" content=\"2026-04-17T14:50:32+00:00\" \/>\n<meta property=\"og:image\" content=\"https:\/\/europower-parts.cz\/wp-content\/uploads\/2024\/09\/336002.jpg\" \/>\n\t<meta property=\"og:image:width\" content=\"1000\" \/>\n\t<meta property=\"og:image:height\" content=\"1000\" \/>\n\t<meta property=\"og:image:type\" content=\"image\/jpeg\" \/>\n<meta name=\"twitter:card\" content=\"summary_large_image\" \/>\n<script type=\"application\/ld+json\" class=\"yoast-schema-graph\">{\"@context\":\"https:\\\/\\\/schema.org\",\"@graph\":[{\"@type\":\"WebPage\",\"@id\":\"https:\\\/\\\/europower-parts.cz\\\/product\\\/manual-vaccum-oil-extractor-65l\\\/\",\"url\":\"https:\\\/\\\/europower-parts.cz\\\/product\\\/manual-vaccum-oil-extractor-65l\\\/\",\"name\":\"Manual Vaccum Oil Extractor 6,5L - Europower Parts\",\"isPartOf\":{\"@id\":\"https:\\\/\\\/europower-parts.cz\\\/#website\"},\"primaryImageOfPage\":{\"@id\":\"https:\\\/\\\/europower-parts.cz\\\/product\\\/manual-vaccum-oil-extractor-65l\\\/#primaryimage\"},\"image\":{\"@id\":\"https:\\\/\\\/europower-parts.cz\\\/product\\\/manual-vaccum-oil-extractor-65l\\\/#primaryimage\"},\"thumbnailUrl\":\"https:\\\/\\\/europower-parts.cz\\\/wp-content\\\/uploads\\\/2024\\\/09\\\/336002.jpg\",\"datePublished\":\"2024-07-16T09:18:57+00:00\",\"dateModified\":\"2026-04-17T14:50:32+00:00\",\"breadcrumb\":{\"@id\":\"https:\\\/\\\/europower-parts.cz\\\/product\\\/manual-vaccum-oil-extractor-65l\\\/#breadcrumb\"},\"inLanguage\":\"cs\",\"potentialAction\":[{\"@type\":\"ReadAction\",\"target\":[\"https:\\\/\\\/europower-parts.cz\\\/product\\\/manual-vaccum-oil-extractor-65l\\\/\"]}]},{\"@type\":\"ImageObject\",\"inLanguage\":\"cs\",\"@id\":\"https:\\\/\\\/europower-parts.cz\\\/product\\\/manual-vaccum-oil-extractor-65l\\\/#primaryimage\",\"url\":\"https:\\\/\\\/europower-parts.cz\\\/wp-content\\\/uploads\\\/2024\\\/09\\\/336002.jpg\",\"contentUrl\":\"https:\\\/\\\/europower-parts.cz\\\/wp-content\\\/uploads\\\/2024\\\/09\\\/336002.jpg\",\"width\":1000,\"height\":1000,\"caption\":\"336002\"},{\"@type\":\"BreadcrumbList\",\"@id\":\"https:\\\/\\\/europower-parts.cz\\\/product\\\/manual-vaccum-oil-extractor-65l\\\/#breadcrumb\",\"itemListElement\":[{\"@type\":\"ListItem\",\"position\":1,\"name\":\"Home\",\"item\":\"https:\\\/\\\/europower-parts.cz\\\/cs\\\/\"},{\"@type\":\"ListItem\",\"position\":2,\"name\":\"Obchod\",\"item\":\"https:\\\/\\\/europower-parts.cz\\\/cs\\\/obchod\\\/\"},{\"@type\":\"ListItem\",\"position\":3,\"name\":\"Manual Vaccum Oil Extractor 6,5L\"}]},{\"@type\":\"WebSite\",\"@id\":\"https:\\\/\\\/europower-parts.cz\\\/#website\",\"url\":\"https:\\\/\\\/europower-parts.cz\\\/\",\"name\":\"Europower Parts\",\"description\":\"\",\"publisher\":{\"@id\":\"https:\\\/\\\/europower-parts.cz\\\/#organization\"},\"potentialAction\":[{\"@type\":\"SearchAction\",\"target\":{\"@type\":\"EntryPoint\",\"urlTemplate\":\"https:\\\/\\\/europower-parts.cz\\\/?s={search_term_string}\"},\"query-input\":{\"@type\":\"PropertyValueSpecification\",\"valueRequired\":true,\"valueName\":\"search_term_string\"}}],\"inLanguage\":\"cs\"},{\"@type\":\"Organization\",\"@id\":\"https:\\\/\\\/europower-parts.cz\\\/#organization\",\"name\":\"Europower Industries s.r.o.\",\"url\":\"https:\\\/\\\/europower-parts.cz\\\/\",\"logo\":{\"@type\":\"ImageObject\",\"inLanguage\":\"cs\",\"@id\":\"https:\\\/\\\/europower-parts.cz\\\/#\\\/schema\\\/logo\\\/image\\\/\",\"url\":\"https:\\\/\\\/europower-parts.cz\\\/wp-content\\\/uploads\\\/2024\\\/09\\\/europower-logo.svg\",\"contentUrl\":\"https:\\\/\\\/europower-parts.cz\\\/wp-content\\\/uploads\\\/2024\\\/09\\\/europower-logo.svg\",\"caption\":\"Europower Industries s.r.o.\"},\"image\":{\"@id\":\"https:\\\/\\\/europower-parts.cz\\\/#\\\/schema\\\/logo\\\/image\\\/\"}}]}<\/script>\n<!-- \/ Yoast SEO plugin. -->","yoast_head_json":{"title":"Manual Vaccum Oil Extractor 6,5L - Europower Parts","robots":{"index":"index","follow":"follow","max-snippet":"max-snippet:-1","max-image-preview":"max-image-preview:large","max-video-preview":"max-video-preview:-1"},"canonical":"https:\/\/europower-parts.cz\/product\/manual-vaccum-oil-extractor-65l\/","og_locale":"cs_CZ","og_type":"article","og_title":"Manual Vaccum Oil Extractor 6,5L - Europower Parts","og_description":"Pou\u017eit\u00ed jak pro Jednotlivce &amp; Zku\u0161en\u00e9 odborn\u00edky. Vyrobeno pro aspiraci motor\u016f zne\u010di\u0161t\u011bn\u00fdch olejem \/ Mazivem u Zahradn\u00edch Traktor\u016f, Seka\u010dek, Motocykl\u016f, V\u0161ech Stroj\u016f Poh\u00e1n\u011bn\u00e9 Motorem, u lo\u010fstva a mnoho dal\u0161\u00edch instrui\u00e1ln\u00edch odv\u011btv\u00ed. Tak\u00e9 lze pou\u017e\u00edt p\u0159i v\u00fdm\u011bn\u011b vody v Akv\u00e1ri\u00edch. KRAMP FGP000099.","og_url":"https:\/\/europower-parts.cz\/product\/manual-vaccum-oil-extractor-65l\/","og_site_name":"Europower Parts","article_modified_time":"2026-04-17T14:50:32+00:00","og_image":[{"width":1000,"height":1000,"url":"https:\/\/europower-parts.cz\/wp-content\/uploads\/2024\/09\/336002.jpg","type":"image\/jpeg"}],"twitter_card":"summary_large_image","schema":{"@context":"https:\/\/schema.org","@graph":[{"@type":"WebPage","@id":"https:\/\/europower-parts.cz\/product\/manual-vaccum-oil-extractor-65l\/","url":"https:\/\/europower-parts.cz\/product\/manual-vaccum-oil-extractor-65l\/","name":"Manual Vaccum Oil Extractor 6,5L - Europower Parts","isPartOf":{"@id":"https:\/\/europower-parts.cz\/#website"},"primaryImageOfPage":{"@id":"https:\/\/europower-parts.cz\/product\/manual-vaccum-oil-extractor-65l\/#primaryimage"},"image":{"@id":"https:\/\/europower-parts.cz\/product\/manual-vaccum-oil-extractor-65l\/#primaryimage"},"thumbnailUrl":"https:\/\/europower-parts.cz\/wp-content\/uploads\/2024\/09\/336002.jpg","datePublished":"2024-07-16T09:18:57+00:00","dateModified":"2026-04-17T14:50:32+00:00","breadcrumb":{"@id":"https:\/\/europower-parts.cz\/product\/manual-vaccum-oil-extractor-65l\/#breadcrumb"},"inLanguage":"cs","potentialAction":[{"@type":"ReadAction","target":["https:\/\/europower-parts.cz\/product\/manual-vaccum-oil-extractor-65l\/"]}]},{"@type":"ImageObject","inLanguage":"cs","@id":"https:\/\/europower-parts.cz\/product\/manual-vaccum-oil-extractor-65l\/#primaryimage","url":"https:\/\/europower-parts.cz\/wp-content\/uploads\/2024\/09\/336002.jpg","contentUrl":"https:\/\/europower-parts.cz\/wp-content\/uploads\/2024\/09\/336002.jpg","width":1000,"height":1000,"caption":"336002"},{"@type":"BreadcrumbList","@id":"https:\/\/europower-parts.cz\/product\/manual-vaccum-oil-extractor-65l\/#breadcrumb","itemListElement":[{"@type":"ListItem","position":1,"name":"Home","item":"https:\/\/europower-parts.cz\/cs\/"},{"@type":"ListItem","position":2,"name":"Obchod","item":"https:\/\/europower-parts.cz\/cs\/obchod\/"},{"@type":"ListItem","position":3,"name":"Manual Vaccum Oil Extractor 6,5L"}]},{"@type":"WebSite","@id":"https:\/\/europower-parts.cz\/#website","url":"https:\/\/europower-parts.cz\/","name":"Europower Parts","description":"","publisher":{"@id":"https:\/\/europower-parts.cz\/#organization"},"potentialAction":[{"@type":"SearchAction","target":{"@type":"EntryPoint","urlTemplate":"https:\/\/europower-parts.cz\/?s={search_term_string}"},"query-input":{"@type":"PropertyValueSpecification","valueRequired":true,"valueName":"search_term_string"}}],"inLanguage":"cs"},{"@type":"Organization","@id":"https:\/\/europower-parts.cz\/#organization","name":"Europower Industries s.r.o.","url":"https:\/\/europower-parts.cz\/","logo":{"@type":"ImageObject","inLanguage":"cs","@id":"https:\/\/europower-parts.cz\/#\/schema\/logo\/image\/","url":"https:\/\/europower-parts.cz\/wp-content\/uploads\/2024\/09\/europower-logo.svg","contentUrl":"https:\/\/europower-parts.cz\/wp-content\/uploads\/2024\/09\/europower-logo.svg","caption":"Europower Industries s.r.o."},"image":{"@id":"https:\/\/europower-parts.cz\/#\/schema\/logo\/image\/"}}]}},"_links":{"self":[{"href":"https:\/\/europower-parts.cz\/cs\/wp-json\/wp\/v2\/product\/7401","targetHints":{"allow":["GET"]}}],"collection":[{"href":"https:\/\/europower-parts.cz\/cs\/wp-json\/wp\/v2\/product"}],"about":[{"href":"https:\/\/europower-parts.cz\/cs\/wp-json\/wp\/v2\/types\/product"}],"replies":[{"embeddable":true,"href":"https:\/\/europower-parts.cz\/cs\/wp-json\/wp\/v2\/comments?post=7401"}],"wp:featuredmedia":[{"embeddable":true,"href":"https:\/\/europower-parts.cz\/cs\/wp-json\/wp\/v2\/media\/18129"}],"wp:attachment":[{"href":"https:\/\/europower-parts.cz\/cs\/wp-json\/wp\/v2\/media?parent=7401"}],"wp:term":[{"taxonomy":"product_brand","embeddable":true,"href":"https:\/\/europower-parts.cz\/cs\/wp-json\/wp\/v2\/product_brand?post=7401"},{"taxonomy":"product_cat","embeddable":true,"href":"https:\/\/europower-parts.cz\/cs\/wp-json\/wp\/v2\/product_cat?post=7401"},{"taxonomy":"product_tag","embeddable":true,"href":"https:\/\/europower-parts.cz\/cs\/wp-json\/wp\/v2\/product_tag?post=7401"}],"curies":[{"name":"wp","href":"https:\/\/api.w.org\/{rel}","templated":true}]}}