{"id":7694,"date":"2024-07-16T11:19:28","date_gmt":"2024-07-16T09:19:28","guid":{"rendered":"https:\/\/europower.skilly.me\/product\/11-pcs-carburetor-screwdriver-kit\/"},"modified":"2026-01-16T16:03:57","modified_gmt":"2026-01-16T15:03:57","slug":"11-pcs-carburetor-screwdriver-kit","status":"publish","type":"product","link":"https:\/\/europower-parts.cz\/cs\/product\/11-pcs-carburetor-screwdriver-kit\/","title":{"rendered":"11 PCs Carburetor Screwdriver Kit"},"content":{"rendered":"<p>V\u011bt\u0161ina b\u011b\u017en\u00fdch 2 &amp; 4 Dob\u00fdch Spalovac\u00edch Motor\u016f jako t\u0159eba BRIGGS &amp; STRATTON, ZAMA, RYOBI, HOMELITE, HUSQVARNA, SEARS, AYP, CRAFTSMAN, POULAN, WEEDEATER, TORO, RYOBI, SHINDAIWA, ECHO a jak\u00e9koliv jin\u00e9, kter\u00e9 pou\u017e\u00edvaj\u00ed Specifick\u00fdm Tvarovan\u00e9 \u0160rouby.<\/p>\n","protected":false},"excerpt":{"rendered":"<p>11 ks \u0161roubov\u00e1k\u016f karbur\u00e1toru sada \/n\u00e1stroj na se\u0159\u00edzen\u00ed, pro nejb\u011b\u017en\u011bj\u0161\u00ed dvoudob\u00e9 a \u010dty\u0159dob\u00e9 motory karbur\u00e1toru jako BRIGGS &amp; STRATTON, ZAMA, RYOBI, HOMELITE, HUSQVARNA, SEARS, AYP, CRAFTSMAN, POULAN, WEEDEATER, TORO, RYOBI, SHINDAIWA, ECHO a ostatn\u00ed, kter\u00e9 pou\u017e\u00edvaj\u00ed specificky vytvarovan\u00e9 typy \u0161roub\u016f. Obsahuje 20-0671 jednoduch\u00fd typ TYPE, 20-0672 dvojit\u00fd typ D, 20-0673 typ PACMAN, 20-0674 dr\u00e1\u017ekovan\u00fd typ, 20-0675 mini ploch\u00fd typ, 20-0676 mal\u00fd jednoduch\u00fd typ, 20-0678 mal\u00fd ploch\u00fd typ, 20-0679 dlouh\u00fd ploch\u00fd typ, 20-0680 mal\u00fd PACMAN typ, 20-0681 dr\u00e1\u017ekovan\u00fd typ 7 zub\u016f, 20-0682 \u0161estihrann\u00fd typ<\/p>\n","protected":false},"featured_media":16024,"comment_status":"open","ping_status":"closed","template":"","meta":[],"product_brand":[],"product_cat":[2869],"product_tag":[],"class_list":{"0":"post-7694","1":"product","2":"type-product","3":"status-publish","4":"has-post-thumbnail","6":"product_cat-135-carburetor-screwdriver","8":"first","9":"instock","10":"taxable","11":"shipping-taxable","12":"purchasable","13":"product-type-simple"},"yoast_head":"<!-- This site is optimized with the Yoast SEO plugin v27.5 - https:\/\/yoast.com\/product\/yoast-seo-wordpress\/ -->\n<title>11 PCs Carburetor Screwdriver Kit - Europower Parts<\/title>\n<meta name=\"robots\" content=\"index, follow, max-snippet:-1, max-image-preview:large, max-video-preview:-1\" \/>\n<link rel=\"canonical\" href=\"https:\/\/europower-parts.cz\/product\/11-pcs-carburetor-screwdriver-kit\/\" \/>\n<meta property=\"og:locale\" content=\"cs_CZ\" \/>\n<meta property=\"og:type\" content=\"article\" \/>\n<meta property=\"og:title\" content=\"11 PCs Carburetor Screwdriver Kit - Europower Parts\" \/>\n<meta property=\"og:description\" content=\"11 ks \u0161roubov\u00e1k\u016f karbur\u00e1toru sada \/n\u00e1stroj na se\u0159\u00edzen\u00ed, pro nejb\u011b\u017en\u011bj\u0161\u00ed dvoudob\u00e9 a \u010dty\u0159dob\u00e9 motory karbur\u00e1toru jako BRIGGS &amp; STRATTON, ZAMA, RYOBI, HOMELITE, HUSQVARNA, SEARS, AYP, CRAFTSMAN, POULAN, WEEDEATER, TORO, RYOBI, SHINDAIWA, ECHO a ostatn\u00ed, kter\u00e9 pou\u017e\u00edvaj\u00ed specificky vytvarovan\u00e9 typy \u0161roub\u016f. Obsahuje 20-0671 jednoduch\u00fd typ TYPE, 20-0672 dvojit\u00fd typ D, 20-0673 typ PACMAN, 20-0674 dr\u00e1\u017ekovan\u00fd typ, 20-0675 mini ploch\u00fd typ, 20-0676 mal\u00fd jednoduch\u00fd typ, 20-0678 mal\u00fd ploch\u00fd typ, 20-0679 dlouh\u00fd ploch\u00fd typ, 20-0680 mal\u00fd PACMAN typ, 20-0681 dr\u00e1\u017ekovan\u00fd typ 7 zub\u016f, 20-0682 \u0161estihrann\u00fd typ\" \/>\n<meta property=\"og:url\" content=\"https:\/\/europower-parts.cz\/product\/11-pcs-carburetor-screwdriver-kit\/\" \/>\n<meta property=\"og:site_name\" content=\"Europower Parts\" \/>\n<meta property=\"article:modified_time\" content=\"2026-01-16T15:03:57+00:00\" \/>\n<meta property=\"og:image\" content=\"https:\/\/europower-parts.cz\/wp-content\/uploads\/2024\/09\/135008.jpg\" \/>\n\t<meta property=\"og:image:width\" content=\"999\" \/>\n\t<meta property=\"og:image:height\" content=\"999\" \/>\n\t<meta property=\"og:image:type\" content=\"image\/jpeg\" \/>\n<meta name=\"twitter:card\" content=\"summary_large_image\" \/>\n<script type=\"application\/ld+json\" class=\"yoast-schema-graph\">{\"@context\":\"https:\\\/\\\/schema.org\",\"@graph\":[{\"@type\":\"WebPage\",\"@id\":\"https:\\\/\\\/europower-parts.cz\\\/product\\\/11-pcs-carburetor-screwdriver-kit\\\/\",\"url\":\"https:\\\/\\\/europower-parts.cz\\\/product\\\/11-pcs-carburetor-screwdriver-kit\\\/\",\"name\":\"11 PCs Carburetor Screwdriver Kit - Europower Parts\",\"isPartOf\":{\"@id\":\"https:\\\/\\\/europower-parts.cz\\\/#website\"},\"primaryImageOfPage\":{\"@id\":\"https:\\\/\\\/europower-parts.cz\\\/product\\\/11-pcs-carburetor-screwdriver-kit\\\/#primaryimage\"},\"image\":{\"@id\":\"https:\\\/\\\/europower-parts.cz\\\/product\\\/11-pcs-carburetor-screwdriver-kit\\\/#primaryimage\"},\"thumbnailUrl\":\"https:\\\/\\\/europower-parts.cz\\\/wp-content\\\/uploads\\\/2024\\\/09\\\/135008.jpg\",\"datePublished\":\"2024-07-16T09:19:28+00:00\",\"dateModified\":\"2026-01-16T15:03:57+00:00\",\"breadcrumb\":{\"@id\":\"https:\\\/\\\/europower-parts.cz\\\/product\\\/11-pcs-carburetor-screwdriver-kit\\\/#breadcrumb\"},\"inLanguage\":\"cs\",\"potentialAction\":[{\"@type\":\"ReadAction\",\"target\":[\"https:\\\/\\\/europower-parts.cz\\\/product\\\/11-pcs-carburetor-screwdriver-kit\\\/\"]}]},{\"@type\":\"ImageObject\",\"inLanguage\":\"cs\",\"@id\":\"https:\\\/\\\/europower-parts.cz\\\/product\\\/11-pcs-carburetor-screwdriver-kit\\\/#primaryimage\",\"url\":\"https:\\\/\\\/europower-parts.cz\\\/wp-content\\\/uploads\\\/2024\\\/09\\\/135008.jpg\",\"contentUrl\":\"https:\\\/\\\/europower-parts.cz\\\/wp-content\\\/uploads\\\/2024\\\/09\\\/135008.jpg\",\"width\":999,\"height\":999,\"caption\":\"135008\"},{\"@type\":\"BreadcrumbList\",\"@id\":\"https:\\\/\\\/europower-parts.cz\\\/product\\\/11-pcs-carburetor-screwdriver-kit\\\/#breadcrumb\",\"itemListElement\":[{\"@type\":\"ListItem\",\"position\":1,\"name\":\"Home\",\"item\":\"https:\\\/\\\/europower-parts.cz\\\/cs\\\/\"},{\"@type\":\"ListItem\",\"position\":2,\"name\":\"Obchod\",\"item\":\"https:\\\/\\\/europower-parts.cz\\\/cs\\\/obchod\\\/\"},{\"@type\":\"ListItem\",\"position\":3,\"name\":\"11 PCs Carburetor Screwdriver Kit\"}]},{\"@type\":\"WebSite\",\"@id\":\"https:\\\/\\\/europower-parts.cz\\\/#website\",\"url\":\"https:\\\/\\\/europower-parts.cz\\\/\",\"name\":\"Europower Parts\",\"description\":\"\",\"publisher\":{\"@id\":\"https:\\\/\\\/europower-parts.cz\\\/#organization\"},\"potentialAction\":[{\"@type\":\"SearchAction\",\"target\":{\"@type\":\"EntryPoint\",\"urlTemplate\":\"https:\\\/\\\/europower-parts.cz\\\/?s={search_term_string}\"},\"query-input\":{\"@type\":\"PropertyValueSpecification\",\"valueRequired\":true,\"valueName\":\"search_term_string\"}}],\"inLanguage\":\"cs\"},{\"@type\":\"Organization\",\"@id\":\"https:\\\/\\\/europower-parts.cz\\\/#organization\",\"name\":\"Europower Industries s.r.o.\",\"url\":\"https:\\\/\\\/europower-parts.cz\\\/\",\"logo\":{\"@type\":\"ImageObject\",\"inLanguage\":\"cs\",\"@id\":\"https:\\\/\\\/europower-parts.cz\\\/#\\\/schema\\\/logo\\\/image\\\/\",\"url\":\"https:\\\/\\\/europower-parts.cz\\\/wp-content\\\/uploads\\\/2024\\\/09\\\/europower-logo.svg\",\"contentUrl\":\"https:\\\/\\\/europower-parts.cz\\\/wp-content\\\/uploads\\\/2024\\\/09\\\/europower-logo.svg\",\"caption\":\"Europower Industries s.r.o.\"},\"image\":{\"@id\":\"https:\\\/\\\/europower-parts.cz\\\/#\\\/schema\\\/logo\\\/image\\\/\"}}]}<\/script>\n<!-- \/ Yoast SEO plugin. -->","yoast_head_json":{"title":"11 PCs Carburetor Screwdriver Kit - Europower Parts","robots":{"index":"index","follow":"follow","max-snippet":"max-snippet:-1","max-image-preview":"max-image-preview:large","max-video-preview":"max-video-preview:-1"},"canonical":"https:\/\/europower-parts.cz\/product\/11-pcs-carburetor-screwdriver-kit\/","og_locale":"cs_CZ","og_type":"article","og_title":"11 PCs Carburetor Screwdriver Kit - Europower Parts","og_description":"11 ks \u0161roubov\u00e1k\u016f karbur\u00e1toru sada \/n\u00e1stroj na se\u0159\u00edzen\u00ed, pro nejb\u011b\u017en\u011bj\u0161\u00ed dvoudob\u00e9 a \u010dty\u0159dob\u00e9 motory karbur\u00e1toru jako BRIGGS &amp; STRATTON, ZAMA, RYOBI, HOMELITE, HUSQVARNA, SEARS, AYP, CRAFTSMAN, POULAN, WEEDEATER, TORO, RYOBI, SHINDAIWA, ECHO a ostatn\u00ed, kter\u00e9 pou\u017e\u00edvaj\u00ed specificky vytvarovan\u00e9 typy \u0161roub\u016f. Obsahuje 20-0671 jednoduch\u00fd typ TYPE, 20-0672 dvojit\u00fd typ D, 20-0673 typ PACMAN, 20-0674 dr\u00e1\u017ekovan\u00fd typ, 20-0675 mini ploch\u00fd typ, 20-0676 mal\u00fd jednoduch\u00fd typ, 20-0678 mal\u00fd ploch\u00fd typ, 20-0679 dlouh\u00fd ploch\u00fd typ, 20-0680 mal\u00fd PACMAN typ, 20-0681 dr\u00e1\u017ekovan\u00fd typ 7 zub\u016f, 20-0682 \u0161estihrann\u00fd typ","og_url":"https:\/\/europower-parts.cz\/product\/11-pcs-carburetor-screwdriver-kit\/","og_site_name":"Europower Parts","article_modified_time":"2026-01-16T15:03:57+00:00","og_image":[{"width":999,"height":999,"url":"https:\/\/europower-parts.cz\/wp-content\/uploads\/2024\/09\/135008.jpg","type":"image\/jpeg"}],"twitter_card":"summary_large_image","schema":{"@context":"https:\/\/schema.org","@graph":[{"@type":"WebPage","@id":"https:\/\/europower-parts.cz\/product\/11-pcs-carburetor-screwdriver-kit\/","url":"https:\/\/europower-parts.cz\/product\/11-pcs-carburetor-screwdriver-kit\/","name":"11 PCs Carburetor Screwdriver Kit - Europower Parts","isPartOf":{"@id":"https:\/\/europower-parts.cz\/#website"},"primaryImageOfPage":{"@id":"https:\/\/europower-parts.cz\/product\/11-pcs-carburetor-screwdriver-kit\/#primaryimage"},"image":{"@id":"https:\/\/europower-parts.cz\/product\/11-pcs-carburetor-screwdriver-kit\/#primaryimage"},"thumbnailUrl":"https:\/\/europower-parts.cz\/wp-content\/uploads\/2024\/09\/135008.jpg","datePublished":"2024-07-16T09:19:28+00:00","dateModified":"2026-01-16T15:03:57+00:00","breadcrumb":{"@id":"https:\/\/europower-parts.cz\/product\/11-pcs-carburetor-screwdriver-kit\/#breadcrumb"},"inLanguage":"cs","potentialAction":[{"@type":"ReadAction","target":["https:\/\/europower-parts.cz\/product\/11-pcs-carburetor-screwdriver-kit\/"]}]},{"@type":"ImageObject","inLanguage":"cs","@id":"https:\/\/europower-parts.cz\/product\/11-pcs-carburetor-screwdriver-kit\/#primaryimage","url":"https:\/\/europower-parts.cz\/wp-content\/uploads\/2024\/09\/135008.jpg","contentUrl":"https:\/\/europower-parts.cz\/wp-content\/uploads\/2024\/09\/135008.jpg","width":999,"height":999,"caption":"135008"},{"@type":"BreadcrumbList","@id":"https:\/\/europower-parts.cz\/product\/11-pcs-carburetor-screwdriver-kit\/#breadcrumb","itemListElement":[{"@type":"ListItem","position":1,"name":"Home","item":"https:\/\/europower-parts.cz\/cs\/"},{"@type":"ListItem","position":2,"name":"Obchod","item":"https:\/\/europower-parts.cz\/cs\/obchod\/"},{"@type":"ListItem","position":3,"name":"11 PCs Carburetor Screwdriver Kit"}]},{"@type":"WebSite","@id":"https:\/\/europower-parts.cz\/#website","url":"https:\/\/europower-parts.cz\/","name":"Europower Parts","description":"","publisher":{"@id":"https:\/\/europower-parts.cz\/#organization"},"potentialAction":[{"@type":"SearchAction","target":{"@type":"EntryPoint","urlTemplate":"https:\/\/europower-parts.cz\/?s={search_term_string}"},"query-input":{"@type":"PropertyValueSpecification","valueRequired":true,"valueName":"search_term_string"}}],"inLanguage":"cs"},{"@type":"Organization","@id":"https:\/\/europower-parts.cz\/#organization","name":"Europower Industries s.r.o.","url":"https:\/\/europower-parts.cz\/","logo":{"@type":"ImageObject","inLanguage":"cs","@id":"https:\/\/europower-parts.cz\/#\/schema\/logo\/image\/","url":"https:\/\/europower-parts.cz\/wp-content\/uploads\/2024\/09\/europower-logo.svg","contentUrl":"https:\/\/europower-parts.cz\/wp-content\/uploads\/2024\/09\/europower-logo.svg","caption":"Europower Industries s.r.o."},"image":{"@id":"https:\/\/europower-parts.cz\/#\/schema\/logo\/image\/"}}]}},"_links":{"self":[{"href":"https:\/\/europower-parts.cz\/cs\/wp-json\/wp\/v2\/product\/7694","targetHints":{"allow":["GET"]}}],"collection":[{"href":"https:\/\/europower-parts.cz\/cs\/wp-json\/wp\/v2\/product"}],"about":[{"href":"https:\/\/europower-parts.cz\/cs\/wp-json\/wp\/v2\/types\/product"}],"replies":[{"embeddable":true,"href":"https:\/\/europower-parts.cz\/cs\/wp-json\/wp\/v2\/comments?post=7694"}],"wp:featuredmedia":[{"embeddable":true,"href":"https:\/\/europower-parts.cz\/cs\/wp-json\/wp\/v2\/media\/16024"}],"wp:attachment":[{"href":"https:\/\/europower-parts.cz\/cs\/wp-json\/wp\/v2\/media?parent=7694"}],"wp:term":[{"taxonomy":"product_brand","embeddable":true,"href":"https:\/\/europower-parts.cz\/cs\/wp-json\/wp\/v2\/product_brand?post=7694"},{"taxonomy":"product_cat","embeddable":true,"href":"https:\/\/europower-parts.cz\/cs\/wp-json\/wp\/v2\/product_cat?post=7694"},{"taxonomy":"product_tag","embeddable":true,"href":"https:\/\/europower-parts.cz\/cs\/wp-json\/wp\/v2\/product_tag?post=7694"}],"curies":[{"name":"wp","href":"https:\/\/api.w.org\/{rel}","templated":true}]}}