{"id":8205,"date":"2024-07-16T11:20:26","date_gmt":"2024-07-16T09:20:26","guid":{"rendered":"https:\/\/europower.skilly.me\/product\/universal-safety-switch\/"},"modified":"2025-10-31T00:01:36","modified_gmt":"2025-10-30T23:01:36","slug":"universal-safety-switch","status":"publish","type":"product","link":"https:\/\/europower-parts.cz\/cs\/product\/universal-safety-switch\/","title":{"rendered":"Universal Safety Switch"},"content":{"rendered":"<p>Pou\u017eit na Rover Colt 8HP model 7444, 8,5HP model 7447, 5HP model 74113, Ranger XC vybran\u00e9 modely, Ranger AutoDrive 10,5HP model 53177, model 5377, Rancher 1766, 17166, 1866, 18166, 18188, 18189, 27166, 27189, 28166, 28189 a mnoho dal\u0161\u00edch vybrann\u00fdch stroj\u016f.<\/p>\n","protected":false},"excerpt":{"rendered":"<p>ROVER AO6406 \/ A06406 , COX AM092, Nejv\u00edce pou\u017e\u00edv\u00e1m jako Koncov\u00fd Sp\u00edna\u010d \u010cepele \/ Brzdy. <\/p>\n","protected":false},"featured_media":15047,"comment_status":"open","ping_status":"closed","template":"","meta":[],"product_brand":[],"product_cat":[2855],"product_tag":[],"class_list":{"0":"post-8205","1":"product","2":"type-product","3":"status-publish","4":"has-post-thumbnail","6":"product_cat-106-safety-switch","8":"first","9":"instock","10":"taxable","11":"shipping-taxable","12":"purchasable","13":"product-type-simple"},"yoast_head":"<!-- This site is optimized with the Yoast SEO plugin v27.5 - https:\/\/yoast.com\/product\/yoast-seo-wordpress\/ -->\n<title>Universal Safety Switch - Europower Parts<\/title>\n<meta name=\"robots\" content=\"index, follow, max-snippet:-1, max-image-preview:large, max-video-preview:-1\" \/>\n<link rel=\"canonical\" href=\"https:\/\/europower-parts.cz\/product\/universal-safety-switch\/\" \/>\n<meta property=\"og:locale\" content=\"cs_CZ\" \/>\n<meta property=\"og:type\" content=\"article\" \/>\n<meta property=\"og:title\" content=\"Universal Safety Switch - Europower Parts\" \/>\n<meta property=\"og:description\" content=\"ROVER AO6406 \/ A06406 , COX AM092, Nejv\u00edce pou\u017e\u00edv\u00e1m jako Koncov\u00fd Sp\u00edna\u010d \u010cepele \/ Brzdy.\" \/>\n<meta property=\"og:url\" content=\"https:\/\/europower-parts.cz\/product\/universal-safety-switch\/\" \/>\n<meta property=\"og:site_name\" content=\"Europower Parts\" \/>\n<meta property=\"article:modified_time\" content=\"2025-10-30T23:01:36+00:00\" \/>\n<meta property=\"og:image\" content=\"https:\/\/europower-parts.cz\/wp-content\/uploads\/2024\/09\/106006.jpg\" \/>\n\t<meta property=\"og:image:width\" content=\"1000\" \/>\n\t<meta property=\"og:image:height\" content=\"1000\" \/>\n\t<meta property=\"og:image:type\" content=\"image\/jpeg\" \/>\n<meta name=\"twitter:card\" content=\"summary_large_image\" \/>\n<script type=\"application\/ld+json\" class=\"yoast-schema-graph\">{\"@context\":\"https:\\\/\\\/schema.org\",\"@graph\":[{\"@type\":\"WebPage\",\"@id\":\"https:\\\/\\\/europower-parts.cz\\\/product\\\/universal-safety-switch\\\/\",\"url\":\"https:\\\/\\\/europower-parts.cz\\\/product\\\/universal-safety-switch\\\/\",\"name\":\"Universal Safety Switch - Europower Parts\",\"isPartOf\":{\"@id\":\"https:\\\/\\\/europower-parts.cz\\\/#website\"},\"primaryImageOfPage\":{\"@id\":\"https:\\\/\\\/europower-parts.cz\\\/product\\\/universal-safety-switch\\\/#primaryimage\"},\"image\":{\"@id\":\"https:\\\/\\\/europower-parts.cz\\\/product\\\/universal-safety-switch\\\/#primaryimage\"},\"thumbnailUrl\":\"https:\\\/\\\/europower-parts.cz\\\/wp-content\\\/uploads\\\/2024\\\/09\\\/106006.jpg\",\"datePublished\":\"2024-07-16T09:20:26+00:00\",\"dateModified\":\"2025-10-30T23:01:36+00:00\",\"breadcrumb\":{\"@id\":\"https:\\\/\\\/europower-parts.cz\\\/product\\\/universal-safety-switch\\\/#breadcrumb\"},\"inLanguage\":\"cs\",\"potentialAction\":[{\"@type\":\"ReadAction\",\"target\":[\"https:\\\/\\\/europower-parts.cz\\\/product\\\/universal-safety-switch\\\/\"]}]},{\"@type\":\"ImageObject\",\"inLanguage\":\"cs\",\"@id\":\"https:\\\/\\\/europower-parts.cz\\\/product\\\/universal-safety-switch\\\/#primaryimage\",\"url\":\"https:\\\/\\\/europower-parts.cz\\\/wp-content\\\/uploads\\\/2024\\\/09\\\/106006.jpg\",\"contentUrl\":\"https:\\\/\\\/europower-parts.cz\\\/wp-content\\\/uploads\\\/2024\\\/09\\\/106006.jpg\",\"width\":1000,\"height\":1000,\"caption\":\"106006\"},{\"@type\":\"BreadcrumbList\",\"@id\":\"https:\\\/\\\/europower-parts.cz\\\/product\\\/universal-safety-switch\\\/#breadcrumb\",\"itemListElement\":[{\"@type\":\"ListItem\",\"position\":1,\"name\":\"Home\",\"item\":\"https:\\\/\\\/europower-parts.cz\\\/cs\\\/\"},{\"@type\":\"ListItem\",\"position\":2,\"name\":\"Obchod\",\"item\":\"https:\\\/\\\/europower-parts.cz\\\/cs\\\/obchod\\\/\"},{\"@type\":\"ListItem\",\"position\":3,\"name\":\"Universal Safety Switch\"}]},{\"@type\":\"WebSite\",\"@id\":\"https:\\\/\\\/europower-parts.cz\\\/#website\",\"url\":\"https:\\\/\\\/europower-parts.cz\\\/\",\"name\":\"Europower Parts\",\"description\":\"\",\"publisher\":{\"@id\":\"https:\\\/\\\/europower-parts.cz\\\/#organization\"},\"potentialAction\":[{\"@type\":\"SearchAction\",\"target\":{\"@type\":\"EntryPoint\",\"urlTemplate\":\"https:\\\/\\\/europower-parts.cz\\\/?s={search_term_string}\"},\"query-input\":{\"@type\":\"PropertyValueSpecification\",\"valueRequired\":true,\"valueName\":\"search_term_string\"}}],\"inLanguage\":\"cs\"},{\"@type\":\"Organization\",\"@id\":\"https:\\\/\\\/europower-parts.cz\\\/#organization\",\"name\":\"Europower Industries s.r.o.\",\"url\":\"https:\\\/\\\/europower-parts.cz\\\/\",\"logo\":{\"@type\":\"ImageObject\",\"inLanguage\":\"cs\",\"@id\":\"https:\\\/\\\/europower-parts.cz\\\/#\\\/schema\\\/logo\\\/image\\\/\",\"url\":\"https:\\\/\\\/europower-parts.cz\\\/wp-content\\\/uploads\\\/2024\\\/09\\\/europower-logo.svg\",\"contentUrl\":\"https:\\\/\\\/europower-parts.cz\\\/wp-content\\\/uploads\\\/2024\\\/09\\\/europower-logo.svg\",\"caption\":\"Europower Industries s.r.o.\"},\"image\":{\"@id\":\"https:\\\/\\\/europower-parts.cz\\\/#\\\/schema\\\/logo\\\/image\\\/\"}}]}<\/script>\n<!-- \/ Yoast SEO plugin. -->","yoast_head_json":{"title":"Universal Safety Switch - Europower Parts","robots":{"index":"index","follow":"follow","max-snippet":"max-snippet:-1","max-image-preview":"max-image-preview:large","max-video-preview":"max-video-preview:-1"},"canonical":"https:\/\/europower-parts.cz\/product\/universal-safety-switch\/","og_locale":"cs_CZ","og_type":"article","og_title":"Universal Safety Switch - Europower Parts","og_description":"ROVER AO6406 \/ A06406 , COX AM092, Nejv\u00edce pou\u017e\u00edv\u00e1m jako Koncov\u00fd Sp\u00edna\u010d \u010cepele \/ Brzdy.","og_url":"https:\/\/europower-parts.cz\/product\/universal-safety-switch\/","og_site_name":"Europower Parts","article_modified_time":"2025-10-30T23:01:36+00:00","og_image":[{"width":1000,"height":1000,"url":"https:\/\/europower-parts.cz\/wp-content\/uploads\/2024\/09\/106006.jpg","type":"image\/jpeg"}],"twitter_card":"summary_large_image","schema":{"@context":"https:\/\/schema.org","@graph":[{"@type":"WebPage","@id":"https:\/\/europower-parts.cz\/product\/universal-safety-switch\/","url":"https:\/\/europower-parts.cz\/product\/universal-safety-switch\/","name":"Universal Safety Switch - Europower Parts","isPartOf":{"@id":"https:\/\/europower-parts.cz\/#website"},"primaryImageOfPage":{"@id":"https:\/\/europower-parts.cz\/product\/universal-safety-switch\/#primaryimage"},"image":{"@id":"https:\/\/europower-parts.cz\/product\/universal-safety-switch\/#primaryimage"},"thumbnailUrl":"https:\/\/europower-parts.cz\/wp-content\/uploads\/2024\/09\/106006.jpg","datePublished":"2024-07-16T09:20:26+00:00","dateModified":"2025-10-30T23:01:36+00:00","breadcrumb":{"@id":"https:\/\/europower-parts.cz\/product\/universal-safety-switch\/#breadcrumb"},"inLanguage":"cs","potentialAction":[{"@type":"ReadAction","target":["https:\/\/europower-parts.cz\/product\/universal-safety-switch\/"]}]},{"@type":"ImageObject","inLanguage":"cs","@id":"https:\/\/europower-parts.cz\/product\/universal-safety-switch\/#primaryimage","url":"https:\/\/europower-parts.cz\/wp-content\/uploads\/2024\/09\/106006.jpg","contentUrl":"https:\/\/europower-parts.cz\/wp-content\/uploads\/2024\/09\/106006.jpg","width":1000,"height":1000,"caption":"106006"},{"@type":"BreadcrumbList","@id":"https:\/\/europower-parts.cz\/product\/universal-safety-switch\/#breadcrumb","itemListElement":[{"@type":"ListItem","position":1,"name":"Home","item":"https:\/\/europower-parts.cz\/cs\/"},{"@type":"ListItem","position":2,"name":"Obchod","item":"https:\/\/europower-parts.cz\/cs\/obchod\/"},{"@type":"ListItem","position":3,"name":"Universal Safety Switch"}]},{"@type":"WebSite","@id":"https:\/\/europower-parts.cz\/#website","url":"https:\/\/europower-parts.cz\/","name":"Europower Parts","description":"","publisher":{"@id":"https:\/\/europower-parts.cz\/#organization"},"potentialAction":[{"@type":"SearchAction","target":{"@type":"EntryPoint","urlTemplate":"https:\/\/europower-parts.cz\/?s={search_term_string}"},"query-input":{"@type":"PropertyValueSpecification","valueRequired":true,"valueName":"search_term_string"}}],"inLanguage":"cs"},{"@type":"Organization","@id":"https:\/\/europower-parts.cz\/#organization","name":"Europower Industries s.r.o.","url":"https:\/\/europower-parts.cz\/","logo":{"@type":"ImageObject","inLanguage":"cs","@id":"https:\/\/europower-parts.cz\/#\/schema\/logo\/image\/","url":"https:\/\/europower-parts.cz\/wp-content\/uploads\/2024\/09\/europower-logo.svg","contentUrl":"https:\/\/europower-parts.cz\/wp-content\/uploads\/2024\/09\/europower-logo.svg","caption":"Europower Industries s.r.o."},"image":{"@id":"https:\/\/europower-parts.cz\/#\/schema\/logo\/image\/"}}]}},"_links":{"self":[{"href":"https:\/\/europower-parts.cz\/cs\/wp-json\/wp\/v2\/product\/8205","targetHints":{"allow":["GET"]}}],"collection":[{"href":"https:\/\/europower-parts.cz\/cs\/wp-json\/wp\/v2\/product"}],"about":[{"href":"https:\/\/europower-parts.cz\/cs\/wp-json\/wp\/v2\/types\/product"}],"replies":[{"embeddable":true,"href":"https:\/\/europower-parts.cz\/cs\/wp-json\/wp\/v2\/comments?post=8205"}],"wp:featuredmedia":[{"embeddable":true,"href":"https:\/\/europower-parts.cz\/cs\/wp-json\/wp\/v2\/media\/15047"}],"wp:attachment":[{"href":"https:\/\/europower-parts.cz\/cs\/wp-json\/wp\/v2\/media?parent=8205"}],"wp:term":[{"taxonomy":"product_brand","embeddable":true,"href":"https:\/\/europower-parts.cz\/cs\/wp-json\/wp\/v2\/product_brand?post=8205"},{"taxonomy":"product_cat","embeddable":true,"href":"https:\/\/europower-parts.cz\/cs\/wp-json\/wp\/v2\/product_cat?post=8205"},{"taxonomy":"product_tag","embeddable":true,"href":"https:\/\/europower-parts.cz\/cs\/wp-json\/wp\/v2\/product_tag?post=8205"}],"curies":[{"name":"wp","href":"https:\/\/api.w.org\/{rel}","templated":true}]}}