{"id":8330,"date":"2024-07-16T11:20:40","date_gmt":"2024-07-16T09:20:40","guid":{"rendered":"https:\/\/europower.skilly.me\/product\/rubber-strap-latch-with-spring-clip\/"},"modified":"2026-03-17T01:00:42","modified_gmt":"2026-03-17T00:00:42","slug":"rubber-strap-latch-with-spring-clip","status":"publish","type":"product","link":"https:\/\/europower-parts.cz\/cs\/product\/rubber-strap-latch-with-spring-clip\/","title":{"rendered":"Rubber Strap Latch with Spring Clip"},"content":{"rendered":"<p>Husqvarna CT131, CT141, CTH141, CTH 182T, CTVH 205, H 354 SG, LR 121, LT 2223CMA2, LTH 130, YTH 150, YTH 1542B, YTH 1542C, YTH 1542XP, YTH 1542XPE, YTH 1542XPG, YTH 1746A, YTH 180, YTH 2046B, YTH 2242A, YTH 25K54, YTKH 1542XPC S\u00e9rie Zahradn\u00edch Tractor\u016f. Pro Mnoho model\u016f od Sears Craftsman, AYP, Flymo, Poulan, Rally, Husqvarna, Companion &amp; Western Auto Tractors. Tak\u00e9 pro Jonsered, McCulloch, Partner.<\/p>\n","protected":false},"excerpt":{"rendered":"<p>Pro 42&#8243; a 46&#8243; Plo\u0161iny, AYP 160793, Husqvarna 532 16 07-93 \/ 532160793 , 532130758, 532130759, 532130760, 539108090, 539108091, 539108194, 53912100. Kompletn\u00ed Set Z\u00e1padky je p\u0159ichycen na spodn\u00ed \u010d\u00e1sti u Sb\u011br\u016f na tr\u00e1vu \/ Mul\u010dovac\u00edch sb\u011br\u016f. V\u011bt\u0161ina sb\u011br\u016f vy\u017eaduj\u00ed 2 v\u011bt\u0161\u00ed z\u00e1padky.<\/p>\n","protected":false},"featured_media":18225,"comment_status":"open","ping_status":"closed","template":"","meta":[],"product_brand":[],"product_cat":[2983],"product_tag":[],"class_list":{"0":"post-8330","1":"product","2":"type-product","3":"status-publish","4":"has-post-thumbnail","6":"product_cat-332-holder","8":"first","9":"instock","10":"taxable","11":"shipping-taxable","12":"purchasable","13":"product-type-simple"},"yoast_head":"<!-- This site is optimized with the Yoast SEO plugin v27.5 - https:\/\/yoast.com\/product\/yoast-seo-wordpress\/ -->\n<title>Rubber Strap Latch with Spring Clip - Europower Parts<\/title>\n<meta name=\"robots\" content=\"index, follow, max-snippet:-1, max-image-preview:large, max-video-preview:-1\" \/>\n<link rel=\"canonical\" href=\"https:\/\/europower-parts.cz\/product\/rubber-strap-latch-with-spring-clip\/\" \/>\n<meta property=\"og:locale\" content=\"cs_CZ\" \/>\n<meta property=\"og:type\" content=\"article\" \/>\n<meta property=\"og:title\" content=\"Rubber Strap Latch with Spring Clip - Europower Parts\" \/>\n<meta property=\"og:description\" content=\"Pro 42&quot; a 46&quot; Plo\u0161iny, AYP 160793, Husqvarna 532 16 07-93 \/ 532160793 , 532130758, 532130759, 532130760, 539108090, 539108091, 539108194, 53912100. Kompletn\u00ed Set Z\u00e1padky je p\u0159ichycen na spodn\u00ed \u010d\u00e1sti u Sb\u011br\u016f na tr\u00e1vu \/ Mul\u010dovac\u00edch sb\u011br\u016f. V\u011bt\u0161ina sb\u011br\u016f vy\u017eaduj\u00ed 2 v\u011bt\u0161\u00ed z\u00e1padky.\" \/>\n<meta property=\"og:url\" content=\"https:\/\/europower-parts.cz\/product\/rubber-strap-latch-with-spring-clip\/\" \/>\n<meta property=\"og:site_name\" content=\"Europower Parts\" \/>\n<meta property=\"article:modified_time\" content=\"2026-03-17T00:00:42+00:00\" \/>\n<meta property=\"og:image\" content=\"https:\/\/europower-parts.cz\/wp-content\/uploads\/2024\/09\/332002.jpg\" \/>\n\t<meta property=\"og:image:width\" content=\"1000\" \/>\n\t<meta property=\"og:image:height\" content=\"1000\" \/>\n\t<meta property=\"og:image:type\" content=\"image\/jpeg\" \/>\n<meta name=\"twitter:card\" content=\"summary_large_image\" \/>\n<script type=\"application\/ld+json\" class=\"yoast-schema-graph\">{\"@context\":\"https:\\\/\\\/schema.org\",\"@graph\":[{\"@type\":\"WebPage\",\"@id\":\"https:\\\/\\\/europower-parts.cz\\\/product\\\/rubber-strap-latch-with-spring-clip\\\/\",\"url\":\"https:\\\/\\\/europower-parts.cz\\\/product\\\/rubber-strap-latch-with-spring-clip\\\/\",\"name\":\"Rubber Strap Latch with Spring Clip - Europower Parts\",\"isPartOf\":{\"@id\":\"https:\\\/\\\/europower-parts.cz\\\/#website\"},\"primaryImageOfPage\":{\"@id\":\"https:\\\/\\\/europower-parts.cz\\\/product\\\/rubber-strap-latch-with-spring-clip\\\/#primaryimage\"},\"image\":{\"@id\":\"https:\\\/\\\/europower-parts.cz\\\/product\\\/rubber-strap-latch-with-spring-clip\\\/#primaryimage\"},\"thumbnailUrl\":\"https:\\\/\\\/europower-parts.cz\\\/wp-content\\\/uploads\\\/2024\\\/09\\\/332002.jpg\",\"datePublished\":\"2024-07-16T09:20:40+00:00\",\"dateModified\":\"2026-03-17T00:00:42+00:00\",\"breadcrumb\":{\"@id\":\"https:\\\/\\\/europower-parts.cz\\\/product\\\/rubber-strap-latch-with-spring-clip\\\/#breadcrumb\"},\"inLanguage\":\"cs\",\"potentialAction\":[{\"@type\":\"ReadAction\",\"target\":[\"https:\\\/\\\/europower-parts.cz\\\/product\\\/rubber-strap-latch-with-spring-clip\\\/\"]}]},{\"@type\":\"ImageObject\",\"inLanguage\":\"cs\",\"@id\":\"https:\\\/\\\/europower-parts.cz\\\/product\\\/rubber-strap-latch-with-spring-clip\\\/#primaryimage\",\"url\":\"https:\\\/\\\/europower-parts.cz\\\/wp-content\\\/uploads\\\/2024\\\/09\\\/332002.jpg\",\"contentUrl\":\"https:\\\/\\\/europower-parts.cz\\\/wp-content\\\/uploads\\\/2024\\\/09\\\/332002.jpg\",\"width\":1000,\"height\":1000,\"caption\":\"332002\"},{\"@type\":\"BreadcrumbList\",\"@id\":\"https:\\\/\\\/europower-parts.cz\\\/product\\\/rubber-strap-latch-with-spring-clip\\\/#breadcrumb\",\"itemListElement\":[{\"@type\":\"ListItem\",\"position\":1,\"name\":\"Home\",\"item\":\"https:\\\/\\\/europower-parts.cz\\\/cs\\\/\"},{\"@type\":\"ListItem\",\"position\":2,\"name\":\"Obchod\",\"item\":\"https:\\\/\\\/europower-parts.cz\\\/cs\\\/obchod\\\/\"},{\"@type\":\"ListItem\",\"position\":3,\"name\":\"Rubber Strap Latch with Spring Clip\"}]},{\"@type\":\"WebSite\",\"@id\":\"https:\\\/\\\/europower-parts.cz\\\/#website\",\"url\":\"https:\\\/\\\/europower-parts.cz\\\/\",\"name\":\"Europower Parts\",\"description\":\"\",\"publisher\":{\"@id\":\"https:\\\/\\\/europower-parts.cz\\\/#organization\"},\"potentialAction\":[{\"@type\":\"SearchAction\",\"target\":{\"@type\":\"EntryPoint\",\"urlTemplate\":\"https:\\\/\\\/europower-parts.cz\\\/?s={search_term_string}\"},\"query-input\":{\"@type\":\"PropertyValueSpecification\",\"valueRequired\":true,\"valueName\":\"search_term_string\"}}],\"inLanguage\":\"cs\"},{\"@type\":\"Organization\",\"@id\":\"https:\\\/\\\/europower-parts.cz\\\/#organization\",\"name\":\"Europower Industries s.r.o.\",\"url\":\"https:\\\/\\\/europower-parts.cz\\\/\",\"logo\":{\"@type\":\"ImageObject\",\"inLanguage\":\"cs\",\"@id\":\"https:\\\/\\\/europower-parts.cz\\\/#\\\/schema\\\/logo\\\/image\\\/\",\"url\":\"https:\\\/\\\/europower-parts.cz\\\/wp-content\\\/uploads\\\/2024\\\/09\\\/europower-logo.svg\",\"contentUrl\":\"https:\\\/\\\/europower-parts.cz\\\/wp-content\\\/uploads\\\/2024\\\/09\\\/europower-logo.svg\",\"caption\":\"Europower Industries s.r.o.\"},\"image\":{\"@id\":\"https:\\\/\\\/europower-parts.cz\\\/#\\\/schema\\\/logo\\\/image\\\/\"}}]}<\/script>\n<!-- \/ Yoast SEO plugin. -->","yoast_head_json":{"title":"Rubber Strap Latch with Spring Clip - Europower Parts","robots":{"index":"index","follow":"follow","max-snippet":"max-snippet:-1","max-image-preview":"max-image-preview:large","max-video-preview":"max-video-preview:-1"},"canonical":"https:\/\/europower-parts.cz\/product\/rubber-strap-latch-with-spring-clip\/","og_locale":"cs_CZ","og_type":"article","og_title":"Rubber Strap Latch with Spring Clip - Europower Parts","og_description":"Pro 42\" a 46\" Plo\u0161iny, AYP 160793, Husqvarna 532 16 07-93 \/ 532160793 , 532130758, 532130759, 532130760, 539108090, 539108091, 539108194, 53912100. Kompletn\u00ed Set Z\u00e1padky je p\u0159ichycen na spodn\u00ed \u010d\u00e1sti u Sb\u011br\u016f na tr\u00e1vu \/ Mul\u010dovac\u00edch sb\u011br\u016f. V\u011bt\u0161ina sb\u011br\u016f vy\u017eaduj\u00ed 2 v\u011bt\u0161\u00ed z\u00e1padky.","og_url":"https:\/\/europower-parts.cz\/product\/rubber-strap-latch-with-spring-clip\/","og_site_name":"Europower Parts","article_modified_time":"2026-03-17T00:00:42+00:00","og_image":[{"width":1000,"height":1000,"url":"https:\/\/europower-parts.cz\/wp-content\/uploads\/2024\/09\/332002.jpg","type":"image\/jpeg"}],"twitter_card":"summary_large_image","schema":{"@context":"https:\/\/schema.org","@graph":[{"@type":"WebPage","@id":"https:\/\/europower-parts.cz\/product\/rubber-strap-latch-with-spring-clip\/","url":"https:\/\/europower-parts.cz\/product\/rubber-strap-latch-with-spring-clip\/","name":"Rubber Strap Latch with Spring Clip - Europower Parts","isPartOf":{"@id":"https:\/\/europower-parts.cz\/#website"},"primaryImageOfPage":{"@id":"https:\/\/europower-parts.cz\/product\/rubber-strap-latch-with-spring-clip\/#primaryimage"},"image":{"@id":"https:\/\/europower-parts.cz\/product\/rubber-strap-latch-with-spring-clip\/#primaryimage"},"thumbnailUrl":"https:\/\/europower-parts.cz\/wp-content\/uploads\/2024\/09\/332002.jpg","datePublished":"2024-07-16T09:20:40+00:00","dateModified":"2026-03-17T00:00:42+00:00","breadcrumb":{"@id":"https:\/\/europower-parts.cz\/product\/rubber-strap-latch-with-spring-clip\/#breadcrumb"},"inLanguage":"cs","potentialAction":[{"@type":"ReadAction","target":["https:\/\/europower-parts.cz\/product\/rubber-strap-latch-with-spring-clip\/"]}]},{"@type":"ImageObject","inLanguage":"cs","@id":"https:\/\/europower-parts.cz\/product\/rubber-strap-latch-with-spring-clip\/#primaryimage","url":"https:\/\/europower-parts.cz\/wp-content\/uploads\/2024\/09\/332002.jpg","contentUrl":"https:\/\/europower-parts.cz\/wp-content\/uploads\/2024\/09\/332002.jpg","width":1000,"height":1000,"caption":"332002"},{"@type":"BreadcrumbList","@id":"https:\/\/europower-parts.cz\/product\/rubber-strap-latch-with-spring-clip\/#breadcrumb","itemListElement":[{"@type":"ListItem","position":1,"name":"Home","item":"https:\/\/europower-parts.cz\/cs\/"},{"@type":"ListItem","position":2,"name":"Obchod","item":"https:\/\/europower-parts.cz\/cs\/obchod\/"},{"@type":"ListItem","position":3,"name":"Rubber Strap Latch with Spring Clip"}]},{"@type":"WebSite","@id":"https:\/\/europower-parts.cz\/#website","url":"https:\/\/europower-parts.cz\/","name":"Europower Parts","description":"","publisher":{"@id":"https:\/\/europower-parts.cz\/#organization"},"potentialAction":[{"@type":"SearchAction","target":{"@type":"EntryPoint","urlTemplate":"https:\/\/europower-parts.cz\/?s={search_term_string}"},"query-input":{"@type":"PropertyValueSpecification","valueRequired":true,"valueName":"search_term_string"}}],"inLanguage":"cs"},{"@type":"Organization","@id":"https:\/\/europower-parts.cz\/#organization","name":"Europower Industries s.r.o.","url":"https:\/\/europower-parts.cz\/","logo":{"@type":"ImageObject","inLanguage":"cs","@id":"https:\/\/europower-parts.cz\/#\/schema\/logo\/image\/","url":"https:\/\/europower-parts.cz\/wp-content\/uploads\/2024\/09\/europower-logo.svg","contentUrl":"https:\/\/europower-parts.cz\/wp-content\/uploads\/2024\/09\/europower-logo.svg","caption":"Europower Industries s.r.o."},"image":{"@id":"https:\/\/europower-parts.cz\/#\/schema\/logo\/image\/"}}]}},"_links":{"self":[{"href":"https:\/\/europower-parts.cz\/cs\/wp-json\/wp\/v2\/product\/8330","targetHints":{"allow":["GET"]}}],"collection":[{"href":"https:\/\/europower-parts.cz\/cs\/wp-json\/wp\/v2\/product"}],"about":[{"href":"https:\/\/europower-parts.cz\/cs\/wp-json\/wp\/v2\/types\/product"}],"replies":[{"embeddable":true,"href":"https:\/\/europower-parts.cz\/cs\/wp-json\/wp\/v2\/comments?post=8330"}],"wp:featuredmedia":[{"embeddable":true,"href":"https:\/\/europower-parts.cz\/cs\/wp-json\/wp\/v2\/media\/18225"}],"wp:attachment":[{"href":"https:\/\/europower-parts.cz\/cs\/wp-json\/wp\/v2\/media?parent=8330"}],"wp:term":[{"taxonomy":"product_brand","embeddable":true,"href":"https:\/\/europower-parts.cz\/cs\/wp-json\/wp\/v2\/product_brand?post=8330"},{"taxonomy":"product_cat","embeddable":true,"href":"https:\/\/europower-parts.cz\/cs\/wp-json\/wp\/v2\/product_cat?post=8330"},{"taxonomy":"product_tag","embeddable":true,"href":"https:\/\/europower-parts.cz\/cs\/wp-json\/wp\/v2\/product_tag?post=8330"}],"curies":[{"name":"wp","href":"https:\/\/api.w.org\/{rel}","templated":true}]}}