{"id":8697,"date":"2024-07-16T11:21:23","date_gmt":"2024-07-16T09:21:23","guid":{"rendered":"https:\/\/europower.skilly.me\/product\/pto-switch-14\/"},"modified":"2026-01-05T14:34:43","modified_gmt":"2026-01-05T13:34:43","slug":"pto-switch-14","status":"publish","type":"product","link":"https:\/\/europower-parts.cz\/cs\/product\/pto-switch-14\/","title":{"rendered":"PTO Switch"},"content":{"rendered":"<p>Okam\u017eit\u00fd Vyp\u00edna\u010d (Power-Take-Out Switch)<\/p>\n","protected":false},"excerpt":{"rendered":"<p>ARIENS 5221, 1545600, JOHN DEERE AM118802, AM119139, EXMARK 1-633673 \/ 1633673 , KUBOTA K1211-62231 \/ K121162231 , MTD 725-3233 \/ 7253233 , 725-1716 \/ 7251716 , 725-1752 \/ 7251752 , 925-1716 \/ 9251716 , SCAG 481635, TORO 93-9999 \/ 939999 , 93-9998 \/ 939998 , 95-4108 \/ 954108 , 95-7489 \/ 957489 , SNAPPER 28542, BUNTON\/BOBCAT 2188153, DIXIE CHOPPER  500016<\/p>\n","protected":false},"featured_media":20831,"comment_status":"open","ping_status":"closed","template":"","meta":[],"product_brand":[],"product_cat":[2854],"product_tag":[],"class_list":{"0":"post-8697","1":"product","2":"type-product","3":"status-publish","4":"has-post-thumbnail","6":"product_cat-105-pto-switch","8":"first","9":"instock","10":"taxable","11":"shipping-taxable","12":"purchasable","13":"product-type-simple"},"yoast_head":"<!-- This site is optimized with the Yoast SEO plugin v27.5 - https:\/\/yoast.com\/product\/yoast-seo-wordpress\/ -->\n<title>PTO Switch - Europower Parts<\/title>\n<meta name=\"robots\" content=\"index, follow, max-snippet:-1, max-image-preview:large, max-video-preview:-1\" \/>\n<link rel=\"canonical\" href=\"https:\/\/europower-parts.cz\/product\/pto-switch-14\/\" \/>\n<meta property=\"og:locale\" content=\"cs_CZ\" \/>\n<meta property=\"og:type\" content=\"article\" \/>\n<meta property=\"og:title\" content=\"PTO Switch - Europower Parts\" \/>\n<meta property=\"og:description\" content=\"ARIENS 5221, 1545600, JOHN DEERE AM118802, AM119139, EXMARK 1-633673 \/ 1633673 , KUBOTA K1211-62231 \/ K121162231 , MTD 725-3233 \/ 7253233 , 725-1716 \/ 7251716 , 725-1752 \/ 7251752 , 925-1716 \/ 9251716 , SCAG 481635, TORO 93-9999 \/ 939999 , 93-9998 \/ 939998 , 95-4108 \/ 954108 , 95-7489 \/ 957489 , SNAPPER 28542, BUNTON\/BOBCAT 2188153, DIXIE CHOPPER 500016\" \/>\n<meta property=\"og:url\" content=\"https:\/\/europower-parts.cz\/product\/pto-switch-14\/\" \/>\n<meta property=\"og:site_name\" content=\"Europower Parts\" \/>\n<meta property=\"article:modified_time\" content=\"2026-01-05T13:34:43+00:00\" \/>\n<meta name=\"twitter:card\" content=\"summary_large_image\" \/>\n<script type=\"application\/ld+json\" class=\"yoast-schema-graph\">{\"@context\":\"https:\\\/\\\/schema.org\",\"@graph\":[{\"@type\":\"WebPage\",\"@id\":\"https:\\\/\\\/europower-parts.cz\\\/product\\\/pto-switch-14\\\/\",\"url\":\"https:\\\/\\\/europower-parts.cz\\\/product\\\/pto-switch-14\\\/\",\"name\":\"PTO Switch - Europower Parts\",\"isPartOf\":{\"@id\":\"https:\\\/\\\/europower-parts.cz\\\/#website\"},\"primaryImageOfPage\":{\"@id\":\"https:\\\/\\\/europower-parts.cz\\\/product\\\/pto-switch-14\\\/#primaryimage\"},\"image\":{\"@id\":\"https:\\\/\\\/europower-parts.cz\\\/product\\\/pto-switch-14\\\/#primaryimage\"},\"thumbnailUrl\":\"https:\\\/\\\/europower-parts.cz\\\/wp-content\\\/uploads\\\/2025\\\/06\\\/105001-5.jpg\",\"datePublished\":\"2024-07-16T09:21:23+00:00\",\"dateModified\":\"2026-01-05T13:34:43+00:00\",\"breadcrumb\":{\"@id\":\"https:\\\/\\\/europower-parts.cz\\\/product\\\/pto-switch-14\\\/#breadcrumb\"},\"inLanguage\":\"cs\",\"potentialAction\":[{\"@type\":\"ReadAction\",\"target\":[\"https:\\\/\\\/europower-parts.cz\\\/product\\\/pto-switch-14\\\/\"]}]},{\"@type\":\"ImageObject\",\"inLanguage\":\"cs\",\"@id\":\"https:\\\/\\\/europower-parts.cz\\\/product\\\/pto-switch-14\\\/#primaryimage\",\"url\":\"https:\\\/\\\/europower-parts.cz\\\/wp-content\\\/uploads\\\/2025\\\/06\\\/105001-5.jpg\",\"contentUrl\":\"https:\\\/\\\/europower-parts.cz\\\/wp-content\\\/uploads\\\/2025\\\/06\\\/105001-5.jpg\",\"width\":1000,\"height\":1000,\"caption\":\"105001-5\"},{\"@type\":\"BreadcrumbList\",\"@id\":\"https:\\\/\\\/europower-parts.cz\\\/product\\\/pto-switch-14\\\/#breadcrumb\",\"itemListElement\":[{\"@type\":\"ListItem\",\"position\":1,\"name\":\"Home\",\"item\":\"https:\\\/\\\/europower-parts.cz\\\/cs\\\/\"},{\"@type\":\"ListItem\",\"position\":2,\"name\":\"Obchod\",\"item\":\"https:\\\/\\\/europower-parts.cz\\\/cs\\\/obchod\\\/\"},{\"@type\":\"ListItem\",\"position\":3,\"name\":\"PTO Switch\"}]},{\"@type\":\"WebSite\",\"@id\":\"https:\\\/\\\/europower-parts.cz\\\/#website\",\"url\":\"https:\\\/\\\/europower-parts.cz\\\/\",\"name\":\"Europower Parts\",\"description\":\"\",\"publisher\":{\"@id\":\"https:\\\/\\\/europower-parts.cz\\\/#organization\"},\"potentialAction\":[{\"@type\":\"SearchAction\",\"target\":{\"@type\":\"EntryPoint\",\"urlTemplate\":\"https:\\\/\\\/europower-parts.cz\\\/?s={search_term_string}\"},\"query-input\":{\"@type\":\"PropertyValueSpecification\",\"valueRequired\":true,\"valueName\":\"search_term_string\"}}],\"inLanguage\":\"cs\"},{\"@type\":\"Organization\",\"@id\":\"https:\\\/\\\/europower-parts.cz\\\/#organization\",\"name\":\"Europower Industries s.r.o.\",\"url\":\"https:\\\/\\\/europower-parts.cz\\\/\",\"logo\":{\"@type\":\"ImageObject\",\"inLanguage\":\"cs\",\"@id\":\"https:\\\/\\\/europower-parts.cz\\\/#\\\/schema\\\/logo\\\/image\\\/\",\"url\":\"https:\\\/\\\/europower-parts.cz\\\/wp-content\\\/uploads\\\/2024\\\/09\\\/europower-logo.svg\",\"contentUrl\":\"https:\\\/\\\/europower-parts.cz\\\/wp-content\\\/uploads\\\/2024\\\/09\\\/europower-logo.svg\",\"caption\":\"Europower Industries s.r.o.\"},\"image\":{\"@id\":\"https:\\\/\\\/europower-parts.cz\\\/#\\\/schema\\\/logo\\\/image\\\/\"}}]}<\/script>\n<!-- \/ Yoast SEO plugin. -->","yoast_head_json":{"title":"PTO Switch - Europower Parts","robots":{"index":"index","follow":"follow","max-snippet":"max-snippet:-1","max-image-preview":"max-image-preview:large","max-video-preview":"max-video-preview:-1"},"canonical":"https:\/\/europower-parts.cz\/product\/pto-switch-14\/","og_locale":"cs_CZ","og_type":"article","og_title":"PTO Switch - Europower Parts","og_description":"ARIENS 5221, 1545600, JOHN DEERE AM118802, AM119139, EXMARK 1-633673 \/ 1633673 , KUBOTA K1211-62231 \/ K121162231 , MTD 725-3233 \/ 7253233 , 725-1716 \/ 7251716 , 725-1752 \/ 7251752 , 925-1716 \/ 9251716 , SCAG 481635, TORO 93-9999 \/ 939999 , 93-9998 \/ 939998 , 95-4108 \/ 954108 , 95-7489 \/ 957489 , SNAPPER 28542, BUNTON\/BOBCAT 2188153, DIXIE CHOPPER 500016","og_url":"https:\/\/europower-parts.cz\/product\/pto-switch-14\/","og_site_name":"Europower Parts","article_modified_time":"2026-01-05T13:34:43+00:00","twitter_card":"summary_large_image","schema":{"@context":"https:\/\/schema.org","@graph":[{"@type":"WebPage","@id":"https:\/\/europower-parts.cz\/product\/pto-switch-14\/","url":"https:\/\/europower-parts.cz\/product\/pto-switch-14\/","name":"PTO Switch - Europower Parts","isPartOf":{"@id":"https:\/\/europower-parts.cz\/#website"},"primaryImageOfPage":{"@id":"https:\/\/europower-parts.cz\/product\/pto-switch-14\/#primaryimage"},"image":{"@id":"https:\/\/europower-parts.cz\/product\/pto-switch-14\/#primaryimage"},"thumbnailUrl":"https:\/\/europower-parts.cz\/wp-content\/uploads\/2025\/06\/105001-5.jpg","datePublished":"2024-07-16T09:21:23+00:00","dateModified":"2026-01-05T13:34:43+00:00","breadcrumb":{"@id":"https:\/\/europower-parts.cz\/product\/pto-switch-14\/#breadcrumb"},"inLanguage":"cs","potentialAction":[{"@type":"ReadAction","target":["https:\/\/europower-parts.cz\/product\/pto-switch-14\/"]}]},{"@type":"ImageObject","inLanguage":"cs","@id":"https:\/\/europower-parts.cz\/product\/pto-switch-14\/#primaryimage","url":"https:\/\/europower-parts.cz\/wp-content\/uploads\/2025\/06\/105001-5.jpg","contentUrl":"https:\/\/europower-parts.cz\/wp-content\/uploads\/2025\/06\/105001-5.jpg","width":1000,"height":1000,"caption":"105001-5"},{"@type":"BreadcrumbList","@id":"https:\/\/europower-parts.cz\/product\/pto-switch-14\/#breadcrumb","itemListElement":[{"@type":"ListItem","position":1,"name":"Home","item":"https:\/\/europower-parts.cz\/cs\/"},{"@type":"ListItem","position":2,"name":"Obchod","item":"https:\/\/europower-parts.cz\/cs\/obchod\/"},{"@type":"ListItem","position":3,"name":"PTO Switch"}]},{"@type":"WebSite","@id":"https:\/\/europower-parts.cz\/#website","url":"https:\/\/europower-parts.cz\/","name":"Europower Parts","description":"","publisher":{"@id":"https:\/\/europower-parts.cz\/#organization"},"potentialAction":[{"@type":"SearchAction","target":{"@type":"EntryPoint","urlTemplate":"https:\/\/europower-parts.cz\/?s={search_term_string}"},"query-input":{"@type":"PropertyValueSpecification","valueRequired":true,"valueName":"search_term_string"}}],"inLanguage":"cs"},{"@type":"Organization","@id":"https:\/\/europower-parts.cz\/#organization","name":"Europower Industries s.r.o.","url":"https:\/\/europower-parts.cz\/","logo":{"@type":"ImageObject","inLanguage":"cs","@id":"https:\/\/europower-parts.cz\/#\/schema\/logo\/image\/","url":"https:\/\/europower-parts.cz\/wp-content\/uploads\/2024\/09\/europower-logo.svg","contentUrl":"https:\/\/europower-parts.cz\/wp-content\/uploads\/2024\/09\/europower-logo.svg","caption":"Europower Industries s.r.o."},"image":{"@id":"https:\/\/europower-parts.cz\/#\/schema\/logo\/image\/"}}]}},"_links":{"self":[{"href":"https:\/\/europower-parts.cz\/cs\/wp-json\/wp\/v2\/product\/8697","targetHints":{"allow":["GET"]}}],"collection":[{"href":"https:\/\/europower-parts.cz\/cs\/wp-json\/wp\/v2\/product"}],"about":[{"href":"https:\/\/europower-parts.cz\/cs\/wp-json\/wp\/v2\/types\/product"}],"replies":[{"embeddable":true,"href":"https:\/\/europower-parts.cz\/cs\/wp-json\/wp\/v2\/comments?post=8697"}],"wp:featuredmedia":[{"embeddable":true,"href":"https:\/\/europower-parts.cz\/cs\/wp-json\/wp\/v2\/media\/20831"}],"wp:attachment":[{"href":"https:\/\/europower-parts.cz\/cs\/wp-json\/wp\/v2\/media?parent=8697"}],"wp:term":[{"taxonomy":"product_brand","embeddable":true,"href":"https:\/\/europower-parts.cz\/cs\/wp-json\/wp\/v2\/product_brand?post=8697"},{"taxonomy":"product_cat","embeddable":true,"href":"https:\/\/europower-parts.cz\/cs\/wp-json\/wp\/v2\/product_cat?post=8697"},{"taxonomy":"product_tag","embeddable":true,"href":"https:\/\/europower-parts.cz\/cs\/wp-json\/wp\/v2\/product_tag?post=8697"}],"curies":[{"name":"wp","href":"https:\/\/api.w.org\/{rel}","templated":true}]}}