{"id":8924,"date":"2024-07-16T11:21:52","date_gmt":"2024-07-16T09:21:52","guid":{"rendered":"https:\/\/europower.skilly.me\/product\/roto-cut-flail-brushcutter-head\/"},"modified":"2026-01-05T14:34:58","modified_gmt":"2026-01-05T13:34:58","slug":"roto-cut-flail-brushcutter-head","status":"publish","type":"product","link":"https:\/\/europower-parts.cz\/cs\/product\/roto-cut-flail-brushcutter-head\/","title":{"rendered":"Roto-Cut Flail Brushcutter Head"},"content":{"rendered":"","protected":false},"excerpt":{"rendered":"<p>S 3 Vysoce N\u00e1razov\u00fdmi Nylonov\u00fdmi \u010cepelemi, STIHL 4003 710 2193 \/ 40037102193 , SHINDAIWA 99906-1566 \/ 999061566<\/p>\n","protected":false},"featured_media":0,"comment_status":"open","ping_status":"closed","template":"","meta":[],"product_brand":[],"product_cat":[2891],"product_tag":[],"class_list":{"0":"post-8924","1":"product","2":"type-product","3":"status-publish","5":"product_cat-182-spool-with-line-trimmer-head","7":"first","8":"instock","9":"taxable","10":"shipping-taxable","11":"purchasable","12":"product-type-simple"},"yoast_head":"<!-- This site is optimized with the Yoast SEO plugin v27.5 - https:\/\/yoast.com\/product\/yoast-seo-wordpress\/ -->\n<title>Roto-Cut Flail Brushcutter Head - Europower Parts<\/title>\n<meta name=\"robots\" content=\"index, follow, max-snippet:-1, max-image-preview:large, max-video-preview:-1\" \/>\n<link rel=\"canonical\" href=\"https:\/\/europower-parts.cz\/product\/roto-cut-flail-brushcutter-head\/\" \/>\n<meta property=\"og:locale\" content=\"cs_CZ\" \/>\n<meta property=\"og:type\" content=\"article\" \/>\n<meta property=\"og:title\" content=\"Roto-Cut Flail Brushcutter Head - Europower Parts\" \/>\n<meta property=\"og:description\" content=\"S 3 Vysoce N\u00e1razov\u00fdmi Nylonov\u00fdmi \u010cepelemi, STIHL 4003 710 2193 \/ 40037102193 , SHINDAIWA 99906-1566 \/ 999061566\" \/>\n<meta property=\"og:url\" content=\"https:\/\/europower-parts.cz\/product\/roto-cut-flail-brushcutter-head\/\" \/>\n<meta property=\"og:site_name\" content=\"Europower Parts\" \/>\n<meta property=\"article:modified_time\" content=\"2026-01-05T13:34:58+00:00\" \/>\n<meta name=\"twitter:card\" content=\"summary_large_image\" \/>\n<script type=\"application\/ld+json\" class=\"yoast-schema-graph\">{\"@context\":\"https:\\\/\\\/schema.org\",\"@graph\":[{\"@type\":\"WebPage\",\"@id\":\"https:\\\/\\\/europower-parts.cz\\\/product\\\/roto-cut-flail-brushcutter-head\\\/\",\"url\":\"https:\\\/\\\/europower-parts.cz\\\/product\\\/roto-cut-flail-brushcutter-head\\\/\",\"name\":\"Roto-Cut Flail Brushcutter Head - Europower Parts\",\"isPartOf\":{\"@id\":\"https:\\\/\\\/europower-parts.cz\\\/#website\"},\"datePublished\":\"2024-07-16T09:21:52+00:00\",\"dateModified\":\"2026-01-05T13:34:58+00:00\",\"breadcrumb\":{\"@id\":\"https:\\\/\\\/europower-parts.cz\\\/product\\\/roto-cut-flail-brushcutter-head\\\/#breadcrumb\"},\"inLanguage\":\"cs\",\"potentialAction\":[{\"@type\":\"ReadAction\",\"target\":[\"https:\\\/\\\/europower-parts.cz\\\/product\\\/roto-cut-flail-brushcutter-head\\\/\"]}]},{\"@type\":\"BreadcrumbList\",\"@id\":\"https:\\\/\\\/europower-parts.cz\\\/product\\\/roto-cut-flail-brushcutter-head\\\/#breadcrumb\",\"itemListElement\":[{\"@type\":\"ListItem\",\"position\":1,\"name\":\"Home\",\"item\":\"https:\\\/\\\/europower-parts.cz\\\/cs\\\/\"},{\"@type\":\"ListItem\",\"position\":2,\"name\":\"Obchod\",\"item\":\"https:\\\/\\\/europower-parts.cz\\\/cs\\\/obchod\\\/\"},{\"@type\":\"ListItem\",\"position\":3,\"name\":\"Roto-Cut Flail Brushcutter Head\"}]},{\"@type\":\"WebSite\",\"@id\":\"https:\\\/\\\/europower-parts.cz\\\/#website\",\"url\":\"https:\\\/\\\/europower-parts.cz\\\/\",\"name\":\"Europower Parts\",\"description\":\"\",\"publisher\":{\"@id\":\"https:\\\/\\\/europower-parts.cz\\\/#organization\"},\"potentialAction\":[{\"@type\":\"SearchAction\",\"target\":{\"@type\":\"EntryPoint\",\"urlTemplate\":\"https:\\\/\\\/europower-parts.cz\\\/?s={search_term_string}\"},\"query-input\":{\"@type\":\"PropertyValueSpecification\",\"valueRequired\":true,\"valueName\":\"search_term_string\"}}],\"inLanguage\":\"cs\"},{\"@type\":\"Organization\",\"@id\":\"https:\\\/\\\/europower-parts.cz\\\/#organization\",\"name\":\"Europower Industries s.r.o.\",\"url\":\"https:\\\/\\\/europower-parts.cz\\\/\",\"logo\":{\"@type\":\"ImageObject\",\"inLanguage\":\"cs\",\"@id\":\"https:\\\/\\\/europower-parts.cz\\\/#\\\/schema\\\/logo\\\/image\\\/\",\"url\":\"https:\\\/\\\/europower-parts.cz\\\/wp-content\\\/uploads\\\/2024\\\/09\\\/europower-logo.svg\",\"contentUrl\":\"https:\\\/\\\/europower-parts.cz\\\/wp-content\\\/uploads\\\/2024\\\/09\\\/europower-logo.svg\",\"caption\":\"Europower Industries s.r.o.\"},\"image\":{\"@id\":\"https:\\\/\\\/europower-parts.cz\\\/#\\\/schema\\\/logo\\\/image\\\/\"}}]}<\/script>\n<!-- \/ Yoast SEO plugin. -->","yoast_head_json":{"title":"Roto-Cut Flail Brushcutter Head - Europower Parts","robots":{"index":"index","follow":"follow","max-snippet":"max-snippet:-1","max-image-preview":"max-image-preview:large","max-video-preview":"max-video-preview:-1"},"canonical":"https:\/\/europower-parts.cz\/product\/roto-cut-flail-brushcutter-head\/","og_locale":"cs_CZ","og_type":"article","og_title":"Roto-Cut Flail Brushcutter Head - Europower Parts","og_description":"S 3 Vysoce N\u00e1razov\u00fdmi Nylonov\u00fdmi \u010cepelemi, STIHL 4003 710 2193 \/ 40037102193 , SHINDAIWA 99906-1566 \/ 999061566","og_url":"https:\/\/europower-parts.cz\/product\/roto-cut-flail-brushcutter-head\/","og_site_name":"Europower Parts","article_modified_time":"2026-01-05T13:34:58+00:00","twitter_card":"summary_large_image","schema":{"@context":"https:\/\/schema.org","@graph":[{"@type":"WebPage","@id":"https:\/\/europower-parts.cz\/product\/roto-cut-flail-brushcutter-head\/","url":"https:\/\/europower-parts.cz\/product\/roto-cut-flail-brushcutter-head\/","name":"Roto-Cut Flail Brushcutter Head - Europower Parts","isPartOf":{"@id":"https:\/\/europower-parts.cz\/#website"},"datePublished":"2024-07-16T09:21:52+00:00","dateModified":"2026-01-05T13:34:58+00:00","breadcrumb":{"@id":"https:\/\/europower-parts.cz\/product\/roto-cut-flail-brushcutter-head\/#breadcrumb"},"inLanguage":"cs","potentialAction":[{"@type":"ReadAction","target":["https:\/\/europower-parts.cz\/product\/roto-cut-flail-brushcutter-head\/"]}]},{"@type":"BreadcrumbList","@id":"https:\/\/europower-parts.cz\/product\/roto-cut-flail-brushcutter-head\/#breadcrumb","itemListElement":[{"@type":"ListItem","position":1,"name":"Home","item":"https:\/\/europower-parts.cz\/cs\/"},{"@type":"ListItem","position":2,"name":"Obchod","item":"https:\/\/europower-parts.cz\/cs\/obchod\/"},{"@type":"ListItem","position":3,"name":"Roto-Cut Flail Brushcutter Head"}]},{"@type":"WebSite","@id":"https:\/\/europower-parts.cz\/#website","url":"https:\/\/europower-parts.cz\/","name":"Europower Parts","description":"","publisher":{"@id":"https:\/\/europower-parts.cz\/#organization"},"potentialAction":[{"@type":"SearchAction","target":{"@type":"EntryPoint","urlTemplate":"https:\/\/europower-parts.cz\/?s={search_term_string}"},"query-input":{"@type":"PropertyValueSpecification","valueRequired":true,"valueName":"search_term_string"}}],"inLanguage":"cs"},{"@type":"Organization","@id":"https:\/\/europower-parts.cz\/#organization","name":"Europower Industries s.r.o.","url":"https:\/\/europower-parts.cz\/","logo":{"@type":"ImageObject","inLanguage":"cs","@id":"https:\/\/europower-parts.cz\/#\/schema\/logo\/image\/","url":"https:\/\/europower-parts.cz\/wp-content\/uploads\/2024\/09\/europower-logo.svg","contentUrl":"https:\/\/europower-parts.cz\/wp-content\/uploads\/2024\/09\/europower-logo.svg","caption":"Europower Industries s.r.o."},"image":{"@id":"https:\/\/europower-parts.cz\/#\/schema\/logo\/image\/"}}]}},"_links":{"self":[{"href":"https:\/\/europower-parts.cz\/cs\/wp-json\/wp\/v2\/product\/8924","targetHints":{"allow":["GET"]}}],"collection":[{"href":"https:\/\/europower-parts.cz\/cs\/wp-json\/wp\/v2\/product"}],"about":[{"href":"https:\/\/europower-parts.cz\/cs\/wp-json\/wp\/v2\/types\/product"}],"replies":[{"embeddable":true,"href":"https:\/\/europower-parts.cz\/cs\/wp-json\/wp\/v2\/comments?post=8924"}],"wp:attachment":[{"href":"https:\/\/europower-parts.cz\/cs\/wp-json\/wp\/v2\/media?parent=8924"}],"wp:term":[{"taxonomy":"product_brand","embeddable":true,"href":"https:\/\/europower-parts.cz\/cs\/wp-json\/wp\/v2\/product_brand?post=8924"},{"taxonomy":"product_cat","embeddable":true,"href":"https:\/\/europower-parts.cz\/cs\/wp-json\/wp\/v2\/product_cat?post=8924"},{"taxonomy":"product_tag","embeddable":true,"href":"https:\/\/europower-parts.cz\/cs\/wp-json\/wp\/v2\/product_tag?post=8924"}],"curies":[{"name":"wp","href":"https:\/\/api.w.org\/{rel}","templated":true}]}}