{"id":9202,"date":"2024-07-16T11:22:27","date_gmt":"2024-07-16T09:22:27","guid":{"rendered":"https:\/\/europower.skilly.me\/product\/starter-spring-68\/"},"modified":"2025-10-31T00:01:15","modified_gmt":"2025-10-30T23:01:15","slug":"starter-spring-68","status":"publish","type":"product","link":"https:\/\/europower-parts.cz\/cs\/product\/starter-spring-68\/","title":{"rendered":"Starter Spring"},"content":{"rendered":"<p>Pro V\u011bt\u0161inu ATVs. Honda ATC110 (79-85), ATC125M (84-87), ATC185\/S (80-83), ATC200 (81-83), ATC200E Big Red (82-83), ATC200ES Big Red (84), ATC200M (84-85), ATC200S (84-86), ATC70 (78-85), ATC90 (72-78), TRX125 FourTrax (85-88), TRX200 (84), TRX200SX (86-88), TRX250 FourTrax\/Recon (97-01), TRX250TE\/TM Recon (02-09, 11-14 &amp; 16-19), TRX350FE\/FM Rancher (00-06), TRX350TE\/TM Rancher (00-05), TRX400FA\/FGA Rancher Automatic (04-07), TRX90 FourTrax \/ Sportrax (93-05). Polaris: Big Boss 250 4&#215;6 (89), Big Boss 250 6&#215;6 (91), Big Boss 350 (89), Trail Blazer 250 (90), Trail Boss 250 2&#215;4 (90), Trail Boss 250 4&#215;4 (90). Yamaha: YF60 Moto-4 (85-86), YFA1 Breeze\/Moto-4 (89 &amp; 91-00), YFB250 Timberwolf 250 (92-96), YFB250FW Timberwolf 4&#215;4 (94-00), YFB250U Timberwolf 250 (96 &amp; 98), YFM200\/DX Moto-4 (85-89), YFM250 Moto-4 (89-91), YFM350ER Moto-4 (87-90 &amp; 92-95), YFM350FH Big Bear 350 4&#215;4 Hunting (99), YFM350FW Big Bear 350 4&#215;4 (87-97), YFM350FWB Big Bear 350 (97-99), YFM350U Big Bear 350 2&#215;4 (96-99), YFM350X Warrior 350 (87-04), YFM35FX Wolverine 350 4&#215;4 (00-05), YFM400 Big Bear 400 2&#215;4 (00-04), YFM400 Big Bear 400 4&#215;4 (00-12), YFM400A Kodiak 400 2&#215;4 (00-01 &amp; 03-04), YFM400FA\/FW Kodiak 400 4&#215;4 (93-04), YFM450 Kodiak 450 4&#215;4 (03-04), YFM600 Grizzly 600 4&#215;4 (98-01), YFM660F Grizzly 660 4&#215;4 (02-06), YFP350U Terrapro (88), YT125 Tri-Moto (80-85), YT175 Tri-Moto (82-83), YT60 Tri-Zinger (85), YTM200 Tri-Moto (83-85), YTM200DR Tri-Moto (85-86), YTM200E Tri-Moto (83-84), YTM200ER Tri-Moto (85), YTM225DR Tri-Moto (85-86), YTM225DX Tri-Moto (83-85)<\/p>\n","protected":false},"excerpt":{"rendered":"<p>Startovac\u00ed pru\u017eina, 623-5901, BK# 730-7507, vhodn\u00e9 pro v\u011bt\u0161inu ATVS<\/p>\n","protected":false},"featured_media":13539,"comment_status":"open","ping_status":"closed","template":"","meta":[],"product_brand":[],"product_cat":[2823],"product_tag":[],"class_list":{"0":"post-9202","1":"product","2":"type-product","3":"status-publish","4":"has-post-thumbnail","6":"product_cat-045-starter-spring","8":"first","9":"instock","10":"taxable","11":"shipping-taxable","12":"purchasable","13":"product-type-simple"},"yoast_head":"<!-- This site is optimized with the Yoast SEO plugin v27.6 - https:\/\/yoast.com\/product\/yoast-seo-wordpress\/ -->\n<title>Starter Spring - Europower Parts<\/title>\n<meta name=\"robots\" content=\"index, follow, max-snippet:-1, max-image-preview:large, max-video-preview:-1\" \/>\n<link rel=\"canonical\" href=\"https:\/\/europower-parts.cz\/product\/starter-spring-68\/\" \/>\n<meta property=\"og:locale\" content=\"cs_CZ\" \/>\n<meta property=\"og:type\" content=\"article\" \/>\n<meta property=\"og:title\" content=\"Starter Spring - Europower Parts\" \/>\n<meta property=\"og:description\" content=\"Startovac\u00ed pru\u017eina, 623-5901, BK# 730-7507, vhodn\u00e9 pro v\u011bt\u0161inu ATVS\" \/>\n<meta property=\"og:url\" content=\"https:\/\/europower-parts.cz\/product\/starter-spring-68\/\" \/>\n<meta property=\"og:site_name\" content=\"Europower Parts\" \/>\n<meta property=\"article:modified_time\" content=\"2025-10-30T23:01:15+00:00\" \/>\n<meta property=\"og:image\" content=\"https:\/\/europower-parts.cz\/wp-content\/uploads\/2024\/09\/045011.jpg\" \/>\n\t<meta property=\"og:image:width\" content=\"1000\" \/>\n\t<meta property=\"og:image:height\" content=\"1000\" \/>\n\t<meta property=\"og:image:type\" content=\"image\/jpeg\" \/>\n<meta name=\"twitter:card\" content=\"summary_large_image\" \/>\n<meta name=\"twitter:label1\" content=\"Odhadovan\u00e1 doba \u010dten\u00ed\" \/>\n\t<meta name=\"twitter:data1\" content=\"1 minuta\" \/>\n<script type=\"application\/ld+json\" class=\"yoast-schema-graph\">{\"@context\":\"https:\\\/\\\/schema.org\",\"@graph\":[{\"@type\":\"WebPage\",\"@id\":\"https:\\\/\\\/europower-parts.cz\\\/product\\\/starter-spring-68\\\/\",\"url\":\"https:\\\/\\\/europower-parts.cz\\\/product\\\/starter-spring-68\\\/\",\"name\":\"Starter Spring - Europower Parts\",\"isPartOf\":{\"@id\":\"https:\\\/\\\/europower-parts.cz\\\/#website\"},\"primaryImageOfPage\":{\"@id\":\"https:\\\/\\\/europower-parts.cz\\\/product\\\/starter-spring-68\\\/#primaryimage\"},\"image\":{\"@id\":\"https:\\\/\\\/europower-parts.cz\\\/product\\\/starter-spring-68\\\/#primaryimage\"},\"thumbnailUrl\":\"https:\\\/\\\/europower-parts.cz\\\/wp-content\\\/uploads\\\/2024\\\/09\\\/045011.jpg\",\"datePublished\":\"2024-07-16T09:22:27+00:00\",\"dateModified\":\"2025-10-30T23:01:15+00:00\",\"breadcrumb\":{\"@id\":\"https:\\\/\\\/europower-parts.cz\\\/product\\\/starter-spring-68\\\/#breadcrumb\"},\"inLanguage\":\"cs\",\"potentialAction\":[{\"@type\":\"ReadAction\",\"target\":[\"https:\\\/\\\/europower-parts.cz\\\/product\\\/starter-spring-68\\\/\"]}]},{\"@type\":\"ImageObject\",\"inLanguage\":\"cs\",\"@id\":\"https:\\\/\\\/europower-parts.cz\\\/product\\\/starter-spring-68\\\/#primaryimage\",\"url\":\"https:\\\/\\\/europower-parts.cz\\\/wp-content\\\/uploads\\\/2024\\\/09\\\/045011.jpg\",\"contentUrl\":\"https:\\\/\\\/europower-parts.cz\\\/wp-content\\\/uploads\\\/2024\\\/09\\\/045011.jpg\",\"width\":1000,\"height\":1000,\"caption\":\"045011\"},{\"@type\":\"BreadcrumbList\",\"@id\":\"https:\\\/\\\/europower-parts.cz\\\/product\\\/starter-spring-68\\\/#breadcrumb\",\"itemListElement\":[{\"@type\":\"ListItem\",\"position\":1,\"name\":\"Home\",\"item\":\"https:\\\/\\\/europower-parts.cz\\\/cs\\\/\"},{\"@type\":\"ListItem\",\"position\":2,\"name\":\"Obchod\",\"item\":\"https:\\\/\\\/europower-parts.cz\\\/cs\\\/obchod\\\/\"},{\"@type\":\"ListItem\",\"position\":3,\"name\":\"Starter Spring\"}]},{\"@type\":\"WebSite\",\"@id\":\"https:\\\/\\\/europower-parts.cz\\\/#website\",\"url\":\"https:\\\/\\\/europower-parts.cz\\\/\",\"name\":\"Europower Parts\",\"description\":\"\",\"publisher\":{\"@id\":\"https:\\\/\\\/europower-parts.cz\\\/#organization\"},\"potentialAction\":[{\"@type\":\"SearchAction\",\"target\":{\"@type\":\"EntryPoint\",\"urlTemplate\":\"https:\\\/\\\/europower-parts.cz\\\/?s={search_term_string}\"},\"query-input\":{\"@type\":\"PropertyValueSpecification\",\"valueRequired\":true,\"valueName\":\"search_term_string\"}}],\"inLanguage\":\"cs\"},{\"@type\":\"Organization\",\"@id\":\"https:\\\/\\\/europower-parts.cz\\\/#organization\",\"name\":\"Europower Industries s.r.o.\",\"url\":\"https:\\\/\\\/europower-parts.cz\\\/\",\"logo\":{\"@type\":\"ImageObject\",\"inLanguage\":\"cs\",\"@id\":\"https:\\\/\\\/europower-parts.cz\\\/#\\\/schema\\\/logo\\\/image\\\/\",\"url\":\"https:\\\/\\\/europower-parts.cz\\\/wp-content\\\/uploads\\\/2024\\\/09\\\/europower-logo.svg\",\"contentUrl\":\"https:\\\/\\\/europower-parts.cz\\\/wp-content\\\/uploads\\\/2024\\\/09\\\/europower-logo.svg\",\"caption\":\"Europower Industries s.r.o.\"},\"image\":{\"@id\":\"https:\\\/\\\/europower-parts.cz\\\/#\\\/schema\\\/logo\\\/image\\\/\"}}]}<\/script>\n<!-- \/ Yoast SEO plugin. -->","yoast_head_json":{"title":"Starter Spring - Europower Parts","robots":{"index":"index","follow":"follow","max-snippet":"max-snippet:-1","max-image-preview":"max-image-preview:large","max-video-preview":"max-video-preview:-1"},"canonical":"https:\/\/europower-parts.cz\/product\/starter-spring-68\/","og_locale":"cs_CZ","og_type":"article","og_title":"Starter Spring - Europower Parts","og_description":"Startovac\u00ed pru\u017eina, 623-5901, BK# 730-7507, vhodn\u00e9 pro v\u011bt\u0161inu ATVS","og_url":"https:\/\/europower-parts.cz\/product\/starter-spring-68\/","og_site_name":"Europower Parts","article_modified_time":"2025-10-30T23:01:15+00:00","og_image":[{"width":1000,"height":1000,"url":"https:\/\/europower-parts.cz\/wp-content\/uploads\/2024\/09\/045011.jpg","type":"image\/jpeg"}],"twitter_card":"summary_large_image","twitter_misc":{"Odhadovan\u00e1 doba \u010dten\u00ed":"1 minuta"},"schema":{"@context":"https:\/\/schema.org","@graph":[{"@type":"WebPage","@id":"https:\/\/europower-parts.cz\/product\/starter-spring-68\/","url":"https:\/\/europower-parts.cz\/product\/starter-spring-68\/","name":"Starter Spring - Europower Parts","isPartOf":{"@id":"https:\/\/europower-parts.cz\/#website"},"primaryImageOfPage":{"@id":"https:\/\/europower-parts.cz\/product\/starter-spring-68\/#primaryimage"},"image":{"@id":"https:\/\/europower-parts.cz\/product\/starter-spring-68\/#primaryimage"},"thumbnailUrl":"https:\/\/europower-parts.cz\/wp-content\/uploads\/2024\/09\/045011.jpg","datePublished":"2024-07-16T09:22:27+00:00","dateModified":"2025-10-30T23:01:15+00:00","breadcrumb":{"@id":"https:\/\/europower-parts.cz\/product\/starter-spring-68\/#breadcrumb"},"inLanguage":"cs","potentialAction":[{"@type":"ReadAction","target":["https:\/\/europower-parts.cz\/product\/starter-spring-68\/"]}]},{"@type":"ImageObject","inLanguage":"cs","@id":"https:\/\/europower-parts.cz\/product\/starter-spring-68\/#primaryimage","url":"https:\/\/europower-parts.cz\/wp-content\/uploads\/2024\/09\/045011.jpg","contentUrl":"https:\/\/europower-parts.cz\/wp-content\/uploads\/2024\/09\/045011.jpg","width":1000,"height":1000,"caption":"045011"},{"@type":"BreadcrumbList","@id":"https:\/\/europower-parts.cz\/product\/starter-spring-68\/#breadcrumb","itemListElement":[{"@type":"ListItem","position":1,"name":"Home","item":"https:\/\/europower-parts.cz\/cs\/"},{"@type":"ListItem","position":2,"name":"Obchod","item":"https:\/\/europower-parts.cz\/cs\/obchod\/"},{"@type":"ListItem","position":3,"name":"Starter Spring"}]},{"@type":"WebSite","@id":"https:\/\/europower-parts.cz\/#website","url":"https:\/\/europower-parts.cz\/","name":"Europower Parts","description":"","publisher":{"@id":"https:\/\/europower-parts.cz\/#organization"},"potentialAction":[{"@type":"SearchAction","target":{"@type":"EntryPoint","urlTemplate":"https:\/\/europower-parts.cz\/?s={search_term_string}"},"query-input":{"@type":"PropertyValueSpecification","valueRequired":true,"valueName":"search_term_string"}}],"inLanguage":"cs"},{"@type":"Organization","@id":"https:\/\/europower-parts.cz\/#organization","name":"Europower Industries s.r.o.","url":"https:\/\/europower-parts.cz\/","logo":{"@type":"ImageObject","inLanguage":"cs","@id":"https:\/\/europower-parts.cz\/#\/schema\/logo\/image\/","url":"https:\/\/europower-parts.cz\/wp-content\/uploads\/2024\/09\/europower-logo.svg","contentUrl":"https:\/\/europower-parts.cz\/wp-content\/uploads\/2024\/09\/europower-logo.svg","caption":"Europower Industries s.r.o."},"image":{"@id":"https:\/\/europower-parts.cz\/#\/schema\/logo\/image\/"}}]}},"_links":{"self":[{"href":"https:\/\/europower-parts.cz\/cs\/wp-json\/wp\/v2\/product\/9202","targetHints":{"allow":["GET"]}}],"collection":[{"href":"https:\/\/europower-parts.cz\/cs\/wp-json\/wp\/v2\/product"}],"about":[{"href":"https:\/\/europower-parts.cz\/cs\/wp-json\/wp\/v2\/types\/product"}],"replies":[{"embeddable":true,"href":"https:\/\/europower-parts.cz\/cs\/wp-json\/wp\/v2\/comments?post=9202"}],"wp:featuredmedia":[{"embeddable":true,"href":"https:\/\/europower-parts.cz\/cs\/wp-json\/wp\/v2\/media\/13539"}],"wp:attachment":[{"href":"https:\/\/europower-parts.cz\/cs\/wp-json\/wp\/v2\/media?parent=9202"}],"wp:term":[{"taxonomy":"product_brand","embeddable":true,"href":"https:\/\/europower-parts.cz\/cs\/wp-json\/wp\/v2\/product_brand?post=9202"},{"taxonomy":"product_cat","embeddable":true,"href":"https:\/\/europower-parts.cz\/cs\/wp-json\/wp\/v2\/product_cat?post=9202"},{"taxonomy":"product_tag","embeddable":true,"href":"https:\/\/europower-parts.cz\/cs\/wp-json\/wp\/v2\/product_tag?post=9202"}],"curies":[{"name":"wp","href":"https:\/\/api.w.org\/{rel}","templated":true}]}}